{"id":1139,"date":"2022-09-02T17:57:55","date_gmt":"2022-09-02T22:57:55","guid":{"rendered":"http:\/\/www.ihara-us.com\/wordpress\/?post_type=product&#038;p=1139"},"modified":"2023-10-10T18:40:16","modified_gmt":"2023-10-10T23:40:16","slug":"10x-white-led-lighted-loupe","status":"publish","type":"product","link":"https:\/\/iharaus.com\/es\/producto\/10x-white-led-lighted-loupe\/","title":{"rendered":"Lupa con luz LED blanca 10X"},"content":{"rendered":"<p><strong>Parte #IH-OPT-LSL10L-M<\/strong><\/p>\n<p>Esta resistente lupa con iluminaci\u00f3n LED de 10 aumentos es n\u00edtida, brillante y clara. El enfoque ajustable junto con la iluminaci\u00f3n de 8 LED blancos proporcionan una imagen detallada. Esta lupa vers\u00e1til utiliza cuatro pilas tipo bot\u00f3n A9.<\/p>\n<h4 align=\"left\"><strong>Caracter\u00edsticas clave:<\/strong><\/h4>\n<div align=\"left\">\n<ul>\n<li>aumento 10X<\/li>\n<li>Escala en mil\u00edmetros, incrementos de 0,1 mm<\/li>\n<li>Enfoque ajustable<\/li>\n<li>LED iluminado con sistema de lentes internas asf\u00e9ricas<\/li>\n<li>\u00d3ptica excelente, s\u00faper n\u00edtida y cristalina.<\/li>\n<li>8 LED blancos<\/li>\n<li>Utiliza 4 pilas tipo moneda AG9 (incluidas)<\/li>\n<li>Tapa de lente y estuche protector incluidos<\/li>\n<\/ul>\n<p>&nbsp;<\/p>\n<p><strong>Especificaciones del producto<\/strong><\/p>\n<ul>\n<li>Ampliaci\u00f3n: 10X<\/li>\n<li>Campo de visi\u00f3n: 25 mm<\/li>\n<li>Enfoque: Ajustable<\/li>\n<li>Lente: Sistema de lentes internas asf\u00e9ricas<\/li>\n<li>Material: carcasa de pl\u00e1stico<\/li>\n<li>Ret\u00edculas: 20 mm, intervalos de 0,1 mm (otras ret\u00edculas disponibles bajo pedido)<\/li>\n<li>Dimensiones: Aproximadamente 2.0\u2033 x 2.0\u2033 x 2.8\u2033<\/li>\n<li>Fuente de luz: 8 LED blancos<\/li>\n<li>Peso: Aproximadamente 0,17 l<\/li>\n<li>Bater\u00edas: 4 bater\u00edas tipo moneda AG9 (incluidas)<\/li>\n<li>Fabricado Origen: China<\/li>\n<\/ul>\n<p>&nbsp;<\/p>\n<p><strong>\u00bfQue esta incluido?<\/strong><\/p>\n<\/div>\n<ul>\n<li>Lupa con luz LED 10X (pilas incluidas)<\/li>\n<li>Estuche protector<\/li>\n<li>Cubierta de la lente<\/li>\n<\/ul>\n<hr \/>\n<p>&nbsp;<\/p>\n<h3><strong>Cartilla de lupa:<\/strong><\/h3>\n<ol>\n<li><strong>Poder de aumento<\/strong> (p. ej., 2x, 5x, 10x): el poder de ampliaci\u00f3n se refiere a cu\u00e1nto m\u00e1s grande parece un objeto cuando se ve a trav\u00e9s de la lupa en comparaci\u00f3n con su tama\u00f1o real. Por ejemplo, una lupa de 5x har\u00e1 que un objeto se vea cinco veces m\u00e1s grande que su tama\u00f1o original. Los valores de aumento m\u00e1s altos generalmente brindan m\u00e1s ampliaci\u00f3n, pero pueden tener un campo de visi\u00f3n m\u00e1s peque\u00f1o y requieren que el objeto se sostenga m\u00e1s cerca de la lente.<\/li>\n<li><strong>Di\u00e1metro de la lente<\/strong> (p. ej., 50 mm, 75 mm, 100 mm): el di\u00e1metro de la lente es el tama\u00f1o de la lupa circular. Un di\u00e1metro de lente m\u00e1s grande permite que pase m\u00e1s luz y proporciona un campo de visi\u00f3n m\u00e1s amplio. Puede ser m\u00e1s c\u00f3modo de usar, especialmente al leer grandes porciones de texto.<\/li>\n<li><strong>Longitud focal<\/strong> (p. ej., 100 mm, 150 mm): la distancia focal es la distancia entre la lente y el objeto que se ve cuando aparece enfocado. Una distancia focal m\u00e1s corta significa que debe sostener la lupa m\u00e1s cerca del objeto para lograr el enfoque, mientras que una distancia focal m\u00e1s larga requiere una distancia mayor.<\/li>\n<li><strong>Tipo de lente<\/strong>: Algunas lupas utilizan diferentes tipos de lentes, como lentes convexas o biconvexas. Los lentes convexos sobresalen hacia afuera y se usan com\u00fanmente para lupas, mientras que los lentes biconvexos son m\u00e1s gruesos en el medio que en los bordes.<\/li>\n<li><strong>Material de la lente<\/strong>: El material de la lente puede afectar la claridad y la calidad \u00f3ptica de la lupa. Los materiales de lentes comunes incluyen vidrio, acr\u00edlico y policarbonato. El vidrio tiende a brindar la mejor calidad \u00f3ptica, pero puede ser m\u00e1s pesado que el acr\u00edlico o el policarbonato.<\/li>\n<li><strong>Mango o soporte<\/strong>: Algunas lupas vienen con un mango para uso manual, mientras que otras tienen un soporte incorporado para visualizaci\u00f3n con manos libres. Elija el que se adapte a su aplicaci\u00f3n y comodidad previstas.<\/li>\n<li><strong>Iluminaci\u00f3n<\/strong>: Muchas lupas tienen iluminaci\u00f3n incorporada para mejorar la visibilidad, especialmente en condiciones de poca luz. Los tipos de iluminaci\u00f3n comunes incluyen luces LED. Algunas lupas pueden tener niveles de brillo ajustables.<\/li>\n<li>\n<div class=\"flex-1 overflow-hidden\">\n<div class=\"react-scroll-to-bottom--css-tvpqc-79elbk h-full dark:bg-gray-800\">\n<div class=\"react-scroll-to-bottom--css-tvpqc-1n7m0yu\">\n<div class=\"flex flex-col text-sm dark:bg-gray-800\">\n<div class=\"group w-full text-gray-800 dark:text-gray-100 border-b border-black\/10 dark:border-gray-900\/50 bg-gray-50 dark:bg-[#444654]\">\n<div class=\"flex p-4 gap-4 text-base md:gap-6 md:max-w-2xl lg:max-w-[38rem] xl:max-w-3xl md:py-6 lg:px-0 m-auto\">\n<div class=\"relative flex w-[calc(100%-50px)] flex-col gap-1 md:gap-3 lg:w-[calc(100%-115px)]\">\n<div class=\"flex flex-grow flex-col gap-3\">\n<div class=\"min-h-[20px] flex items-start overflow-x-auto whitespace-pre-wrap break-words\">\n<div class=\"markdown prose w-full break-words dark:prose-invert light\">\n<p><strong>Campo de visi\u00f3n:<\/strong>\u00a0 Esta es otra especificaci\u00f3n importante al interpretar las lupas. Se refiere al \u00e1rea o tama\u00f1o del objeto que se puede ver a trav\u00e9s de la lupa sin tener que moverlo o cambiar el enfoque.<\/p>\n<p>Un campo de visi\u00f3n m\u00e1s grande significa que puede ver un \u00e1rea m\u00e1s amplia del objeto a la vez sin necesidad de mover tanto la lupa. Esto puede ser beneficioso para tareas que requieren escanear o leer porciones m\u00e1s grandes de texto o ver porciones m\u00e1s significativas de un objeto.<\/p>\n<p>Por otro lado, un campo de visi\u00f3n m\u00e1s peque\u00f1o proporciona una mayor ampliaci\u00f3n pero restringe la cantidad de objeto visible a la vez. Esto puede ser \u00fatil para tareas que requieren una inspecci\u00f3n minuciosa de peque\u00f1os detalles.<\/p>\n<p>Al elegir una lupa, tenga en cuenta el equilibrio entre la potencia de aumento y el campo de visi\u00f3n. La gran ampliaci\u00f3n generalmente se produce a expensas de un campo de visi\u00f3n m\u00e1s estrecho, por lo que deber\u00e1 encontrar un compromiso adecuado en funci\u00f3n de las tareas espec\u00edficas que realizar\u00e1.<\/p>\n<p>Adem\u00e1s, vale la pena se\u00f1alar que la distancia de trabajo (distancia entre la lupa y el objeto que se est\u00e1 viendo) tambi\u00e9n puede afectar el campo de visi\u00f3n. A medida que aumenta la ampliaci\u00f3n, la distancia de trabajo puede disminuir, lo que reduce el campo de visi\u00f3n.<\/p>\n<p>El campo de visi\u00f3n se menciona a menudo en las especificaciones del producto proporcionadas por el fabricante. Puede describirse en medidas absolutas (p. ej., pulgadas o mil\u00edmetros) o como un \u00e1ngulo (p. ej., grados). Si la descripci\u00f3n del producto no menciona expl\u00edcitamente el campo de visi\u00f3n, generalmente puede deducirlo en funci\u00f3n de la potencia de aumento y el di\u00e1metro de la lente, teniendo en cuenta que un mayor aumento generalmente significa un campo de visi\u00f3n m\u00e1s peque\u00f1o.<\/p>\n<\/div>\n<\/div>\n<\/div>\n<\/div>\n<\/div>\n<\/div>\n<\/div>\n<\/div>\n<\/div>\n<\/div>\n<\/li>\n<\/ol>","protected":false},"excerpt":{"rendered":"<ul>\n<li><strong>Aumento<\/strong><\/li>\n<li>10X<\/li>\n<li><strong>Enfocar<\/strong><\/li>\n<li>Ajustable<\/li>\n<li><strong>Iluminaci\u00f3n<\/strong><\/li>\n<li>8 LED blancos<\/li>\n<li><strong>Dimensiones<\/strong><\/li>\n<li>6,5 cm (alto) x 4,5 cm (di\u00e1metro)<\/li>\n<li><strong>Tipo de Bater\u00eda<\/strong><\/li>\n<li>4 pilas tipo bot\u00f3n AG9<\/li>\n<li><strong>Campo de visi\u00f3n<\/strong><\/li>\n<li>30 mm<\/li>\n<li><strong>ret\u00edculas<\/strong><\/li>\n<li>11 mm, incrementos de 0,1 m<\/li>\n<li><strong>Peso<\/strong><\/li>\n<li>Lupa: 120 g, con Envase: 180g<\/li>\n<\/ul>","protected":false},"featured_media":1146,"comment_status":"open","ping_status":"closed","template":"","meta":{"ocean_post_layout":"","ocean_both_sidebars_style":"","ocean_both_sidebars_content_width":0,"ocean_both_sidebars_sidebars_width":0,"ocean_sidebar":"0","ocean_second_sidebar":"0","ocean_disable_margins":"enable","ocean_add_body_class":"","ocean_shortcode_before_top_bar":"","ocean_shortcode_after_top_bar":"","ocean_shortcode_before_header":"","ocean_shortcode_after_header":"","ocean_has_shortcode":"","ocean_shortcode_after_title":"","ocean_shortcode_before_footer_widgets":"","ocean_shortcode_after_footer_widgets":"","ocean_shortcode_before_footer_bottom":"","ocean_shortcode_after_footer_bottom":"","ocean_display_top_bar":"default","ocean_display_header":"default","ocean_header_style":"","ocean_center_header_left_menu":"0","ocean_custom_header_template":"0","ocean_custom_logo":0,"ocean_custom_retina_logo":0,"ocean_custom_logo_max_width":0,"ocean_custom_logo_tablet_max_width":0,"ocean_custom_logo_mobile_max_width":0,"ocean_custom_logo_max_height":0,"ocean_custom_logo_tablet_max_height":0,"ocean_custom_logo_mobile_max_height":0,"ocean_header_custom_menu":"0","ocean_menu_typo_font_family":"0","ocean_menu_typo_font_subset":"","ocean_menu_typo_font_size":0,"ocean_menu_typo_font_size_tablet":0,"ocean_menu_typo_font_size_mobile":0,"ocean_menu_typo_font_size_unit":"px","ocean_menu_typo_font_weight":"","ocean_menu_typo_font_weight_tablet":"","ocean_menu_typo_font_weight_mobile":"","ocean_menu_typo_transform":"","ocean_menu_typo_transform_tablet":"","ocean_menu_typo_transform_mobile":"","ocean_menu_typo_line_height":0,"ocean_menu_typo_line_height_tablet":0,"ocean_menu_typo_line_height_mobile":0,"ocean_menu_typo_line_height_unit":"","ocean_menu_typo_spacing":0,"ocean_menu_typo_spacing_tablet":0,"ocean_menu_typo_spacing_mobile":0,"ocean_menu_typo_spacing_unit":"","ocean_menu_link_color":"","ocean_menu_link_color_hover":"","ocean_menu_link_color_active":"","ocean_menu_link_background":"","ocean_menu_link_hover_background":"","ocean_menu_link_active_background":"","ocean_menu_social_links_bg":"","ocean_menu_social_hover_links_bg":"","ocean_menu_social_links_color":"","ocean_menu_social_hover_links_color":"","ocean_disable_title":"default","ocean_disable_heading":"default","ocean_post_title":"","ocean_post_subheading":"","ocean_post_title_style":"","ocean_post_title_background_color":"","ocean_post_title_background":0,"ocean_post_title_bg_image_position":"","ocean_post_title_bg_image_attachment":"","ocean_post_title_bg_image_repeat":"","ocean_post_title_bg_image_size":"","ocean_post_title_height":0,"ocean_post_title_bg_overlay":0.5,"ocean_post_title_bg_overlay_color":"","ocean_disable_breadcrumbs":"default","ocean_breadcrumbs_color":"","ocean_breadcrumbs_separator_color":"","ocean_breadcrumbs_links_color":"","ocean_breadcrumbs_links_hover_color":"","ocean_display_footer_widgets":"default","ocean_display_footer_bottom":"default","ocean_custom_footer_template":"0"},"product_cat":[49],"product_tag":[57,55,56,58],"class_list":{"0":"post-1139","1":"product","2":"type-product","3":"status-publish","4":"has-post-thumbnail","5":"hentry","6":"product_cat-optics-loupes-magnifiers","7":"product_tag-10x","8":"product_tag-10x-loupes","9":"product_tag-loupes","10":"product_tag-magnifiers","12":"entry","13":"has-media","14":"owp-thumbs-layout-horizontal","15":"owp-btn-normal","16":"owp-tabs-layout-horizontal","17":"has-product-nav"},"_links":{"self":[{"href":"https:\/\/iharaus.com\/es\/wp-json\/wp\/v2\/product\/1139","targetHints":{"allow":["GET"]}}],"collection":[{"href":"https:\/\/iharaus.com\/es\/wp-json\/wp\/v2\/product"}],"about":[{"href":"https:\/\/iharaus.com\/es\/wp-json\/wp\/v2\/types\/product"}],"replies":[{"embeddable":true,"href":"https:\/\/iharaus.com\/es\/wp-json\/wp\/v2\/comments?post=1139"}],"wp:featuredmedia":[{"embeddable":true,"href":"https:\/\/iharaus.com\/es\/wp-json\/wp\/v2\/media\/1146"}],"wp:attachment":[{"href":"https:\/\/iharaus.com\/es\/wp-json\/wp\/v2\/media?parent=1139"}],"wp:term":[{"taxonomy":"product_cat","embeddable":true,"href":"https:\/\/iharaus.com\/es\/wp-json\/wp\/v2\/product_cat?post=1139"},{"taxonomy":"product_tag","embeddable":true,"href":"https:\/\/iharaus.com\/es\/wp-json\/wp\/v2\/product_tag?post=1139"}],"curies":[{"name":"wp","href":"https:\/\/api.w.org\/{rel}","templated":true}]}}