{"id":1190,"date":"2022-09-23T12:26:05","date_gmt":"2022-09-23T17:26:05","guid":{"rendered":"http:\/\/www.ihara-us.com\/wordpress\/?post_type=product&#038;p=1190"},"modified":"2023-01-31T12:25:16","modified_gmt":"2023-01-31T17:25:16","slug":"pocket-thickness-gauge","status":"publish","type":"product","link":"https:\/\/iharaus.com\/es\/producto\/pocket-thickness-gauge\/","title":{"rendered":"Medidor de espesor de bolsillo"},"content":{"rendered":"<div class=\"relatedLinks\">\n<p align=\"left\">Parte #<br \/>\nMIS-PTG (pulgadas)<br \/>\nMIS-PTGM (m\u00e9trico)<\/p>\n<h4 align=\"left\"><strong><em>\u00a1Una necesidad en cada planta!<\/em><\/strong><\/h4>\n<p align=\"left\">Un calibre de bolsillo econ\u00f3mico para medir el grosor del papel, pel\u00edculas de poli\u00e9ster, hojas de embalaje de prensa y mantillas offset.<\/p>\n<div align=\"left\">\n<ul>\n<li>Husillo de acero templado<\/li>\n<li>Ajuste de cero r\u00e1pido y sencillo<\/li>\n<li>Marco ligero resistente a la corrosi\u00f3n<\/li>\n<li>Disponible en pulgadas o escala m\u00e9trica<\/li>\n<li>Incluye estuche de almacenamiento r\u00edgido<\/li>\n<\/ul>\n<\/div>\n<p align=\"left\"><strong>Rango:<\/strong><\/p>\n<p align=\"left\">MIS-PTG: 0 a 0,5\u2033, incremento de 0,001\u2033.<\/p>\n<p align=\"left\">MIS-PTGM: 0 a 10 mm, incremento de 0,01 mm.<\/p>\n<p align=\"left\"><strong>Garant\u00eda limitada:<\/strong>\u00a090 dias<\/p>\n<p>&nbsp;<\/p>\n<table border=\"0\" width=\"100%\" cellspacing=\"0\" cellpadding=\"0\">\n<tbody>\n<tr>\n<td><\/td>\n<td><\/td>\n<\/tr>\n<\/tbody>\n<\/table>\n<\/div>","protected":false},"excerpt":{"rendered":"<h2>Especificaciones del producto<\/h2>\n<h3>Art\u00edculo<\/h3>\n<p>Medidor de espesor de bolsillo<\/p>\n<h3>Parte #<\/h3>\n<p>MIS-PTG (pulgadas)<br \/>\nMIS-PTGM (m\u00e9trico)<\/p>\n<h3>Material<\/h3>\n<p>Base Met\u00e1lica<\/p>\n<h3>ret\u00edculas<\/h3>\n<p>No<\/p>\n<h3>Dimensiones<\/h3>\n<p>N \/ A<\/p>\n<h3>Bater\u00edas<\/h3>\n<p>N \/ A<\/p>\n<h3>Accesorios<\/h3>\n<p>Bolsa protectora<\/p>","protected":false},"featured_media":1192,"comment_status":"open","ping_status":"closed","template":"","meta":{"ocean_post_layout":"","ocean_both_sidebars_style":"","ocean_both_sidebars_content_width":0,"ocean_both_sidebars_sidebars_width":0,"ocean_sidebar":"0","ocean_second_sidebar":"0","ocean_disable_margins":"enable","ocean_add_body_class":"","ocean_shortcode_before_top_bar":"","ocean_shortcode_after_top_bar":"","ocean_shortcode_before_header":"","ocean_shortcode_after_header":"","ocean_has_shortcode":"","ocean_shortcode_after_title":"","ocean_shortcode_before_footer_widgets":"","ocean_shortcode_after_footer_widgets":"","ocean_shortcode_before_footer_bottom":"","ocean_shortcode_after_footer_bottom":"","ocean_display_top_bar":"default","ocean_display_header":"default","ocean_header_style":"","ocean_center_header_left_menu":"0","ocean_custom_header_template":"0","ocean_custom_logo":0,"ocean_custom_retina_logo":0,"ocean_custom_logo_max_width":0,"ocean_custom_logo_tablet_max_width":0,"ocean_custom_logo_mobile_max_width":0,"ocean_custom_logo_max_height":0,"ocean_custom_logo_tablet_max_height":0,"ocean_custom_logo_mobile_max_height":0,"ocean_header_custom_menu":"0","ocean_menu_typo_font_family":"0","ocean_menu_typo_font_subset":"","ocean_menu_typo_font_size":0,"ocean_menu_typo_font_size_tablet":0,"ocean_menu_typo_font_size_mobile":0,"ocean_menu_typo_font_size_unit":"px","ocean_menu_typo_font_weight":"","ocean_menu_typo_font_weight_tablet":"","ocean_menu_typo_font_weight_mobile":"","ocean_menu_typo_transform":"","ocean_menu_typo_transform_tablet":"","ocean_menu_typo_transform_mobile":"","ocean_menu_typo_line_height":0,"ocean_menu_typo_line_height_tablet":0,"ocean_menu_typo_line_height_mobile":0,"ocean_menu_typo_line_height_unit":"","ocean_menu_typo_spacing":0,"ocean_menu_typo_spacing_tablet":0,"ocean_menu_typo_spacing_mobile":0,"ocean_menu_typo_spacing_unit":"","ocean_menu_link_color":"","ocean_menu_link_color_hover":"","ocean_menu_link_color_active":"","ocean_menu_link_background":"","ocean_menu_link_hover_background":"","ocean_menu_link_active_background":"","ocean_menu_social_links_bg":"","ocean_menu_social_hover_links_bg":"","ocean_menu_social_links_color":"","ocean_menu_social_hover_links_color":"","ocean_disable_title":"default","ocean_disable_heading":"default","ocean_post_title":"","ocean_post_subheading":"","ocean_post_title_style":"","ocean_post_title_background_color":"","ocean_post_title_background":0,"ocean_post_title_bg_image_position":"","ocean_post_title_bg_image_attachment":"","ocean_post_title_bg_image_repeat":"","ocean_post_title_bg_image_size":"","ocean_post_title_height":0,"ocean_post_title_bg_overlay":0.5,"ocean_post_title_bg_overlay_color":"","ocean_disable_breadcrumbs":"default","ocean_breadcrumbs_color":"","ocean_breadcrumbs_separator_color":"","ocean_breadcrumbs_links_color":"","ocean_breadcrumbs_links_hover_color":"","ocean_display_footer_widgets":"default","ocean_display_footer_bottom":"default","ocean_custom_footer_template":"0"},"product_cat":[50],"product_tag":[66,67,68,65],"class_list":{"0":"post-1190","1":"product","2":"type-product","3":"status-publish","4":"has-post-thumbnail","5":"hentry","6":"product_cat-thickness-gauges","7":"product_tag-gauge","8":"product_tag-micrometer","9":"product_tag-paper","10":"product_tag-thickness","12":"entry","13":"has-media","14":"owp-thumbs-layout-horizontal","15":"owp-btn-normal","16":"owp-tabs-layout-horizontal","17":"has-product-nav"},"_links":{"self":[{"href":"https:\/\/iharaus.com\/es\/wp-json\/wp\/v2\/product\/1190","targetHints":{"allow":["GET"]}}],"collection":[{"href":"https:\/\/iharaus.com\/es\/wp-json\/wp\/v2\/product"}],"about":[{"href":"https:\/\/iharaus.com\/es\/wp-json\/wp\/v2\/types\/product"}],"replies":[{"embeddable":true,"href":"https:\/\/iharaus.com\/es\/wp-json\/wp\/v2\/comments?post=1190"}],"wp:featuredmedia":[{"embeddable":true,"href":"https:\/\/iharaus.com\/es\/wp-json\/wp\/v2\/media\/1192"}],"wp:attachment":[{"href":"https:\/\/iharaus.com\/es\/wp-json\/wp\/v2\/media?parent=1190"}],"wp:term":[{"taxonomy":"product_cat","embeddable":true,"href":"https:\/\/iharaus.com\/es\/wp-json\/wp\/v2\/product_cat?post=1190"},{"taxonomy":"product_tag","embeddable":true,"href":"https:\/\/iharaus.com\/es\/wp-json\/wp\/v2\/product_tag?post=1190"}],"curies":[{"name":"wp","href":"https:\/\/api.w.org\/{rel}","templated":true}]}}