{"id":148,"date":"2021-07-15T16:05:54","date_gmt":"2021-07-15T21:05:54","guid":{"rendered":"http:\/\/www.ihara-us.com\/wordpress\/?post_type=product&#038;p=148"},"modified":"2023-08-11T11:29:43","modified_gmt":"2023-08-11T16:29:43","slug":"t5-plus","status":"publish","type":"product","link":"https:\/\/iharaus.com\/es\/producto\/t5-plus\/","title":{"rendered":"Densit\u00f3metro de transmisi\u00f3n en blanco y negro T5 Plus"},"content":{"rendered":"<h3>Alto rendimiento con funciones de medici\u00f3n vers\u00e1tiles<\/h3>\n<p>El T5 Plus es un densit\u00f3metro de transmisi\u00f3n en blanco y negro de alto rendimiento. Mide densidad, punto% y transmitancia% (opacidad) en pel\u00edcula, vidrio, pl\u00e1stico, revestimiento y resina, etc. Adem\u00e1s, la mesa de luz integrada permite un posicionamiento preciso. Este instrumento mide una densidad de hasta 6.0D y tiene la capacidad de &quot;coincidir&quot; con las lecturas de otros fabricantes de instrumentos.<\/p>\n<p>El modelo est\u00e1ndar mide hasta 3,0 mm de espesor. P\u00f3ngase en contacto con nosotros si su aplicaci\u00f3n requiere un mayor espesor.<\/p>\n<h3><\/h3>\n<h3>Simplicidad con interfaz intuitiva<\/h3>\n<p>El T5 Plus tiene una interfaz de usuario operativa simple que requiere poca o ninguna experiencia previa. El usuario simplemente se desplaza hasta la medida deseada y sigue el mensaje autoguiado.<\/p>\n<p>&nbsp;<\/p>\n<p><strong>Los accesorios incluyen:<\/strong><\/p>\n<ul>\n<li>Operaci\u00f3n manual<\/li>\n<li>Est\u00e1ndar de calibraci\u00f3n<\/li>\n<li>Pel\u00edcula de precisi\u00f3n<\/li>\n<li>Aberturas de medici\u00f3n (3,0 mm instaladas, 2,0 mm y 1,0 mm)<\/li>\n<li>Adaptador de CA<\/li>\n<li>Software y cable de comunicaci\u00f3n en serie, solo sistema operativo Windows (opcional)<\/li>\n<li>Estuche protector de transporte resistente con clasificaci\u00f3n IP-65 (opcional)<\/li>\n<\/ul>\n<p>&nbsp;<\/p>\n<p><strong>Garant\u00eda: <\/strong>Garant\u00eda limitada de 24 meses<\/p>\n<h3 style=\"text-align: left;\">Documentaci\u00f3n<\/h3>\n<table border=\"0\" width=\"100%\" cellspacing=\"0\" cellpadding=\"0\">\n<tbody>\n<tr>\n<td><img loading=\"lazy\" decoding=\"async\" src=\"http:\/\/www.ihara-us.com\/images\/pdf icon.gif\" alt=\"Adobe Acrobat\" width=\"29\" height=\"29\" \/><\/td>\n<td><a href=\"https:\/\/iharaus.com\/wp-content\/uploads\/2023\/05\/Ihara_T5_Plus_Transmission_Densitometer_Brochure.pdf\">Folleto<\/a><\/td>\n<\/tr>\n<tr>\n<td><\/td>\n<td><\/td>\n<\/tr>\n<\/tbody>\n<\/table>\n<p>&nbsp;<\/p>\n<h3><em><strong>\u00bfPor qu\u00e9 utilizar un densit\u00f3metro de transmisi\u00f3n?<\/strong><\/em><\/h3>\n<p>Un densit\u00f3metro de transmisi\u00f3n es un dispositivo que se utiliza para medir la densidad \u00f3ptica de materiales, incluidas pel\u00edculas de rayos X, pel\u00edculas fotogr\u00e1ficas, vidrio y otros materiales transl\u00facidos o transparentes. Al medir la densidad \u00f3ptica, se pueden evaluar varias propiedades y caracter\u00edsticas de estos materiales. Estos son algunos de los beneficios de usar un densit\u00f3metro de transmisi\u00f3n en diferentes materiales:<\/p>\n<ol>\n<li><strong>Control de calidad de la pel\u00edcula de rayos X:<\/strong> En radiograf\u00eda m\u00e9dica e industrial, la pel\u00edcula de rayos X se utiliza para capturar im\u00e1genes de estructuras internas. El uso de un densit\u00f3metro permite a los t\u00e9cnicos y radi\u00f3logos garantizar la calidad y consistencia de la pel\u00edcula, detectando cualquier defecto, variaci\u00f3n o artefacto que pueda afectar la precisi\u00f3n de las im\u00e1genes radiogr\u00e1ficas.<\/li>\n<li><strong>An\u00e1lisis de pel\u00edculas fotogr\u00e1ficas:<\/strong> En la fotograf\u00eda tradicional y la producci\u00f3n de pel\u00edculas, un densit\u00f3metro ayuda a los fot\u00f3grafos y cineastas a evaluar la calidad de sus im\u00e1genes. Al medir la densidad de diferentes \u00e1reas de la pel\u00edcula, pueden optimizar los ajustes de exposici\u00f3n, evaluar el revelado de la pel\u00edcula y garantizar resultados consistentes.<\/li>\n<li><strong>Procesamiento y revelado de pel\u00edculas:<\/strong> Tanto para pel\u00edculas de rayos X como fotogr\u00e1ficas, se puede usar un densit\u00f3metro para monitorear y controlar el proceso de revelado y procesamiento de la pel\u00edcula. Garantiza que la pel\u00edcula se procese correctamente, lo que conduce a resultados uniformes y reproducibles.<\/li>\n<li><strong>Evaluaci\u00f3n de la calidad del vidrio:<\/strong> Los densit\u00f3metros tambi\u00e9n se utilizan para evaluar la calidad \u00f3ptica de los materiales de vidrio. En industrias como la \u00f3ptica y la fabricaci\u00f3n de vidrio, medir la densidad de transmisi\u00f3n del vidrio puede ayudar a evaluar su claridad, homogeneidad y propiedades de transmisi\u00f3n de luz.<\/li>\n<li><strong>Control de Calidad en Impresi\u00f3n:<\/strong> Los densit\u00f3metros se utilizan en la industria de la impresi\u00f3n para calibrar la consistencia del color de la salida de la pel\u00edcula. Ayudan a lograr una reproducci\u00f3n precisa de los puntos y garantizan que el proceso de impresi\u00f3n se ajuste a los est\u00e1ndares especificados.<\/li>\n<li><strong>Investigaci\u00f3n y desarrollo:<\/strong> En la investigaci\u00f3n cient\u00edfica y el an\u00e1lisis de materiales, se puede utilizar un densit\u00f3metro para estudiar las propiedades \u00f3pticas de diversos materiales. Los investigadores pueden examinar c\u00f3mo los diferentes materiales interact\u00faan con la luz, lo cual es esencial en campos como la ciencia de los materiales y la qu\u00edmica.<\/li>\n<li><strong>Calibraci\u00f3n y Estandarizaci\u00f3n:<\/strong> Los densit\u00f3metros son cruciales para calibrar y estandarizar equipos de im\u00e1genes, como m\u00e1quinas de rayos X m\u00e9dicas y c\u00e1maras fotogr\u00e1ficas. Mediante el uso de mediciones de densidad estandarizadas, se pueden realizar comparaciones y evaluaciones entre diferentes dispositivos y configuraciones.<\/li>\n<\/ol>\n<p>En general, los beneficios de usar un densit\u00f3metro de transmisi\u00f3n incluyen mejorar la calidad del producto, optimizar los procesos, garantizar la consistencia y facilitar la investigaci\u00f3n y el desarrollo en varias industrias que dependen de las propiedades \u00f3pticas de los materiales.<\/p>","protected":false},"excerpt":{"rendered":"<ul>\n<li><strong>Funciones de medici\u00f3n<\/strong><\/li>\n<li>Densidad, \u00e1rea de puntos positivos %, \u00e1rea de puntos negativos %, transmitancia<\/li>\n<li><strong>Dise\u00f1o \u00d3ptico<\/strong><\/li>\n<li>ANSI PH2.19 (especular-difuso)<\/li>\n<li><strong>Respuesta del filtro<\/strong><\/li>\n<li>Visual<\/li>\n<li><strong>Repetibilidad<\/strong><\/li>\n<li>\u00b10,01D (a &lt;4,0D, apertura de 3 mm)<\/li>\n<li><strong>Informaci\u00f3n<\/strong><\/li>\n<li>Garant\u00eda limitada de 24 meses<\/li>\n<li><strong>Rango de medici\u00f3n<\/strong><\/li>\n<li>Densidad: 0.00D \u2013 6.00D<\/li>\n<li>\u00c1rea de puntos: 0% \u2013 100%<\/li>\n<li>Transmitancia 100% ~ 0.0001%<\/li>\n<li><strong>Acuerdo entre instrumentos<\/strong><\/li>\n<li>\u00b10,02D (a &lt;4,0D, apertura de 3 mm)<\/li>\n<li><strong>Fuente de luz<\/strong><\/li>\n<li>L\u00e1mpara hal\u00f3gena, aprox. 2856 \u00b0 K<\/li>\n<li><strong>Di\u00e1metro de apertura<\/strong><\/li>\n<li>3,0 mm, 2,0 mm, 1,0 mm<\/li>\n<li><strong>Detector<\/strong><\/li>\n<li>Filtro, fotodiodo incorporado<\/li>\n<li><strong>Mostrar<\/strong><\/li>\n<li>LCD de 8 caracteres<\/li>\n<li><strong>Fuente de alimentaci\u00f3n<\/strong><\/li>\n<li>Adaptador de CA 9V-500mA Bater\u00eda recargable incorporada 4.8V-800mAh<\/li>\n<li><strong>Tiempo de calentamiento<\/strong><\/li>\n<li>Ninguno<\/li>\n<li><strong>Calibraci\u00f3n<\/strong><\/li>\n<li>Operaci\u00f3n de puesta a cero de un toque. Calibraci\u00f3n de pendientes con pel\u00edcula de calibraci\u00f3n.<\/li>\n<li><strong>Correcci\u00f3n de flecos<\/strong><\/li>\n<li>Soportado<\/li>\n<li><strong>Clave operativa<\/strong><\/li>\n<li>Interruptor de medici\u00f3n de brazo entrelazado, 2 teclas de panel operativo<\/li>\n<li><strong>Temp. De funcionamiento Abarcar<\/strong><\/li>\n<li>41 \u00b0 F ~ 104 \u00b0 F (5 \u00b0 C ~ 40 \u00b0 C)<\/li>\n<li><strong>Control de sonido<\/strong><\/li>\n<li>Soportado<\/li>\n<li><strong>Temporizador de apagado autom\u00e1tico<\/strong><\/li>\n<li>Soportado<\/li>\n<li><strong>Dimensiones<\/strong><\/li>\n<li>Consola: 9,9\u2033 (L) x 4,1\u2033 (An) x 4,9\u2033 (Al) (251 mm x 103 mm x 125 mm)<\/li>\n<li>Mesa de luz: 3,1\u2033 x 2,8\u2033 (80 mm x 70 mm)<\/li>\n<li>Longitud del brazo de medici\u00f3n: 7,3\u2033 (185 mm)<\/li>\n<li><strong>Interfaz<\/strong><\/li>\n<li>Interfaz serie RS-232C para impresora (9600 bps, 8 bits de datos, sin paridad, 1 bit de parada)<\/li>\n<li><strong>Peso<\/strong><\/li>\n<li>Aproximadamente 1.200 g (incluida la bater\u00eda)<\/li>\n<\/ul>\n<p>&nbsp;<\/p>\n<h3 style=\"text-align: left;\">Documentaci\u00f3n<\/h3>\n<table border=\"0\" width=\"100%\" cellspacing=\"0\" cellpadding=\"0\">\n<tbody>\n<tr>\n<td><img loading=\"lazy\" decoding=\"async\" src=\"http:\/\/www.ihara-us.com\/images\/pdf icon.gif\" alt=\"Adobe Acrobat\" width=\"29\" height=\"29\" \/><\/td>\n<td><a href=\"https:\/\/iharaus.com\/wp-content\/uploads\/2023\/05\/Ihara_T5_Plus_Transmission_Densitometer_Brochure.pdf\">Folleto<\/a><\/td>\n<\/tr>\n<\/tbody>\n<\/table>\n<p>&nbsp;<\/p>\n<p>&nbsp;<\/p>","protected":false},"featured_media":1155,"comment_status":"open","ping_status":"closed","template":"","meta":{"ocean_post_layout":"","ocean_both_sidebars_style":"","ocean_both_sidebars_content_width":0,"ocean_both_sidebars_sidebars_width":0,"ocean_sidebar":"0","ocean_second_sidebar":"0","ocean_disable_margins":"enable","ocean_add_body_class":"","ocean_shortcode_before_top_bar":"","ocean_shortcode_after_top_bar":"","ocean_shortcode_before_header":"","ocean_shortcode_after_header":"","ocean_has_shortcode":"","ocean_shortcode_after_title":"","ocean_shortcode_before_footer_widgets":"","ocean_shortcode_after_footer_widgets":"","ocean_shortcode_before_footer_bottom":"","ocean_shortcode_after_footer_bottom":"","ocean_display_top_bar":"default","ocean_display_header":"default","ocean_header_style":"","ocean_center_header_left_menu":"0","ocean_custom_header_template":"0","ocean_custom_logo":0,"ocean_custom_retina_logo":0,"ocean_custom_logo_max_width":0,"ocean_custom_logo_tablet_max_width":0,"ocean_custom_logo_mobile_max_width":0,"ocean_custom_logo_max_height":0,"ocean_custom_logo_tablet_max_height":0,"ocean_custom_logo_mobile_max_height":0,"ocean_header_custom_menu":"0","ocean_menu_typo_font_family":"0","ocean_menu_typo_font_subset":"","ocean_menu_typo_font_size":0,"ocean_menu_typo_font_size_tablet":0,"ocean_menu_typo_font_size_mobile":0,"ocean_menu_typo_font_size_unit":"px","ocean_menu_typo_font_weight":"","ocean_menu_typo_font_weight_tablet":"","ocean_menu_typo_font_weight_mobile":"","ocean_menu_typo_transform":"","ocean_menu_typo_transform_tablet":"","ocean_menu_typo_transform_mobile":"","ocean_menu_typo_line_height":0,"ocean_menu_typo_line_height_tablet":0,"ocean_menu_typo_line_height_mobile":0,"ocean_menu_typo_line_height_unit":"","ocean_menu_typo_spacing":0,"ocean_menu_typo_spacing_tablet":0,"ocean_menu_typo_spacing_mobile":0,"ocean_menu_typo_spacing_unit":"","ocean_menu_link_color":"","ocean_menu_link_color_hover":"","ocean_menu_link_color_active":"","ocean_menu_link_background":"","ocean_menu_link_hover_background":"","ocean_menu_link_active_background":"","ocean_menu_social_links_bg":"","ocean_menu_social_hover_links_bg":"","ocean_menu_social_links_color":"","ocean_menu_social_hover_links_color":"","ocean_disable_title":"default","ocean_disable_heading":"default","ocean_post_title":"","ocean_post_subheading":"","ocean_post_title_style":"","ocean_post_title_background_color":"","ocean_post_title_background":0,"ocean_post_title_bg_image_position":"","ocean_post_title_bg_image_attachment":"","ocean_post_title_bg_image_repeat":"","ocean_post_title_bg_image_size":"","ocean_post_title_height":0,"ocean_post_title_bg_overlay":0.5,"ocean_post_title_bg_overlay_color":"","ocean_disable_breadcrumbs":"default","ocean_breadcrumbs_color":"","ocean_breadcrumbs_separator_color":"","ocean_breadcrumbs_links_color":"","ocean_breadcrumbs_links_hover_color":"","ocean_display_footer_widgets":"default","ocean_display_footer_bottom":"default","ocean_custom_footer_template":"0"},"product_cat":[30],"product_tag":[],"class_list":{"0":"post-148","1":"product","2":"type-product","3":"status-publish","4":"has-post-thumbnail","5":"hentry","6":"product_cat-densitometers","8":"entry","9":"has-media","10":"owp-thumbs-layout-horizontal","11":"owp-btn-normal","12":"owp-tabs-layout-horizontal","13":"has-product-nav"},"_links":{"self":[{"href":"https:\/\/iharaus.com\/es\/wp-json\/wp\/v2\/product\/148","targetHints":{"allow":["GET"]}}],"collection":[{"href":"https:\/\/iharaus.com\/es\/wp-json\/wp\/v2\/product"}],"about":[{"href":"https:\/\/iharaus.com\/es\/wp-json\/wp\/v2\/types\/product"}],"replies":[{"embeddable":true,"href":"https:\/\/iharaus.com\/es\/wp-json\/wp\/v2\/comments?post=148"}],"wp:featuredmedia":[{"embeddable":true,"href":"https:\/\/iharaus.com\/es\/wp-json\/wp\/v2\/media\/1155"}],"wp:attachment":[{"href":"https:\/\/iharaus.com\/es\/wp-json\/wp\/v2\/media?parent=148"}],"wp:term":[{"taxonomy":"product_cat","embeddable":true,"href":"https:\/\/iharaus.com\/es\/wp-json\/wp\/v2\/product_cat?post=148"},{"taxonomy":"product_tag","embeddable":true,"href":"https:\/\/iharaus.com\/es\/wp-json\/wp\/v2\/product_tag?post=148"}],"curies":[{"name":"wp","href":"https:\/\/api.w.org\/{rel}","templated":true}]}}