{"id":150,"date":"2021-07-15T16:16:16","date_gmt":"2021-07-15T21:16:16","guid":{"rendered":"http:\/\/www.ihara-us.com\/wordpress\/?post_type=product&#038;p=150"},"modified":"2023-03-19T00:09:11","modified_gmt":"2023-03-19T05:09:11","slug":"um-02-digital-usb-microscope","status":"publish","type":"product","link":"https:\/\/iharaus.com\/es\/producto\/um-02-digital-usb-microscope\/","title":{"rendered":"Microscopio USB digital UM-02"},"content":{"rendered":"<p>El microscopio USB digital Ihara UM-02 es ultracompacto y multivers\u00e1til. Tiene un sensor de imagen CMOS de 2 millones de p\u00edxeles, control de enfoque ajustable e iluminaci\u00f3n LED ajustable para brindar la imagen m\u00e1s n\u00edtida con una claridad excelente. El UM-02 se puede utilizar como microscopio digital, c\u00e1mara, grabadora de video y c\u00e1mara web. Las aplicaciones son infinitas.<\/p>\n<p>Cada microscopio USB digital UM-02 viene con un software multifuncional que incluye captura de im\u00e1genes, comparaci\u00f3n en paralelo, almacenamiento de im\u00e1genes y videos, y procesamiento de im\u00e1genes que incluye escala de grises, conversi\u00f3n en blanco y negro, detecci\u00f3n de bordes y modo de medici\u00f3n.<\/p>\n<p>Cada Ihara UM-02 incluye lo siguiente:<\/p>\n<p>Microscopio digital USB Ihara UM-02<br \/>\nCD de software<br \/>\nOperaci\u00f3n manual<br \/>\nCable USB<br \/>\nOpcional <a href=\"http:\/\/www.ihara-us.com\/pdf\/Optional%20UM-02%20Stands.pdf\" target=\"_blank\" rel=\"noopener\">Soportes de microscopio<\/a><\/p>\n<table>\n<thead>\n<tr>\n<th>Objeto<\/th>\n<th>Engrandecido<\/th>\n<th>Ampliado a\u00fan m\u00e1s<\/th>\n<\/tr>\n<\/thead>\n<tbody>\n<tr>\n<td><img loading=\"lazy\" decoding=\"async\" src=\"http:\/\/www.ihara-us.com\/images\/products\/UM02%20Images\/Apple03.jpg\" alt=\"Image\" width=\"107\" height=\"80\" \/><\/td>\n<td><img loading=\"lazy\" decoding=\"async\" src=\"http:\/\/www.ihara-us.com\/images\/products\/UM02%20Images\/Apple04.jpg\" alt=\"Image\" width=\"107\" height=\"80\" \/><\/td>\n<td><img loading=\"lazy\" decoding=\"async\" src=\"http:\/\/www.ihara-us.com\/images\/products\/UM02%20Images\/Apple00.jpg\" alt=\"Image\" width=\"107\" height=\"80\" \/><\/td>\n<\/tr>\n<tr>\n<td><img loading=\"lazy\" decoding=\"async\" src=\"http:\/\/www.ihara-us.com\/images\/products\/UM02%20Images\/Ctp%20Plate01.jpg\" alt=\"Image\" width=\"107\" height=\"80\" \/><\/td>\n<td><img loading=\"lazy\" decoding=\"async\" src=\"http:\/\/www.ihara-us.com\/images\/products\/UM02%20Images\/Ctp%20Plate02.jpg\" alt=\"Image\" width=\"107\" height=\"80\" \/><\/td>\n<td><img loading=\"lazy\" decoding=\"async\" src=\"http:\/\/www.ihara-us.com\/images\/products\/UM02%20Images\/CTP_Plate.jpg\" alt=\"Image\" width=\"107\" height=\"80\" \/><\/td>\n<\/tr>\n<tr>\n<td><img loading=\"lazy\" decoding=\"async\" src=\"http:\/\/www.ihara-us.com\/images\/products\/UM02%20Images\/CircuitBoard01.jpg\" alt=\"Image\" width=\"107\" height=\"80\" \/><\/td>\n<td><img loading=\"lazy\" decoding=\"async\" src=\"http:\/\/www.ihara-us.com\/images\/products\/UM02%20Images\/CircuitBoard05.jpg\" alt=\"Image\" width=\"107\" height=\"80\" \/><\/td>\n<td><img loading=\"lazy\" decoding=\"async\" src=\"http:\/\/www.ihara-us.com\/images\/products\/UM02%20Images\/circuit_board.jpg.jpg\" alt=\"Image\" width=\"107\" height=\"80\" \/><\/td>\n<\/tr>\n<tr>\n<td><img loading=\"lazy\" decoding=\"async\" src=\"http:\/\/www.ihara-us.com\/images\/products\/UM02%20Images\/Pen02.jpg\" alt=\"Image\" width=\"107\" height=\"80\" \/><\/td>\n<td><img loading=\"lazy\" decoding=\"async\" src=\"http:\/\/www.ihara-us.com\/images\/products\/UM02%20Images\/Pen03.jpg\" alt=\"Image\" width=\"107\" height=\"80\" \/><\/td>\n<td><img loading=\"lazy\" decoding=\"async\" src=\"http:\/\/www.ihara-us.com\/images\/products\/UM02%20Images\/Pen04.jpg\" alt=\"Image\" width=\"107\" height=\"80\" \/><\/td>\n<\/tr>\n<tr>\n<td><img loading=\"lazy\" decoding=\"async\" src=\"http:\/\/www.ihara-us.com\/images\/products\/UM02%20Images\/Penny03.jpg\" alt=\"Image\" width=\"107\" height=\"80\" \/><\/td>\n<td><img loading=\"lazy\" decoding=\"async\" src=\"http:\/\/www.ihara-us.com\/images\/products\/UM02%20Images\/Penny01.jpg\" alt=\"Image\" width=\"107\" height=\"80\" \/><\/td>\n<td><img loading=\"lazy\" decoding=\"async\" src=\"http:\/\/www.ihara-us.com\/images\/products\/UM02%20Images\/Penny02.jpg\" alt=\"Image\" width=\"107\" height=\"80\" \/><\/td>\n<\/tr>\n<\/tbody>\n<\/table>","protected":false},"excerpt":{"rendered":"<ul>\n<li><strong>Solicitud<\/strong><\/li>\n<li>\u00daselo como microscopio digital, c\u00e1mara, grabadora de video, c\u00e1mara web y mediciones punto a punto en micrones.<\/li>\n<li><strong>sensores CMOS<\/strong><\/li>\n<li>Sensor CMOS de 2M p\u00edxeles<\/li>\n<li><strong>Enfocar<\/strong><\/li>\n<li>Enfoque manual ajustable para garantizar la imagen m\u00e1s n\u00edtida posible;<\/li>\n<li><strong>Brillo<\/strong><\/li>\n<li>Control de brillo LED ajustable;<\/li>\n<li><strong>Aumento<\/strong><\/li>\n<li>Relaci\u00f3n de ampliaci\u00f3n: 1x~80x, 320x en monitor de 22\u201d<\/li>\n<li><strong>Resoluci\u00f3n de la foto<\/strong><\/li>\n<li>Foto: 1600\u00d71200 p\u00edxeles, formato BMP o JPEG<\/li>\n<li><strong>Resoluci\u00f3n de video<\/strong><\/li>\n<li>V\u00eddeo: 1600\u00d71200 p\u00edxeles, formato AVI<\/li>\n<li><strong>Interfaz USB<\/strong><\/li>\n<li>USB 2.0<\/li>\n<li><strong>Compatibilidad<\/strong><\/li>\n<li>Compatible con Microsoft XP, Microsoft Vista o Microsoft 7.<\/li>\n<\/ul>","protected":false},"featured_media":1473,"comment_status":"open","ping_status":"closed","template":"","meta":{"ocean_post_layout":"","ocean_both_sidebars_style":"","ocean_both_sidebars_content_width":0,"ocean_both_sidebars_sidebars_width":0,"ocean_sidebar":"0","ocean_second_sidebar":"0","ocean_disable_margins":"enable","ocean_add_body_class":"","ocean_shortcode_before_top_bar":"","ocean_shortcode_after_top_bar":"","ocean_shortcode_before_header":"","ocean_shortcode_after_header":"","ocean_has_shortcode":"","ocean_shortcode_after_title":"","ocean_shortcode_before_footer_widgets":"","ocean_shortcode_after_footer_widgets":"","ocean_shortcode_before_footer_bottom":"","ocean_shortcode_after_footer_bottom":"","ocean_display_top_bar":"default","ocean_display_header":"default","ocean_header_style":"","ocean_center_header_left_menu":"0","ocean_custom_header_template":"0","ocean_custom_logo":0,"ocean_custom_retina_logo":0,"ocean_custom_logo_max_width":0,"ocean_custom_logo_tablet_max_width":0,"ocean_custom_logo_mobile_max_width":0,"ocean_custom_logo_max_height":0,"ocean_custom_logo_tablet_max_height":0,"ocean_custom_logo_mobile_max_height":0,"ocean_header_custom_menu":"0","ocean_menu_typo_font_family":"0","ocean_menu_typo_font_subset":"","ocean_menu_typo_font_size":0,"ocean_menu_typo_font_size_tablet":0,"ocean_menu_typo_font_size_mobile":0,"ocean_menu_typo_font_size_unit":"px","ocean_menu_typo_font_weight":"","ocean_menu_typo_font_weight_tablet":"","ocean_menu_typo_font_weight_mobile":"","ocean_menu_typo_transform":"","ocean_menu_typo_transform_tablet":"","ocean_menu_typo_transform_mobile":"","ocean_menu_typo_line_height":0,"ocean_menu_typo_line_height_tablet":0,"ocean_menu_typo_line_height_mobile":0,"ocean_menu_typo_line_height_unit":"","ocean_menu_typo_spacing":0,"ocean_menu_typo_spacing_tablet":0,"ocean_menu_typo_spacing_mobile":0,"ocean_menu_typo_spacing_unit":"","ocean_menu_link_color":"","ocean_menu_link_color_hover":"","ocean_menu_link_color_active":"","ocean_menu_link_background":"","ocean_menu_link_hover_background":"","ocean_menu_link_active_background":"","ocean_menu_social_links_bg":"","ocean_menu_social_hover_links_bg":"","ocean_menu_social_links_color":"","ocean_menu_social_hover_links_color":"","ocean_disable_title":"default","ocean_disable_heading":"default","ocean_post_title":"","ocean_post_subheading":"","ocean_post_title_style":"","ocean_post_title_background_color":"","ocean_post_title_background":0,"ocean_post_title_bg_image_position":"","ocean_post_title_bg_image_attachment":"","ocean_post_title_bg_image_repeat":"","ocean_post_title_bg_image_size":"","ocean_post_title_height":0,"ocean_post_title_bg_overlay":0.5,"ocean_post_title_bg_overlay_color":"","ocean_disable_breadcrumbs":"default","ocean_breadcrumbs_color":"","ocean_breadcrumbs_separator_color":"","ocean_breadcrumbs_links_color":"","ocean_breadcrumbs_links_hover_color":"","ocean_display_footer_widgets":"default","ocean_display_footer_bottom":"default","ocean_custom_footer_template":"0"},"product_cat":[31],"product_tag":[89,88,87],"class_list":{"0":"post-150","1":"product","2":"type-product","3":"status-publish","4":"has-post-thumbnail","5":"hentry","6":"product_cat-digital-microscopes","7":"product_tag-magnifier","8":"product_tag-microscope","9":"product_tag-um-02","11":"entry","12":"has-media","13":"owp-thumbs-layout-horizontal","14":"owp-btn-normal","15":"owp-tabs-layout-horizontal","16":"has-product-nav"},"_links":{"self":[{"href":"https:\/\/iharaus.com\/es\/wp-json\/wp\/v2\/product\/150","targetHints":{"allow":["GET"]}}],"collection":[{"href":"https:\/\/iharaus.com\/es\/wp-json\/wp\/v2\/product"}],"about":[{"href":"https:\/\/iharaus.com\/es\/wp-json\/wp\/v2\/types\/product"}],"replies":[{"embeddable":true,"href":"https:\/\/iharaus.com\/es\/wp-json\/wp\/v2\/comments?post=150"}],"wp:featuredmedia":[{"embeddable":true,"href":"https:\/\/iharaus.com\/es\/wp-json\/wp\/v2\/media\/1473"}],"wp:attachment":[{"href":"https:\/\/iharaus.com\/es\/wp-json\/wp\/v2\/media?parent=150"}],"wp:term":[{"taxonomy":"product_cat","embeddable":true,"href":"https:\/\/iharaus.com\/es\/wp-json\/wp\/v2\/product_cat?post=150"},{"taxonomy":"product_tag","embeddable":true,"href":"https:\/\/iharaus.com\/es\/wp-json\/wp\/v2\/product_tag?post=150"}],"curies":[{"name":"wp","href":"https:\/\/api.w.org\/{rel}","templated":true}]}}