{"id":1635,"date":"2023-07-20T11:47:45","date_gmt":"2023-07-20T16:47:45","guid":{"rendered":"https:\/\/iharaus.com\/?post_type=product&#038;p=1635"},"modified":"2023-07-20T14:47:47","modified_gmt":"2023-07-20T19:47:47","slug":"6x-led-linen-tester-loupe","status":"publish","type":"product","link":"https:\/\/iharaus.com\/es\/producto\/6x-led-linen-tester-loupe\/","title":{"rendered":"Lupa de probador de lino LED 6X"},"content":{"rendered":"<p><strong>Parte #IH-OPT-LT1L<\/strong><\/p>\n<p>Este probador de lino con luz LED blanca plegable con marco de metal compacto tiene un aumento de 6X. La iluminaci\u00f3n es alimentada por 2 LED blancos. El campo de visi\u00f3n es de 25 mm. Esta lupa utiliza dos pilas de bot\u00f3n CR927.<\/p>\n<p><strong>Especificaciones:<\/strong><\/p>\n<ul>\n<li>Ampliaci\u00f3n: 6X<\/li>\n<li>Campo de visi\u00f3n: 25 mm<\/li>\n<li>Dimensiones: ~56 mm x 39 mm x 23 mm (plegado), 56 mm x 39 mm x 51 mm (abierto)<\/li>\n<li>Material: base de aluminio.<\/li>\n<li>Peso: ~95g<\/li>\n<li>Bater\u00eda: 2 pilas tipo moneda CR927<\/li>\n<li>1 a\u00f1o de garant\u00eda<\/li>\n<li>Hecho en china<\/li>\n<\/ul>\n<p>&nbsp;<\/p>\n<p><strong>\u00bfQue esta incluido?<\/strong><\/p>\n<ul>\n<li>Probador de lino con luz LED blanca<\/li>\n<li>Estuche protector<\/li>\n<\/ul>\n<hr \/>\n<h3><\/h3>\n<table border=\"0\" width=\"100%\" cellspacing=\"0\" cellpadding=\"0\">\n<tbody>\n<tr>\n<td><\/td>\n<td><\/td>\n<\/tr>\n<tr>\n<td><\/td>\n<td><\/td>\n<\/tr>\n<tr>\n<td><\/td>\n<td><\/td>\n<\/tr>\n<\/tbody>\n<\/table>\n<p>&nbsp;<\/p>\n<h3><\/h3>\n<table border=\"0\" width=\"100%\" cellspacing=\"0\" cellpadding=\"0\">\n<tbody>\n<tr>\n<td><\/td>\n<td><\/td>\n<\/tr>\n<\/tbody>\n<\/table>","protected":false},"excerpt":{"rendered":"<ul>\n<li><strong>Aumento<\/strong><\/li>\n<li>6X<\/li>\n<li><strong>Dimensiones<\/strong><\/li>\n<li>56 mm (largo) x 39 mm (ancho) x 23 mm (alto) \u2013 plegado<\/li>\n<li><strong>Bater\u00eda<\/strong><\/li>\n<li>(2) pilas de bot\u00f3n CR927<\/li>\n<li><strong>Campo de visi\u00f3n<\/strong><\/li>\n<li>25 mm<\/li>\n<li><strong>Di\u00e1metro de la lente<\/strong><\/li>\n<li>~28 mm<\/li>\n<li><strong>Peso<\/strong><\/li>\n<li>95g<\/li>\n<li><strong>Material<\/strong><\/li>\n<li>base de aluminio<\/li>\n<li><strong>Informaci\u00f3n<\/strong><\/li>\n<li>12 meses<\/li>\n<\/ul>","protected":false},"featured_media":1638,"comment_status":"open","ping_status":"closed","template":"","meta":{"ocean_post_layout":"","ocean_both_sidebars_style":"","ocean_both_sidebars_content_width":0,"ocean_both_sidebars_sidebars_width":0,"ocean_sidebar":"0","ocean_second_sidebar":"0","ocean_disable_margins":"enable","ocean_add_body_class":"","ocean_shortcode_before_top_bar":"","ocean_shortcode_after_top_bar":"","ocean_shortcode_before_header":"","ocean_shortcode_after_header":"","ocean_has_shortcode":"","ocean_shortcode_after_title":"","ocean_shortcode_before_footer_widgets":"","ocean_shortcode_after_footer_widgets":"","ocean_shortcode_before_footer_bottom":"","ocean_shortcode_after_footer_bottom":"","ocean_display_top_bar":"default","ocean_display_header":"default","ocean_header_style":"","ocean_center_header_left_menu":"0","ocean_custom_header_template":"0","ocean_custom_logo":0,"ocean_custom_retina_logo":0,"ocean_custom_logo_max_width":0,"ocean_custom_logo_tablet_max_width":0,"ocean_custom_logo_mobile_max_width":0,"ocean_custom_logo_max_height":0,"ocean_custom_logo_tablet_max_height":0,"ocean_custom_logo_mobile_max_height":0,"ocean_header_custom_menu":"0","ocean_menu_typo_font_family":"0","ocean_menu_typo_font_subset":"","ocean_menu_typo_font_size":0,"ocean_menu_typo_font_size_tablet":0,"ocean_menu_typo_font_size_mobile":0,"ocean_menu_typo_font_size_unit":"px","ocean_menu_typo_font_weight":"","ocean_menu_typo_font_weight_tablet":"","ocean_menu_typo_font_weight_mobile":"","ocean_menu_typo_transform":"","ocean_menu_typo_transform_tablet":"","ocean_menu_typo_transform_mobile":"","ocean_menu_typo_line_height":0,"ocean_menu_typo_line_height_tablet":0,"ocean_menu_typo_line_height_mobile":0,"ocean_menu_typo_line_height_unit":"","ocean_menu_typo_spacing":0,"ocean_menu_typo_spacing_tablet":0,"ocean_menu_typo_spacing_mobile":0,"ocean_menu_typo_spacing_unit":"","ocean_menu_link_color":"","ocean_menu_link_color_hover":"","ocean_menu_link_color_active":"","ocean_menu_link_background":"","ocean_menu_link_hover_background":"","ocean_menu_link_active_background":"","ocean_menu_social_links_bg":"","ocean_menu_social_hover_links_bg":"","ocean_menu_social_links_color":"","ocean_menu_social_hover_links_color":"","ocean_disable_title":"default","ocean_disable_heading":"default","ocean_post_title":"","ocean_post_subheading":"","ocean_post_title_style":"","ocean_post_title_background_color":"","ocean_post_title_background":0,"ocean_post_title_bg_image_position":"","ocean_post_title_bg_image_attachment":"","ocean_post_title_bg_image_repeat":"","ocean_post_title_bg_image_size":"","ocean_post_title_height":0,"ocean_post_title_bg_overlay":0.5,"ocean_post_title_bg_overlay_color":"","ocean_disable_breadcrumbs":"default","ocean_breadcrumbs_color":"","ocean_breadcrumbs_separator_color":"","ocean_breadcrumbs_links_color":"","ocean_breadcrumbs_links_hover_color":"","ocean_display_footer_widgets":"default","ocean_display_footer_bottom":"default","ocean_custom_footer_template":"0"},"product_cat":[49],"product_tag":[98,100,99,56,58],"class_list":{"0":"post-1635","1":"product","2":"type-product","3":"status-publish","4":"has-post-thumbnail","5":"hentry","6":"product_cat-optics-loupes-magnifiers","7":"product_tag-6x","8":"product_tag-folding-loupe","9":"product_tag-linen-tester","10":"product_tag-loupes","11":"product_tag-magnifiers","13":"entry","14":"has-media","15":"owp-thumbs-layout-horizontal","16":"owp-btn-normal","17":"owp-tabs-layout-horizontal","18":"has-product-nav"},"_links":{"self":[{"href":"https:\/\/iharaus.com\/es\/wp-json\/wp\/v2\/product\/1635","targetHints":{"allow":["GET"]}}],"collection":[{"href":"https:\/\/iharaus.com\/es\/wp-json\/wp\/v2\/product"}],"about":[{"href":"https:\/\/iharaus.com\/es\/wp-json\/wp\/v2\/types\/product"}],"replies":[{"embeddable":true,"href":"https:\/\/iharaus.com\/es\/wp-json\/wp\/v2\/comments?post=1635"}],"wp:featuredmedia":[{"embeddable":true,"href":"https:\/\/iharaus.com\/es\/wp-json\/wp\/v2\/media\/1638"}],"wp:attachment":[{"href":"https:\/\/iharaus.com\/es\/wp-json\/wp\/v2\/media?parent=1635"}],"wp:term":[{"taxonomy":"product_cat","embeddable":true,"href":"https:\/\/iharaus.com\/es\/wp-json\/wp\/v2\/product_cat?post=1635"},{"taxonomy":"product_tag","embeddable":true,"href":"https:\/\/iharaus.com\/es\/wp-json\/wp\/v2\/product_tag?post=1635"}],"curies":[{"name":"wp","href":"https:\/\/api.w.org\/{rel}","templated":true}]}}