{"id":1673,"date":"2023-09-13T17:48:23","date_gmt":"2023-09-13T22:48:23","guid":{"rendered":"https:\/\/iharaus.com\/?post_type=product&#038;p=1673"},"modified":"2023-09-14T12:54:01","modified_gmt":"2023-09-14T17:54:01","slug":"10x-white-uv-led-lighted-handheld-usb-rechargeable-magnifier","status":"publish","type":"product","link":"https:\/\/iharaus.com\/es\/producto\/10x-white-uv-led-lighted-handheld-usb-rechargeable-magnifier\/","title":{"rendered":"Lupa recargable por USB de mano con luz LED blanca\/UV 10X"},"content":{"rendered":"<p><strong>Parte #IH-OPT-10X-HHLED<\/strong><\/p>\n<p>Esta vers\u00e1til lupa de mano recargable con luz LED blanca\/UV de 10 aumentos es n\u00edtida, brillante y clara. La iluminaci\u00f3n LED ajustable proporciona una imagen detallada. Esta lupa recargable por USB es una excelente herramienta para uso dom\u00e9stico y laboral.<\/p>\n<p><strong>Especificaciones:<\/strong><\/p>\n<ul>\n<li>Ampliaci\u00f3n: 10X<\/li>\n<li>Tama\u00f1o de la lente: 30 mm x 2 mm<\/li>\n<li>Dimensiones: Aproximadamente 140 mm x 55 mm x 27 mm<\/li>\n<li>Material de la lente: lente K9 y ABS<\/li>\n<li>Peso: aproximadamente 60 g<\/li>\n<li>Entrada: Micro USB\/DC5V&lt;2A<\/li>\n<li>Material base: pl\u00e1stico ABS<\/li>\n<li>Duraci\u00f3n de la bater\u00eda, por carga: LED blanco, aproximadamente 5 horas; LED UV, aproximadamente 4 horas<\/li>\n<li>Capacidad de la bater\u00eda: 3,7 V 180 mAh<\/li>\n<li>Tiempo de carga: aproximadamente 2 horas<\/li>\n<li>1 a\u00f1o de garant\u00eda<\/li>\n<li>Lugar de origen: China<\/li>\n<\/ul>\n<p>&nbsp;<\/p>\n<p><strong>\u00bfQue esta incluido?<\/strong><\/p>\n<ul>\n<li>Lupa con luz LED blanca\/UV 10X<\/li>\n<li>Cable de carga USB<\/li>\n<li>Bolsa protectora<\/li>\n<li>Manual<\/li>\n<li>pa\u00f1o de limpieza<\/li>\n<\/ul>\n<hr \/>\n<h3><\/h3>\n<table border=\"0\" width=\"100%\" cellspacing=\"0\" cellpadding=\"0\">\n<tbody>\n<tr>\n<td><img loading=\"lazy\" decoding=\"async\" src=\"http:\/\/www.ihara-us.com\/images\/pdf icon.gif\" alt=\"Adobe Acrobat\" width=\"29\" height=\"29\" \/><\/td>\n<td><a href=\"https:\/\/iharaus.com\/wp-content\/uploads\/2023\/09\/Ihara-IH-OPT-10X-HHLED-10X-LED-UV-LED-Rechargeable-Magnifier.pdf\">Folleto<\/a><\/td>\n<\/tr>\n<tr>\n<td><\/td>\n<td><\/td>\n<\/tr>\n<tr>\n<td><\/td>\n<td><\/td>\n<\/tr>\n<\/tbody>\n<\/table>\n<p>&nbsp;<\/p>\n<h3><\/h3>\n<table border=\"0\" width=\"100%\" cellspacing=\"0\" cellpadding=\"0\">\n<tbody>\n<tr>\n<td><\/td>\n<td><\/td>\n<\/tr>\n<\/tbody>\n<\/table>","protected":false},"excerpt":{"rendered":"<ul>\n<li><strong>Aumento<\/strong><\/li>\n<li>10X<\/li>\n<li><strong>Enfocar<\/strong><\/li>\n<li>Fijado<\/li>\n<li><strong>Iluminaci\u00f3n<\/strong><\/li>\n<li>3 LED blancos\/3 LED UV<\/li>\n<li><strong>Dimensiones<\/strong><\/li>\n<li>140 mm (alto) x 55 mm (ancho) x 27 mm (alto)<\/li>\n<li><strong>Recargable<\/strong><\/li>\n<li>A trav\u00e9s de un cable USB<\/li>\n<li><strong>Capacidad de la bater\u00eda<\/strong><\/li>\n<li>3,7 V 180 mAh<\/li>\n<li><strong>Duraci\u00f3n de la bater\u00eda<\/strong><\/li>\n<li>LED blanco \u2013 5 horas, LED UV \u2013 4 horas<\/li>\n<li><strong>Tiempo de carga<\/strong><\/li>\n<li>~ 2 horas<\/li>\n<li><strong>Campo de visi\u00f3n<\/strong><\/li>\n<li>30 mm<\/li>\n<li><strong>ret\u00edculas<\/strong><\/li>\n<li>Ninguno<\/li>\n<li><strong>Peso<\/strong><\/li>\n<li>60g<\/li>\n<li><strong>Material<\/strong><\/li>\n<li>Lente K9 y base de pl\u00e1stico ABS.<\/li>\n<li><strong>Informaci\u00f3n<\/strong><\/li>\n<li>12 meses<\/li>\n<\/ul>","protected":false},"featured_media":1675,"comment_status":"open","ping_status":"closed","template":"","meta":{"ocean_post_layout":"","ocean_both_sidebars_style":"","ocean_both_sidebars_content_width":0,"ocean_both_sidebars_sidebars_width":0,"ocean_sidebar":"0","ocean_second_sidebar":"0","ocean_disable_margins":"enable","ocean_add_body_class":"","ocean_shortcode_before_top_bar":"","ocean_shortcode_after_top_bar":"","ocean_shortcode_before_header":"","ocean_shortcode_after_header":"","ocean_has_shortcode":"","ocean_shortcode_after_title":"","ocean_shortcode_before_footer_widgets":"","ocean_shortcode_after_footer_widgets":"","ocean_shortcode_before_footer_bottom":"","ocean_shortcode_after_footer_bottom":"","ocean_display_top_bar":"default","ocean_display_header":"default","ocean_header_style":"","ocean_center_header_left_menu":"0","ocean_custom_header_template":"0","ocean_custom_logo":0,"ocean_custom_retina_logo":0,"ocean_custom_logo_max_width":0,"ocean_custom_logo_tablet_max_width":0,"ocean_custom_logo_mobile_max_width":0,"ocean_custom_logo_max_height":0,"ocean_custom_logo_tablet_max_height":0,"ocean_custom_logo_mobile_max_height":0,"ocean_header_custom_menu":"0","ocean_menu_typo_font_family":"0","ocean_menu_typo_font_subset":"","ocean_menu_typo_font_size":0,"ocean_menu_typo_font_size_tablet":0,"ocean_menu_typo_font_size_mobile":0,"ocean_menu_typo_font_size_unit":"px","ocean_menu_typo_font_weight":"","ocean_menu_typo_font_weight_tablet":"","ocean_menu_typo_font_weight_mobile":"","ocean_menu_typo_transform":"","ocean_menu_typo_transform_tablet":"","ocean_menu_typo_transform_mobile":"","ocean_menu_typo_line_height":0,"ocean_menu_typo_line_height_tablet":0,"ocean_menu_typo_line_height_mobile":0,"ocean_menu_typo_line_height_unit":"","ocean_menu_typo_spacing":0,"ocean_menu_typo_spacing_tablet":0,"ocean_menu_typo_spacing_mobile":0,"ocean_menu_typo_spacing_unit":"","ocean_menu_link_color":"","ocean_menu_link_color_hover":"","ocean_menu_link_color_active":"","ocean_menu_link_background":"","ocean_menu_link_hover_background":"","ocean_menu_link_active_background":"","ocean_menu_social_links_bg":"","ocean_menu_social_hover_links_bg":"","ocean_menu_social_links_color":"","ocean_menu_social_hover_links_color":"","ocean_disable_title":"default","ocean_disable_heading":"default","ocean_post_title":"","ocean_post_subheading":"","ocean_post_title_style":"","ocean_post_title_background_color":"","ocean_post_title_background":0,"ocean_post_title_bg_image_position":"","ocean_post_title_bg_image_attachment":"","ocean_post_title_bg_image_repeat":"","ocean_post_title_bg_image_size":"","ocean_post_title_height":0,"ocean_post_title_bg_overlay":0.5,"ocean_post_title_bg_overlay_color":"","ocean_disable_breadcrumbs":"default","ocean_breadcrumbs_color":"","ocean_breadcrumbs_separator_color":"","ocean_breadcrumbs_links_color":"","ocean_breadcrumbs_links_hover_color":"","ocean_display_footer_widgets":"default","ocean_display_footer_bottom":"default","ocean_custom_footer_template":"0"},"product_cat":[49],"product_tag":[57,55,108,106,56,58,105,107],"class_list":{"0":"post-1673","1":"product","2":"type-product","3":"status-publish","4":"has-post-thumbnail","5":"hentry","6":"product_cat-optics-loupes-magnifiers","7":"product_tag-10x","8":"product_tag-10x-loupes","9":"product_tag-10x-magnifier","10":"product_tag-led","11":"product_tag-loupes","12":"product_tag-magnifiers","13":"product_tag-uv","14":"product_tag-white-led","16":"entry","17":"has-media","18":"owp-thumbs-layout-horizontal","19":"owp-btn-normal","20":"owp-tabs-layout-horizontal","21":"has-product-nav"},"_links":{"self":[{"href":"https:\/\/iharaus.com\/es\/wp-json\/wp\/v2\/product\/1673","targetHints":{"allow":["GET"]}}],"collection":[{"href":"https:\/\/iharaus.com\/es\/wp-json\/wp\/v2\/product"}],"about":[{"href":"https:\/\/iharaus.com\/es\/wp-json\/wp\/v2\/types\/product"}],"replies":[{"embeddable":true,"href":"https:\/\/iharaus.com\/es\/wp-json\/wp\/v2\/comments?post=1673"}],"wp:featuredmedia":[{"embeddable":true,"href":"https:\/\/iharaus.com\/es\/wp-json\/wp\/v2\/media\/1675"}],"wp:attachment":[{"href":"https:\/\/iharaus.com\/es\/wp-json\/wp\/v2\/media?parent=1673"}],"wp:term":[{"taxonomy":"product_cat","embeddable":true,"href":"https:\/\/iharaus.com\/es\/wp-json\/wp\/v2\/product_cat?post=1673"},{"taxonomy":"product_tag","embeddable":true,"href":"https:\/\/iharaus.com\/es\/wp-json\/wp\/v2\/product_tag?post=1673"}],"curies":[{"name":"wp","href":"https:\/\/api.w.org\/{rel}","templated":true}]}}