{"id":62,"date":"2021-07-08T23:02:39","date_gmt":"2021-07-09T04:02:39","guid":{"rendered":"http:\/\/www.ihara-us.com\/wordpress\/?post_type=product&#038;p=62"},"modified":"2023-03-19T00:22:18","modified_gmt":"2023-03-19T05:22:18","slug":"r700","status":"publish","type":"product","link":"https:\/\/iharaus.com\/es\/producto\/r700\/","title":{"rendered":"Densit\u00f3metro de reflexi\u00f3n en blanco y negro R700"},"content":{"rendered":"<h3>Densit\u00f3metro de reflexi\u00f3n en blanco y negro<\/h3>\n<p>Densit\u00f3metro de reflexi\u00f3n en blanco y negro Ihara R700: la herramienta definitiva para medir la densidad \u00f3ptica y calibrar con precisi\u00f3n sus procesos de impresi\u00f3n.<\/p>\n<p>Nuestro densit\u00f3metro est\u00e1 dise\u00f1ado para medir la densidad de las impresiones en blanco y negro, lo que le permite lograr una calidad de impresi\u00f3n \u00f3ptima en todo momento. Con su interfaz simple e intuitiva, puede medir f\u00e1cilmente los valores de densidad y garantizar resultados de impresi\u00f3n consistentes.<\/p>\n<p>Caracter\u00edsticas:<\/p>\n<ul>\n<li>Medici\u00f3n precisa de la densidad \u00f3ptica: nuestro densit\u00f3metro utiliza un sensor de alta calidad que puede medir con precisi\u00f3n los valores de densidad, lo que garantiza resultados precisos y confiables.<\/li>\n<li>F\u00e1cil de usar: la interfaz f\u00e1cil de usar facilita la toma de medidas y la interpretaci\u00f3n de los resultados, lo que la convierte en una herramienta ideal para los profesionales de la impresi\u00f3n de todos los niveles.<\/li>\n<li>Dise\u00f1o compacto: el dise\u00f1o compacto de nuestro densit\u00f3metro hace que sea f\u00e1cil de transportar y usar mientras viaja, ya sea que est\u00e9 trabajando en el campo o en una planta de producci\u00f3n.<\/li>\n<li>Construcci\u00f3n duradera: Nuestro densit\u00f3metro est\u00e1 dise\u00f1ado para resistir las demandas del uso diario, con un dise\u00f1o resistente que puede soportar el desgaste de un entorno de impresi\u00f3n ajetreado.<\/li>\n<li>Vers\u00e1til: Nuestro densit\u00f3metro se puede utilizar con una amplia gama de materiales de impresi\u00f3n en blanco y negro, incluidos varios sustratos.<\/li>\n<\/ul>\n<p>Beneficios:<\/p>\n<ul>\n<li>Optimice la calidad de impresi\u00f3n: con nuestro densit\u00f3metro, puede medir la densidad de sus impresiones y ajustar sus procesos de impresi\u00f3n para lograr una calidad de impresi\u00f3n \u00f3ptima en todo momento.<\/li>\n<li>Ahorre tiempo y dinero: al reducir la necesidad de prueba y error en sus procesos de impresi\u00f3n, puede ahorrar tiempo y dinero en materiales y mano de obra.<\/li>\n<li>Mejore el flujo de trabajo: Nuestro densit\u00f3metro est\u00e1 dise\u00f1ado para agilizar sus procesos de impresi\u00f3n, lo que le permite trabajar de manera m\u00e1s eficiente y efectiva.<\/li>\n<li>Mejore la satisfacci\u00f3n del cliente: al producir impresiones de alta calidad de manera constante, puede mejorar la satisfacci\u00f3n del cliente y crear una reputaci\u00f3n de excelencia.<\/li>\n<\/ul>\n<p><strong>Accesorios<\/strong><\/p>\n<ul>\n<li>Operaci\u00f3n manual<\/li>\n<li>Est\u00e1ndar de calibraci\u00f3n<\/li>\n<li>Adaptador de CA<\/li>\n<li>Estuche de transporte<\/li>\n<li>Cable de interfaz serial (opcional)<\/li>\n<li>Mazo de cables (opcional)<\/li>\n<\/ul>\n<h3 style=\"text-align: left;\">Documentaci\u00f3n<\/h3>\n<table border=\"0\" width=\"100%\" cellspacing=\"0\" cellpadding=\"0\">\n<tbody>\n<tr>\n<td><img loading=\"lazy\" decoding=\"async\" src=\"http:\/\/www.ihara-us.com\/images\/pdf icon.gif\" alt=\"Adobe Acrobat\" width=\"29\" height=\"29\" \/><\/td>\n<td><a href=\"https:\/\/iharaus.com\/wp-content\/uploads\/2023\/03\/Ihara-R700-Black-White-Reflection-Densitometer.pdf\">Folleto<\/a><\/td>\n<\/tr>\n<\/tbody>\n<\/table>\n<h3><a href=\"http:\/\/www.ihara-us.com\/pdf\/DensitometerComparisonChart.pdf\" target=\"_blank\" rel=\"noopener\">Cuadro comparativo<\/a><\/h3>\n<hr \/>\n<p>&nbsp;<\/p>\n<h3><\/h3>","protected":false},"excerpt":{"rendered":"<div class=\"w3-code notranslate htmlHigh\">\n<ul>\n<li><strong>Medici\u00f3n de geometr\u00eda<\/strong><\/li>\n<li>0 \u00b0 \/ 45 \u00b0 (ANSI PH2.17, ISO 5\/4, DIN 16536)<\/li>\n<li><strong>Estado de respuesta del filtro<\/strong><\/li>\n<li>Visual (ISO 5\/3)<\/li>\n<li><strong>Repetibilidad<\/strong><\/li>\n<li>\u00b1 0.01D (1%)<\/li>\n<li><strong>Rango de medici\u00f3n<\/strong><\/li>\n<li>Densidad 0.00D \u2013 2.50D<br \/>\n\u00c1rea de puntos 0% \u2013 100%<\/li>\n<li><strong>Exactitud<\/strong><\/li>\n<li>\u00b1 0.02D (2%)<\/li>\n<li><strong>Fuente de luz<\/strong><\/li>\n<li>L\u00e1mpara hal\u00f3gena, aprox. 2856 \u00b0 K<\/li>\n<li><strong>Di\u00e1metro de apertura<\/strong><\/li>\n<li>3,0 mm (1,7 mm opcional)<\/li>\n<li><strong>Detector<\/strong><\/li>\n<li>Fotodiodo GaAsP<\/li>\n<li><strong>Mostrar<\/strong><\/li>\n<li>LCD gr\u00e1fico de 128 x 64 puntos<\/li>\n<li><strong>Fuente de alimentaci\u00f3n<\/strong><\/li>\n<li>Ni-Cad (4,8 V), 800 mAh<\/li>\n<li><strong>Tiempo de recarga<\/strong><\/li>\n<li>Aproximadamente 1,5 horas<\/li>\n<li><strong>Medidas por carga<\/strong><\/li>\n<li>Aproximadamente 4000 (pruebas internas)<\/li>\n<li><strong>Tiempo de calentamiento<\/strong><\/li>\n<li>Ninguno<\/li>\n<li><strong>Midiendo el tiempo<\/strong><\/li>\n<li>Aproximadamente 1 segundo<\/li>\n<li><strong>Temp. De funcionamiento Abarcar<\/strong><\/li>\n<li>41 \u00b0 F ~ 104 \u00b0 F (5 \u00b0 C ~ 40 \u00b0 C)<\/li>\n<li><strong>Filtro de polarizaci\u00f3n<\/strong><\/li>\n<li>(Opcional)<\/li>\n<li><strong>C\u00f3digo de usuario de seguridad<\/strong><\/li>\n<li>(Opcional)<\/li>\n<li><strong>Dimensiones<\/strong><\/li>\n<li>2 3\/4 &quot;de ancho x 2&quot; de alto x 8 1\/4 &quot;de largo (72 mm x 50 mm x 210 mm)<\/li>\n<li><strong>Peso<\/strong><\/li>\n<li>1,2 libras (con pilas) (530 g)<\/li>\n<li><strong>Salida de computadora<\/strong><\/li>\n<li>Interfaz serial configurable RS-232C<\/li>\n<\/ul>\n<\/div>","protected":false},"featured_media":1169,"comment_status":"open","ping_status":"closed","template":"","meta":{"ocean_post_layout":"","ocean_both_sidebars_style":"","ocean_both_sidebars_content_width":0,"ocean_both_sidebars_sidebars_width":0,"ocean_sidebar":"0","ocean_second_sidebar":"0","ocean_disable_margins":"on","ocean_add_body_class":"","ocean_shortcode_before_top_bar":"","ocean_shortcode_after_top_bar":"","ocean_shortcode_before_header":"","ocean_shortcode_after_header":"","ocean_has_shortcode":"","ocean_shortcode_after_title":"","ocean_shortcode_before_footer_widgets":"","ocean_shortcode_after_footer_widgets":"","ocean_shortcode_before_footer_bottom":"","ocean_shortcode_after_footer_bottom":"","ocean_display_top_bar":"off","ocean_display_header":"on","ocean_header_style":"","ocean_center_header_left_menu":"0","ocean_custom_header_template":"0","ocean_custom_logo":0,"ocean_custom_retina_logo":0,"ocean_custom_logo_max_width":0,"ocean_custom_logo_tablet_max_width":0,"ocean_custom_logo_mobile_max_width":0,"ocean_custom_logo_max_height":0,"ocean_custom_logo_tablet_max_height":0,"ocean_custom_logo_mobile_max_height":0,"ocean_header_custom_menu":"0","ocean_menu_typo_font_family":"0","ocean_menu_typo_font_subset":"","ocean_menu_typo_font_size":0,"ocean_menu_typo_font_size_tablet":0,"ocean_menu_typo_font_size_mobile":0,"ocean_menu_typo_font_size_unit":"px","ocean_menu_typo_font_weight":"","ocean_menu_typo_font_weight_tablet":"","ocean_menu_typo_font_weight_mobile":"","ocean_menu_typo_transform":"","ocean_menu_typo_transform_tablet":"","ocean_menu_typo_transform_mobile":"","ocean_menu_typo_line_height":0,"ocean_menu_typo_line_height_tablet":0,"ocean_menu_typo_line_height_mobile":0,"ocean_menu_typo_line_height_unit":"","ocean_menu_typo_spacing":0,"ocean_menu_typo_spacing_tablet":0,"ocean_menu_typo_spacing_mobile":0,"ocean_menu_typo_spacing_unit":"","ocean_menu_link_color":"","ocean_menu_link_color_hover":"","ocean_menu_link_color_active":"","ocean_menu_link_background":"","ocean_menu_link_hover_background":"","ocean_menu_link_active_background":"","ocean_menu_social_links_bg":"","ocean_menu_social_hover_links_bg":"","ocean_menu_social_links_color":"","ocean_menu_social_hover_links_color":"","ocean_disable_title":"on","ocean_disable_heading":"default","ocean_post_title":"","ocean_post_subheading":"","ocean_post_title_style":"","ocean_post_title_background_color":"","ocean_post_title_background":0,"ocean_post_title_bg_image_position":"","ocean_post_title_bg_image_attachment":"","ocean_post_title_bg_image_repeat":"","ocean_post_title_bg_image_size":"","ocean_post_title_height":0,"ocean_post_title_bg_overlay":0.5,"ocean_post_title_bg_overlay_color":"","ocean_disable_breadcrumbs":"off","ocean_breadcrumbs_color":"","ocean_breadcrumbs_separator_color":"","ocean_breadcrumbs_links_color":"","ocean_breadcrumbs_links_hover_color":"","ocean_display_footer_widgets":"on","ocean_display_footer_bottom":"off","ocean_custom_footer_template":"0"},"product_cat":[30],"product_tag":[],"class_list":{"0":"post-62","1":"product","2":"type-product","3":"status-publish","4":"has-post-thumbnail","5":"hentry","6":"product_cat-densitometers","8":"entry","9":"has-media","10":"owp-thumbs-layout-horizontal","11":"owp-btn-normal","12":"owp-tabs-layout-horizontal","13":"has-no-thumbnails","14":"has-product-nav"},"_links":{"self":[{"href":"https:\/\/iharaus.com\/es\/wp-json\/wp\/v2\/product\/62","targetHints":{"allow":["GET"]}}],"collection":[{"href":"https:\/\/iharaus.com\/es\/wp-json\/wp\/v2\/product"}],"about":[{"href":"https:\/\/iharaus.com\/es\/wp-json\/wp\/v2\/types\/product"}],"replies":[{"embeddable":true,"href":"https:\/\/iharaus.com\/es\/wp-json\/wp\/v2\/comments?post=62"}],"wp:featuredmedia":[{"embeddable":true,"href":"https:\/\/iharaus.com\/es\/wp-json\/wp\/v2\/media\/1169"}],"wp:attachment":[{"href":"https:\/\/iharaus.com\/es\/wp-json\/wp\/v2\/media?parent=62"}],"wp:term":[{"taxonomy":"product_cat","embeddable":true,"href":"https:\/\/iharaus.com\/es\/wp-json\/wp\/v2\/product_cat?post=62"},{"taxonomy":"product_tag","embeddable":true,"href":"https:\/\/iharaus.com\/es\/wp-json\/wp\/v2\/product_tag?post=62"}],"curies":[{"name":"wp","href":"https:\/\/api.w.org\/{rel}","templated":true}]}}