{"id":702,"date":"2021-08-12T18:29:34","date_gmt":"2021-08-12T23:29:34","guid":{"rendered":"http:\/\/www.ihara-us.com\/wordpress\/?post_type=product&#038;p=702"},"modified":"2023-03-18T23:50:01","modified_gmt":"2023-03-19T04:50:01","slug":"trutest-shore-a-durometer","status":"publish","type":"product","link":"https:\/\/iharaus.com\/es\/producto\/trutest-shore-a-durometer\/","title":{"rendered":"Dur\u00f3metro Tru&gt;Test Shore A"},"content":{"rendered":"<p>Parte #EQP-PLD<\/p>\n<h4 align=\"left\">Descripci\u00f3n general:<\/h4>\n<div align=\"left\">\n<p>Este dur\u00f3metro Tru&gt;Test se utiliza para medir la dureza de superficies &quot;blandas&quot;, como los rodillos de impresi\u00f3n. El uso regular de un dur\u00f3metro detecta los rodillos de impresi\u00f3n defectuosos antes de que causen problemas de calidad de impresi\u00f3n. Los rodillos viejos que se han utilizado en sistemas de humectaci\u00f3n con alcohol durante largos per\u00edodos de tiempo pueden haberse vuelto demasiado dif\u00edciles para funcionar correctamente. Use el dispositivo simple y preciso para determinar si los rodillos excesivamente duros est\u00e1n causando sus problemas.<\/p>\n<p>&nbsp;<\/p>\n<\/div>\n<p align=\"left\"><strong>Garant\u00eda limitada:<\/strong>\u00a06 meses<\/p>\n<hr \/>\n<h3><\/h3>\n<p>&nbsp;<\/p>\n<h3><\/h3>","protected":false},"excerpt":{"rendered":"<p>Parte #EQP-PLD Descripci\u00f3n general: Este dur\u00f3metro Tru&gt;Test se utiliza para medir la dureza de superficies &quot;blandas&quot;, como los rodillos de impresi\u00f3n. El uso regular de un dur\u00f3metro detecta rodillos de impresi\u00f3n defectuosos antes de que causen problemas de calidad de impresi\u00f3n. Es posible que los rodillos viejos que se han utilizado en sistemas humectantes con alcohol durante per\u00edodos prolongados se hayan vuelto demasiado duros para [\u2026]<\/p>","protected":false},"featured_media":1184,"comment_status":"open","ping_status":"closed","template":"","meta":{"ocean_post_layout":"","ocean_both_sidebars_style":"","ocean_both_sidebars_content_width":0,"ocean_both_sidebars_sidebars_width":0,"ocean_sidebar":"0","ocean_second_sidebar":"0","ocean_disable_margins":"enable","ocean_add_body_class":"","ocean_shortcode_before_top_bar":"","ocean_shortcode_after_top_bar":"","ocean_shortcode_before_header":"","ocean_shortcode_after_header":"","ocean_has_shortcode":"","ocean_shortcode_after_title":"","ocean_shortcode_before_footer_widgets":"","ocean_shortcode_after_footer_widgets":"","ocean_shortcode_before_footer_bottom":"","ocean_shortcode_after_footer_bottom":"","ocean_display_top_bar":"default","ocean_display_header":"default","ocean_header_style":"","ocean_center_header_left_menu":"0","ocean_custom_header_template":"0","ocean_custom_logo":0,"ocean_custom_retina_logo":0,"ocean_custom_logo_max_width":0,"ocean_custom_logo_tablet_max_width":0,"ocean_custom_logo_mobile_max_width":0,"ocean_custom_logo_max_height":0,"ocean_custom_logo_tablet_max_height":0,"ocean_custom_logo_mobile_max_height":0,"ocean_header_custom_menu":"0","ocean_menu_typo_font_family":"0","ocean_menu_typo_font_subset":"","ocean_menu_typo_font_size":0,"ocean_menu_typo_font_size_tablet":0,"ocean_menu_typo_font_size_mobile":0,"ocean_menu_typo_font_size_unit":"px","ocean_menu_typo_font_weight":"","ocean_menu_typo_font_weight_tablet":"","ocean_menu_typo_font_weight_mobile":"","ocean_menu_typo_transform":"","ocean_menu_typo_transform_tablet":"","ocean_menu_typo_transform_mobile":"","ocean_menu_typo_line_height":0,"ocean_menu_typo_line_height_tablet":0,"ocean_menu_typo_line_height_mobile":0,"ocean_menu_typo_line_height_unit":"","ocean_menu_typo_spacing":0,"ocean_menu_typo_spacing_tablet":0,"ocean_menu_typo_spacing_mobile":0,"ocean_menu_typo_spacing_unit":"","ocean_menu_link_color":"","ocean_menu_link_color_hover":"","ocean_menu_link_color_active":"","ocean_menu_link_background":"","ocean_menu_link_hover_background":"","ocean_menu_link_active_background":"","ocean_menu_social_links_bg":"","ocean_menu_social_hover_links_bg":"","ocean_menu_social_links_color":"","ocean_menu_social_hover_links_color":"","ocean_disable_title":"default","ocean_disable_heading":"default","ocean_post_title":"","ocean_post_subheading":"","ocean_post_title_style":"","ocean_post_title_background_color":"","ocean_post_title_background":0,"ocean_post_title_bg_image_position":"","ocean_post_title_bg_image_attachment":"","ocean_post_title_bg_image_repeat":"","ocean_post_title_bg_image_size":"","ocean_post_title_height":0,"ocean_post_title_bg_overlay":0.5,"ocean_post_title_bg_overlay_color":"","ocean_disable_breadcrumbs":"default","ocean_breadcrumbs_color":"","ocean_breadcrumbs_separator_color":"","ocean_breadcrumbs_links_color":"","ocean_breadcrumbs_links_hover_color":"","ocean_display_footer_widgets":"default","ocean_display_footer_bottom":"default","ocean_custom_footer_template":"0"},"product_cat":[51],"product_tag":[63,62,61],"class_list":{"0":"post-702","1":"product","2":"type-product","3":"status-publish","4":"has-post-thumbnail","5":"hentry","6":"product_cat-durometers-packing-gauges","7":"product_tag-blanket-gauge","8":"product_tag-durometer","9":"product_tag-shore-a","11":"entry","12":"has-media","13":"owp-thumbs-layout-horizontal","14":"owp-btn-normal","15":"owp-tabs-layout-horizontal","16":"has-product-nav"},"_links":{"self":[{"href":"https:\/\/iharaus.com\/es\/wp-json\/wp\/v2\/product\/702","targetHints":{"allow":["GET"]}}],"collection":[{"href":"https:\/\/iharaus.com\/es\/wp-json\/wp\/v2\/product"}],"about":[{"href":"https:\/\/iharaus.com\/es\/wp-json\/wp\/v2\/types\/product"}],"replies":[{"embeddable":true,"href":"https:\/\/iharaus.com\/es\/wp-json\/wp\/v2\/comments?post=702"}],"wp:featuredmedia":[{"embeddable":true,"href":"https:\/\/iharaus.com\/es\/wp-json\/wp\/v2\/media\/1184"}],"wp:attachment":[{"href":"https:\/\/iharaus.com\/es\/wp-json\/wp\/v2\/media?parent=702"}],"wp:term":[{"taxonomy":"product_cat","embeddable":true,"href":"https:\/\/iharaus.com\/es\/wp-json\/wp\/v2\/product_cat?post=702"},{"taxonomy":"product_tag","embeddable":true,"href":"https:\/\/iharaus.com\/es\/wp-json\/wp\/v2\/product_tag?post=702"}],"curies":[{"name":"wp","href":"https:\/\/api.w.org\/{rel}","templated":true}]}}