{"id":706,"date":"2021-08-12T18:40:12","date_gmt":"2021-08-12T23:40:12","guid":{"rendered":"http:\/\/www.ihara-us.com\/wordpress\/?post_type=product&#038;p=706"},"modified":"2023-08-01T12:44:23","modified_gmt":"2023-08-01T17:44:23","slug":"accudot-digital-plate-reader","status":"publish","type":"product","link":"https:\/\/iharaus.com\/es\/producto\/accudot-digital-plate-reader\/","title":{"rendered":"Lector digital de placas AccuDot"},"content":{"rendered":"<p>El lector de placas port\u00e1til e independiente AccuDot es la \u00faltima innovaci\u00f3n de Ihara Electronic Industries (Jap\u00f3n). Este lector de placas de alto rendimiento puede leer todo tipo de placas y mallas, incluidas mallas de poli\u00e9ster, met\u00e1licas, AM, FM, XM y conc\u00e9ntricas.<\/p>\n<p>AccuDot est\u00e1 disponible en dos modelos: B\u00e1sico y Avanzado.<\/p>\n<p class=\"r\"><strong>Comandos controlados por men\u00fa:<\/strong><br \/>\nSimplemente seleccione las funciones deseadas. No se requiere memorizaci\u00f3n ni manual de operaci\u00f3n.<\/p>\n<p><strong>La tecla de ayuda proporciona una explicaci\u00f3n de las funciones clave:<\/strong><br \/>\nLas explicaciones detalladas est\u00e1n disponibles para todas las funciones de medici\u00f3n junto con las respuestas a las preguntas m\u00e1s frecuentes.<\/p>\n<p><strong>Gran pantalla LCD a color:<\/strong><br \/>\nEl AccuDot tiene una pantalla LCD a color de alta resoluci\u00f3n para facilitar la visualizaci\u00f3n. La imagen en color de alta resoluci\u00f3n permite al operador detectar cualquier anomal\u00eda en la placa.<\/p>\n<p><strong>Actualizaci\u00f3n f\u00e1cil:<\/strong><br \/>\nEl AccuDot tiene un conector mini-USB incorporado para facilitar la comunicaci\u00f3n y actualizaci\u00f3n de datos. La actualizaci\u00f3n del firmware se realiza simplemente a trav\u00e9s de Internet.<\/p>\n<div align=\"center\">\n<p><strong>Tabla de comparaci\u00f3n de funciones b\u00e1sicas \/ avanzadas:<\/strong><\/p>\n<table cellspacing=\"0\" cellpadding=\"0\">\n<colgroup>\n<col width=\"194\" \/>\n<col span=\"2\" width=\"88\" \/><\/colgroup>\n<tbody>\n<tr>\n<td width=\"194\" height=\"19\">Funci\u00f3n<\/td>\n<td width=\"88\">B\u00e1sico<\/td>\n<td width=\"88\">Avance<\/td>\n<\/tr>\n<tr>\n<td height=\"19\">Punto \uff05 (Placa)<\/td>\n<td>\u25cb<\/td>\n<td>\u25cb<\/td>\n<\/tr>\n<tr>\n<td height=\"19\">Punto % (Material impreso)<\/td>\n<td>\u25cb<\/td>\n<td>\u25cb<\/td>\n<\/tr>\n<tr>\n<td height=\"19\">Dot% (Pel\u00edcula)<\/td>\n<td><\/td>\n<td>\u25cb<\/td>\n<\/tr>\n<tr>\n<td height=\"19\">Rayado de pantalla (LPI, L\/Cm)<\/td>\n<td><\/td>\n<td>\u25cb<\/td>\n<\/tr>\n<tr>\n<td height=\"19\">\u00c1ngulo de la pantalla<\/td>\n<td><\/td>\n<td>\u25cb<\/td>\n<\/tr>\n<tr>\n<td height=\"19\">Imagen de memoria<\/td>\n<td><\/td>\n<td>\u25cb<\/td>\n<\/tr>\n<tr>\n<td height=\"19\">Ampliar imagen<\/td>\n<td><\/td>\n<td>\u25cb<\/td>\n<\/tr>\n<tr>\n<td height=\"19\">An\u00e1lisis Geom\u00e9trico<\/td>\n<td><\/td>\n<td>\u25cb<\/td>\n<\/tr>\n<tr>\n<td height=\"19\">Datos de memoria<\/td>\n<td><\/td>\n<td>\u25cb<\/td>\n<\/tr>\n<tr>\n<td height=\"19\">Enlace de PC<\/td>\n<td><\/td>\n<td>\u25cb<\/td>\n<\/tr>\n<tr>\n<td height=\"19\">Pantalla de curva Dot %<\/td>\n<td><\/td>\n<td>\u25cb<\/td>\n<\/tr>\n<\/tbody>\n<\/table>\n<hr \/>\n<div class=\"relatedLinks\">\n<h3 style=\"text-align: left;\">Caracter\u00edsticas \/ Medidas<\/h3>\n<p style=\"text-align: left;\">Visualizaci\u00f3n y captura de im\u00e1genes en tiempo real<\/p>\n<p style=\"text-align: left;\">Lee todo el material de la placa<\/p>\n<p style=\"text-align: left;\">200 ranuras de memoria para almacenar datos de medici\u00f3n<\/p>\n<\/div>\n<div class=\"relatedLinks\">\n<h3 style=\"text-align: left;\">Documentaci\u00f3n<\/h3>\n<table border=\"0\" width=\"100%\" cellspacing=\"0\" cellpadding=\"0\">\n<tbody>\n<tr>\n<td><img loading=\"lazy\" decoding=\"async\" src=\"http:\/\/www.ihara-us.com\/images\/pdf icon.gif\" alt=\"Adobe Acrobat\" width=\"29\" height=\"29\" \/><\/td>\n<td><a href=\"http:\/\/www.ihara-us.com\/pdf\/Ihara_AccuDot_Plate_Reader.pdf\">Folleto<\/a><\/td>\n<\/tr>\n<tr>\n<td><\/td>\n<td><\/td>\n<\/tr>\n<\/tbody>\n<\/table>\n<\/div>\n<\/div>\n<p>&nbsp;<\/p>\n<h3><em>\u00bfPor qu\u00e9 utilizar un lector de placas digital?<\/em><\/h3>\n<div class=\"group w-full text-gray-800 dark:text-gray-100 border-b border-black\/10 dark:border-gray-900\/50 bg-gray-50 dark:bg-[#444654]\">\n<div class=\"flex p-4 gap-4 text-base md:gap-6 md:max-w-2xl lg:max-w-[38rem] xl:max-w-3xl md:py-6 lg:px-0 m-auto\">\n<div class=\"relative flex w-[calc(100%-50px)] flex-col gap-1 md:gap-3 lg:w-[calc(100%-115px)]\">\n<div class=\"flex flex-grow flex-col gap-3\">\n<div class=\"min-h-[20px] flex items-start overflow-x-auto whitespace-pre-wrap break-words\">\n<div class=\"markdown prose w-full break-words dark:prose-invert light\">\n<p>El uso de un lector de planchas digital para calibrar el procesador de planchas tiene un valor incalculable en el flujo de trabajo de la impresi\u00f3n offset. El procesador de planchas es una parte crucial de la etapa de preimpresi\u00f3n que desarrolla las planchas de impresi\u00f3n offset, y su calibraci\u00f3n adecuada es esencial para lograr resultados consistentes y precisos. As\u00ed es como un lector de placas digital puede ayudar con el proceso de calibraci\u00f3n:<\/p>\n<ol>\n<li><strong>Medici\u00f3n de par\u00e1metros de procesamiento:<\/strong> Un lector de placas digital puede medir varios par\u00e1metros de procesamiento, como la temperatura del revelador, la concentraci\u00f3n del revelador y el tiempo de procesamiento. Estos par\u00e1metros juegan un papel fundamental en la determinaci\u00f3n de la calidad de las placas reveladas. Al obtener medidas precisas, se pueden hacer ajustes para asegurar que las condiciones de procesamiento est\u00e9n dentro de las tolerancias especificadas.<\/li>\n<li><strong>Detecci\u00f3n de inconsistencias en el procesamiento:<\/strong> El lector de planchas puede identificar inconsistencias en el procesamiento de las planchas, lo que puede provocar variaciones en la calidad de las planchas. Por ejemplo, puede detectar desarrollo desigual, \u00e1reas subdesarrolladas o sobredesarrolladas, o secado insuficiente. La identificaci\u00f3n temprana de estos problemas permite realizar ajustes en el procesador de planchas para mantener una calidad de plancha constante.<\/li>\n<li><strong>Uniformidad de desarrollo de placa:<\/strong> Un lector de placas digital puede evaluar la uniformidad del desarrollo de la placa en toda la superficie de la placa. Puede identificar \u00e1reas con receptividad de tinta desigual o revestimiento inadecuado, lo que podr\u00eda provocar defectos de impresi\u00f3n si no se corrige.<\/li>\n<li><strong>Medici\u00f3n de ganancia de punto:<\/strong> La ganancia de punto se refiere al aumento en el tama\u00f1o de los puntos impresos en comparaci\u00f3n con su tama\u00f1o original en la placa. Un lector de placas digital puede medir la ganancia de punto para garantizar que est\u00e9 dentro de los l\u00edmites aceptables. Si no se controla la ganancia de punto, puede afectar la nitidez de la imagen y la precisi\u00f3n del color en el producto impreso final.<\/li>\n<li><strong>Optimizaci\u00f3n de procesos:<\/strong> Los datos recopilados por el lector de placas durante la calibraci\u00f3n se pueden utilizar para optimizar la configuraci\u00f3n del procesador de placas y ajustar las condiciones de procesamiento. Este proceso de optimizaci\u00f3n tiene como objetivo lograr la mejor calidad de plancha y rendimiento de impresi\u00f3n posibles.<\/li>\n<li><strong>Documentaci\u00f3n y trazabilidad:<\/strong> Un lector de placas digital proporciona un registro del proceso de calibraci\u00f3n y las medidas tomadas. Esta documentaci\u00f3n es valiosa para fines de control de calidad y ayuda a garantizar la trazabilidad en caso de problemas o desviaciones en el futuro.<\/li>\n<\/ol>\n<p>Mediante el uso de un lector de planchas digital para calibrar el procesador de planchas, las empresas de impresi\u00f3n pueden mantener la consistencia en la calidad de las planchas, mejorar la precisi\u00f3n de impresi\u00f3n, reducir el desperdicio y garantizar que las planchas de impresi\u00f3n cumplan con los est\u00e1ndares requeridos para la impresi\u00f3n offset de alta calidad.<\/p>\n<\/div>\n<\/div>\n<\/div>\n<div class=\"flex justify-between lg:block\">\n<div class=\"text-gray-400 flex self-end lg:self-center justify-center mt-2 gap-2 md:gap-3 lg:gap-1 lg:absolute lg:top-0 lg:translate-x-full lg:right-0 lg:mt-0 lg:pl-2 visible\"><button class=\"flex ml-auto gap-2 rounded-md p-1 hover:bg-gray-100 hover:text-gray-700 dark:text-gray-400 dark:hover:bg-gray-700 dark:hover:text-gray-200 disabled:dark:hover:text-gray-400\"><\/button><\/p>\n<div class=\"flex gap-1\"><\/div>\n<\/div>\n<\/div>\n<\/div>\n<\/div>\n<\/div>","protected":false},"excerpt":{"rendered":"<ul>\n<li><strong>Funciones de medici\u00f3n<\/strong><\/li>\n<li>Dot% (0-100%), Lineamiento de pantalla (LPI, LPC), \u00c1ngulo de pantalla<\/li>\n<li><strong>Medios de medici\u00f3n<\/strong><\/li>\n<li>Placa (lectura positiva\/negativa), copia impresa (CMYK Dot%) (AM: 65 lpi \u2013 300 lpi) (FM: 10 \u03bcm\uff5e50 \u03bcm)<\/li>\n<li><strong>Fuente de luz<\/strong><\/li>\n<li>LED blanco<\/li>\n<li><strong>Sensor de imagen<\/strong><\/li>\n<li>Sensor de imagen en color<\/li>\n<li><strong>Tama\u00f1o objetivo<\/strong><\/li>\n<li>Aprox. \u03c61.0<\/li>\n<li><strong>Repetibilidad<\/strong><\/li>\n<li>\u00b10.5%<\/li>\n<li><strong>Tiempo de medici\u00f3n<\/strong><\/li>\n<li>Aprox. 2 segundos.<\/li>\n<li><strong>Acuerdo entre instrumentos<\/strong><\/li>\n<li>\u00b10.5%<\/li>\n<li><strong>Almacenamiento de datos<\/strong><\/li>\n<li>320 \u00d7 240 colores (262 144 colores)<\/li>\n<li><strong>Mostrar<\/strong><\/li>\n<li>200 datos<\/li>\n<li><strong>Fuente de alimentaci\u00f3n<\/strong><\/li>\n<li>Bater\u00eda de iones de litio<\/li>\n<li><strong>Salida de computadora<\/strong><\/li>\n<li>USB<\/li>\n<li><strong>Dimensiones y peso<\/strong><\/li>\n<li>200 (L) \u00d7 93 (D) \u00d7 73 mm (H) \/ Aprox. 500 g (con pilas)<\/li>\n<li><strong>Rango de temperatura de funcionamiento<\/strong><\/li>\n<li>41F \u2013 104F (5\uff5e40\u2103)<\/li>\n<li><strong>Accesorios<\/strong><\/li>\n<li>Adaptador de CA \/ Manual de funcionamiento \/ Cable USB \/ Estuche de transporte resistente con clasificaci\u00f3n IP65<\/li>\n<\/ul>","protected":false},"featured_media":1091,"comment_status":"open","ping_status":"closed","template":"","meta":{"ocean_post_layout":"","ocean_both_sidebars_style":"","ocean_both_sidebars_content_width":0,"ocean_both_sidebars_sidebars_width":0,"ocean_sidebar":"0","ocean_second_sidebar":"0","ocean_disable_margins":"enable","ocean_add_body_class":"","ocean_shortcode_before_top_bar":"","ocean_shortcode_after_top_bar":"","ocean_shortcode_before_header":"","ocean_shortcode_after_header":"","ocean_has_shortcode":"","ocean_shortcode_after_title":"","ocean_shortcode_before_footer_widgets":"","ocean_shortcode_after_footer_widgets":"","ocean_shortcode_before_footer_bottom":"","ocean_shortcode_after_footer_bottom":"","ocean_display_top_bar":"default","ocean_display_header":"default","ocean_header_style":"","ocean_center_header_left_menu":"0","ocean_custom_header_template":"0","ocean_custom_logo":0,"ocean_custom_retina_logo":0,"ocean_custom_logo_max_width":0,"ocean_custom_logo_tablet_max_width":0,"ocean_custom_logo_mobile_max_width":0,"ocean_custom_logo_max_height":0,"ocean_custom_logo_tablet_max_height":0,"ocean_custom_logo_mobile_max_height":0,"ocean_header_custom_menu":"0","ocean_menu_typo_font_family":"0","ocean_menu_typo_font_subset":"","ocean_menu_typo_font_size":0,"ocean_menu_typo_font_size_tablet":0,"ocean_menu_typo_font_size_mobile":0,"ocean_menu_typo_font_size_unit":"px","ocean_menu_typo_font_weight":"","ocean_menu_typo_font_weight_tablet":"","ocean_menu_typo_font_weight_mobile":"","ocean_menu_typo_transform":"","ocean_menu_typo_transform_tablet":"","ocean_menu_typo_transform_mobile":"","ocean_menu_typo_line_height":0,"ocean_menu_typo_line_height_tablet":0,"ocean_menu_typo_line_height_mobile":0,"ocean_menu_typo_line_height_unit":"","ocean_menu_typo_spacing":0,"ocean_menu_typo_spacing_tablet":0,"ocean_menu_typo_spacing_mobile":0,"ocean_menu_typo_spacing_unit":"","ocean_menu_link_color":"","ocean_menu_link_color_hover":"","ocean_menu_link_color_active":"","ocean_menu_link_background":"","ocean_menu_link_hover_background":"","ocean_menu_link_active_background":"","ocean_menu_social_links_bg":"","ocean_menu_social_hover_links_bg":"","ocean_menu_social_links_color":"","ocean_menu_social_hover_links_color":"","ocean_disable_title":"default","ocean_disable_heading":"default","ocean_post_title":"","ocean_post_subheading":"","ocean_post_title_style":"","ocean_post_title_background_color":"","ocean_post_title_background":0,"ocean_post_title_bg_image_position":"","ocean_post_title_bg_image_attachment":"","ocean_post_title_bg_image_repeat":"","ocean_post_title_bg_image_size":"","ocean_post_title_height":0,"ocean_post_title_bg_overlay":0.5,"ocean_post_title_bg_overlay_color":"","ocean_disable_breadcrumbs":"default","ocean_breadcrumbs_color":"","ocean_breadcrumbs_separator_color":"","ocean_breadcrumbs_links_color":"","ocean_breadcrumbs_links_hover_color":"","ocean_display_footer_widgets":"default","ocean_display_footer_bottom":"default","ocean_custom_footer_template":"0"},"product_cat":[32],"product_tag":[78,79],"class_list":{"0":"post-706","1":"product","2":"type-product","3":"status-publish","4":"has-post-thumbnail","5":"hentry","6":"product_cat-digital-plate-readers","7":"product_tag-digital-plate-reader","8":"product_tag-plate","10":"entry","11":"has-media","12":"owp-thumbs-layout-horizontal","13":"owp-btn-normal","14":"owp-tabs-layout-horizontal","15":"has-product-nav"},"_links":{"self":[{"href":"https:\/\/iharaus.com\/es\/wp-json\/wp\/v2\/product\/706","targetHints":{"allow":["GET"]}}],"collection":[{"href":"https:\/\/iharaus.com\/es\/wp-json\/wp\/v2\/product"}],"about":[{"href":"https:\/\/iharaus.com\/es\/wp-json\/wp\/v2\/types\/product"}],"replies":[{"embeddable":true,"href":"https:\/\/iharaus.com\/es\/wp-json\/wp\/v2\/comments?post=706"}],"wp:featuredmedia":[{"embeddable":true,"href":"https:\/\/iharaus.com\/es\/wp-json\/wp\/v2\/media\/1091"}],"wp:attachment":[{"href":"https:\/\/iharaus.com\/es\/wp-json\/wp\/v2\/media?parent=706"}],"wp:term":[{"taxonomy":"product_cat","embeddable":true,"href":"https:\/\/iharaus.com\/es\/wp-json\/wp\/v2\/product_cat?post=706"},{"taxonomy":"product_tag","embeddable":true,"href":"https:\/\/iharaus.com\/es\/wp-json\/wp\/v2\/product_tag?post=706"}],"curies":[{"name":"wp","href":"https:\/\/api.w.org\/{rel}","templated":true}]}}