{"id":709,"date":"2021-08-12T19:21:35","date_gmt":"2021-08-13T00:21:35","guid":{"rendered":"http:\/\/www.ihara-us.com\/wordpress\/?post_type=product&#038;p=709"},"modified":"2023-03-20T18:20:38","modified_gmt":"2023-03-20T23:20:38","slug":"mitutoyo-quick-mini-digital-thickness-gauge","status":"publish","type":"product","link":"https:\/\/iharaus.com\/es\/producto\/mitutoyo-quick-mini-digital-thickness-gauge\/","title":{"rendered":"Medidor de espesor digital Mitutoyo Quick Mini"},"content":{"rendered":"<p>Parte #MIS-QM<\/p>\n<table border=\"0\" width=\"70%\" cellspacing=\"0\" cellpadding=\"0\" align=\"left\" bgcolor=\"#FFFFFF\">\n<tbody>\n<tr>\n<td rowspan=\"2\" width=\"389\">\n<h4 align=\"left\"><strong><em>\u00a1Alta precisi\u00f3n, pero asequible!<\/em><\/strong><\/h4>\n<p align=\"left\">Este medidor de espesor digital Mitutoyo Quick Mini est\u00e1 fabricado con la m\u00e1s alta calidad y precisi\u00f3n. Esta herramienta es ideal para cualquier persona que requiera portabilidad, facilidad de uso y mediciones de alta precisi\u00f3n.<\/p>\n<p align=\"left\">Medidas en pulgadas y escala m\u00e9trica<\/p>\n<p align=\"left\"><strong>Caracter\u00edsticas clave<\/strong><\/p>\n<div align=\"left\">\n<ul>\n<li>Pantalla LCD grande y f\u00e1cil de leer<\/li>\n<li>Medidas en formato m\u00e9trico o en pulgadas<\/li>\n<li>Incremento de 0,0005 pulgadas o 0,01 mm<\/li>\n<\/ul>\n<p>&nbsp;<\/p>\n<p>&nbsp;<\/p>\n<p>&nbsp;<\/p>\n<p>&nbsp;<\/p>\n<p>&nbsp;<\/p>\n<p>&nbsp;<\/p>\n<\/div>\n<p align=\"left\"><strong>Garant\u00eda limitada:<\/strong>\u00a01 a\u00f1o<\/p>\n<\/td>\n<td rowspan=\"2\" width=\"72\">\n<div align=\"left\">\n<h3><\/h3>\n<\/div>\n<\/td>\n<\/tr>\n<\/tbody>\n<\/table>\n<div class=\"relatedLinks\">\n<h3><\/h3>\n<\/div>","protected":false},"excerpt":{"rendered":"<h2>Especificaciones del producto<\/h2>\n<h3>Art\u00edculo<\/h3>\n<p>Medidor de espesor digital Mitutoyo Quick Mini<\/p>\n<h3>Parte #<\/h3>\n<p>MIS-QM<\/p>\n<h3>Decisi\u00f3n<\/h3>\n<p>Pulgadas y m\u00e9tricas<\/p>\n<h3>Rango<\/h3>\n<p>0 a 0,5 pulgadas<br \/>\n0 a 12,7 mm<\/p>\n<h3>Incremento<\/h3>\n<p>0,0005 pulgadas<br \/>\n0,01mm<\/p>\n<h3>Dimensiones<\/h3>\n<p>N \/ A<\/p>\n<h3>Peso<\/h3>\n<p>100 g (3,6 onzas)<\/p>\n<h3>Bater\u00eda<\/h3>\n<p>(1) Bater\u00eda tipo moneda SR44 (incluida)<\/p>\n<h3>Accesorios<\/h3>\n<p>Estuche protector<\/p>\n<h3>Fabricante<\/h3>\n<p>Mitutoyo<\/p>\n<h3>Origen<\/h3>\n<p>Jap\u00f3n<\/p>","protected":false},"featured_media":1206,"comment_status":"open","ping_status":"closed","template":"","meta":{"ocean_post_layout":"","ocean_both_sidebars_style":"","ocean_both_sidebars_content_width":0,"ocean_both_sidebars_sidebars_width":0,"ocean_sidebar":"0","ocean_second_sidebar":"0","ocean_disable_margins":"enable","ocean_add_body_class":"","ocean_shortcode_before_top_bar":"","ocean_shortcode_after_top_bar":"","ocean_shortcode_before_header":"","ocean_shortcode_after_header":"","ocean_has_shortcode":"","ocean_shortcode_after_title":"","ocean_shortcode_before_footer_widgets":"","ocean_shortcode_after_footer_widgets":"","ocean_shortcode_before_footer_bottom":"","ocean_shortcode_after_footer_bottom":"","ocean_display_top_bar":"default","ocean_display_header":"default","ocean_header_style":"","ocean_center_header_left_menu":"0","ocean_custom_header_template":"0","ocean_custom_logo":0,"ocean_custom_retina_logo":0,"ocean_custom_logo_max_width":0,"ocean_custom_logo_tablet_max_width":0,"ocean_custom_logo_mobile_max_width":0,"ocean_custom_logo_max_height":0,"ocean_custom_logo_tablet_max_height":0,"ocean_custom_logo_mobile_max_height":0,"ocean_header_custom_menu":"0","ocean_menu_typo_font_family":"0","ocean_menu_typo_font_subset":"","ocean_menu_typo_font_size":0,"ocean_menu_typo_font_size_tablet":0,"ocean_menu_typo_font_size_mobile":0,"ocean_menu_typo_font_size_unit":"px","ocean_menu_typo_font_weight":"","ocean_menu_typo_font_weight_tablet":"","ocean_menu_typo_font_weight_mobile":"","ocean_menu_typo_transform":"","ocean_menu_typo_transform_tablet":"","ocean_menu_typo_transform_mobile":"","ocean_menu_typo_line_height":0,"ocean_menu_typo_line_height_tablet":0,"ocean_menu_typo_line_height_mobile":0,"ocean_menu_typo_line_height_unit":"","ocean_menu_typo_spacing":0,"ocean_menu_typo_spacing_tablet":0,"ocean_menu_typo_spacing_mobile":0,"ocean_menu_typo_spacing_unit":"","ocean_menu_link_color":"","ocean_menu_link_color_hover":"","ocean_menu_link_color_active":"","ocean_menu_link_background":"","ocean_menu_link_hover_background":"","ocean_menu_link_active_background":"","ocean_menu_social_links_bg":"","ocean_menu_social_hover_links_bg":"","ocean_menu_social_links_color":"","ocean_menu_social_hover_links_color":"","ocean_disable_title":"default","ocean_disable_heading":"default","ocean_post_title":"","ocean_post_subheading":"","ocean_post_title_style":"","ocean_post_title_background_color":"","ocean_post_title_background":0,"ocean_post_title_bg_image_position":"","ocean_post_title_bg_image_attachment":"","ocean_post_title_bg_image_repeat":"","ocean_post_title_bg_image_size":"","ocean_post_title_height":0,"ocean_post_title_bg_overlay":0.5,"ocean_post_title_bg_overlay_color":"","ocean_disable_breadcrumbs":"default","ocean_breadcrumbs_color":"","ocean_breadcrumbs_separator_color":"","ocean_breadcrumbs_links_color":"","ocean_breadcrumbs_links_hover_color":"","ocean_display_footer_widgets":"default","ocean_display_footer_bottom":"default","ocean_custom_footer_template":"0"},"product_cat":[50],"product_tag":[66,67,64,65],"class_list":{"0":"post-709","1":"product","2":"type-product","3":"status-publish","4":"has-post-thumbnail","5":"hentry","6":"product_cat-thickness-gauges","7":"product_tag-gauge","8":"product_tag-micrometer","9":"product_tag-mitutoyo","10":"product_tag-thickness","12":"entry","13":"has-media","14":"owp-thumbs-layout-horizontal","15":"owp-btn-normal","16":"owp-tabs-layout-horizontal","17":"has-product-nav"},"_links":{"self":[{"href":"https:\/\/iharaus.com\/es\/wp-json\/wp\/v2\/product\/709","targetHints":{"allow":["GET"]}}],"collection":[{"href":"https:\/\/iharaus.com\/es\/wp-json\/wp\/v2\/product"}],"about":[{"href":"https:\/\/iharaus.com\/es\/wp-json\/wp\/v2\/types\/product"}],"replies":[{"embeddable":true,"href":"https:\/\/iharaus.com\/es\/wp-json\/wp\/v2\/comments?post=709"}],"wp:featuredmedia":[{"embeddable":true,"href":"https:\/\/iharaus.com\/es\/wp-json\/wp\/v2\/media\/1206"}],"wp:attachment":[{"href":"https:\/\/iharaus.com\/es\/wp-json\/wp\/v2\/media?parent=709"}],"wp:term":[{"taxonomy":"product_cat","embeddable":true,"href":"https:\/\/iharaus.com\/es\/wp-json\/wp\/v2\/product_cat?post=709"},{"taxonomy":"product_tag","embeddable":true,"href":"https:\/\/iharaus.com\/es\/wp-json\/wp\/v2\/product_tag?post=709"}],"curies":[{"name":"wp","href":"https:\/\/api.w.org\/{rel}","templated":true}]}}