{"id":711,"date":"2021-08-12T19:26:05","date_gmt":"2021-08-13T00:26:05","guid":{"rendered":"http:\/\/www.ihara-us.com\/wordpress\/?post_type=product&#038;p=711"},"modified":"2023-08-01T12:02:54","modified_gmt":"2023-08-01T17:02:54","slug":"ihara-h300-60-degree-gloss-meter","status":"publish","type":"product","link":"https:\/\/iharaus.com\/es\/producto\/ihara-h300-60-degree-gloss-meter\/","title":{"rendered":"Medidor de brillo H300 60\u00b0"},"content":{"rendered":"<p>Este medidor de brillo de mano de 60\u00b0, ergon\u00f3micamente port\u00e1til, es vers\u00e1til y f\u00e1cil de usar. Este instrumento cuenta con una pantalla t\u00e1ctil LCD retroiluminada de alto contraste con una referencia de calibraci\u00f3n extra\u00edble encapsulada.<\/p>\n<p>El medidor de brillo de 60\u00b0 modelo H300 cumple con numerosos est\u00e1ndares internacionales, que incluyen: ASTM D523, ASTM D2457, GB\/T 1381, GB\/T 7706, GB\/T 8807. Est\u00e1 fabricado de acuerdo con ISO2813 y GB\/T 9754.<\/p>\n<p>Este instrumento podr\u00eda almacenar hasta 1.000 mediciones con su memoria interna. Los datos se pueden transmitir a trav\u00e9s de un cable USB.<\/p>\n<p>&nbsp;<\/p>\n<p>&nbsp;<\/p>\n<p><strong>Accesorios:<\/strong><br \/>\nEstuche de transporte, manual, CD de software, cable USB, referencia de calibraci\u00f3n y adaptador de CA.<\/p>\n<div align=\"center\">\n<p><strong>Normas y aplicaciones:<\/strong><\/p>\n<table id=\"table29\" border=\"0\" width=\"525\" cellspacing=\"0\" cellpadding=\"0\">\n<tbody>\n<tr>\n<td nowrap=\"nowrap\" width=\"101\"><strong><span lang=\"EN-US\" xml:lang=\"EN-US\">\u00c1ngulo\/Grado<\/span><\/strong><\/td>\n<td nowrap=\"nowrap\" width=\"160\"><strong><span lang=\"EN-US\" xml:lang=\"EN-US\">Est\u00e1ndar internacional<\/span><\/strong><\/td>\n<td nowrap=\"nowrap\" width=\"264\"><strong><span lang=\"EN-US\" xml:lang=\"EN-US\">Aplicaciones primarias<\/span><\/strong><\/td>\n<\/tr>\n<tr>\n<td rowspan=\"5\" nowrap=\"nowrap\">\n<p align=\"center\"><span lang=\"EN-US\" xml:lang=\"EN-US\">60\u00b0<\/span><\/p>\n<\/td>\n<td nowrap=\"nowrap\"><span lang=\"EN-US\" xml:lang=\"EN-US\">GB\/T 8807<\/span><\/td>\n<td rowspan=\"5\" width=\"264\"><span lang=\"EN-US\" xml:lang=\"EN-US\">Pintura Brillo Medio, tinta, pl\u00e1sticos, cer\u00e1mica, m\u00e1rmol; material metalico<\/span><\/td>\n<\/tr>\n<tr>\n<td nowrap=\"nowrap\"><span lang=\"EN-US\" xml:lang=\"EN-US\">GB\/T 7706<\/span><\/td>\n<\/tr>\n<tr>\n<td nowrap=\"nowrap\"><span lang=\"EN-US\" xml:lang=\"EN-US\">ASTM-D523<\/span><\/td>\n<\/tr>\n<tr>\n<td nowrap=\"nowrap\">ASTM-D2457<\/td>\n<\/tr>\n<tr>\n<td nowrap=\"nowrap\">GB\/T 1381<\/td>\n<\/tr>\n<\/tbody>\n<\/table>\n<hr \/>\n<div class=\"relatedLinks\">\n<h3 style=\"text-align: left;\">Caracter\u00edsticas \/ Medidas<\/h3>\n<p style=\"text-align: left;\">Pantalla LCD t\u00e1ctil grande y brillante<\/p>\n<p style=\"text-align: left;\">Cumple con la mayor\u00eda de los est\u00e1ndares de medici\u00f3n<\/p>\n<p style=\"text-align: left;\">La memoria interna almacena hasta 1000 mediciones<\/p>\n<p style=\"text-align: left;\">conexi\u00f3n USB<\/p>\n<\/div>\n<div class=\"relatedLinks\">\n<h3 style=\"text-align: left;\">Documentaci\u00f3n<\/h3>\n<table border=\"0\" width=\"100%\" cellspacing=\"0\" cellpadding=\"0\">\n<tbody>\n<tr>\n<td><img loading=\"lazy\" decoding=\"async\" src=\"http:\/\/www.ihara-us.com\/images\/pdf icon.gif\" alt=\"Adobe Acrobat\" width=\"29\" height=\"29\" \/><\/td>\n<td><a href=\"https:\/\/iharaus.com\/wp-content\/uploads\/2023\/03\/Ihara-H300-Gloss-Meter.pdf\">Folleto<\/a><\/td>\n<\/tr>\n<\/tbody>\n<\/table>\n<\/div>\n<\/div>\n<p>&nbsp;<\/p>\n<h3><em><strong>\u00bfPor qu\u00e9 usar un medidor de brillo?<\/strong><\/em><\/h3>\n<p>Un medidor de brillo es un dispositivo que se utiliza para medir el brillo o el brillo de una superficie al cuantificar la cantidad de luz que refleja en un \u00e1ngulo particular. En varios procesos de fabricaci\u00f3n, los medidores de brillo pueden desempe\u00f1ar un papel crucial en la mejora del control de calidad durante la producci\u00f3n. As\u00ed es c\u00f3mo:<\/p>\n<ol>\n<li><strong>Consistencia en la apariencia<\/strong>: Los medidores de brillo ayudan a mantener la consistencia en la apariencia de los productos terminados. Al medir el nivel de brillo de cada art\u00edculo, los fabricantes pueden asegurarse de que todos los productos dentro de un lote o ciclo de producci\u00f3n tengan el mismo nivel de brillo, haci\u00e9ndolos visualmente atractivos y consistentes.<\/li>\n<li><strong>Detecci\u00f3n de defectos e irregularidades<\/strong>: Los medidores de brillo pueden identificar defectos, imperfecciones o irregularidades en la superficie de los productos. Cualquier inconsistencia en el nivel de brillo puede indicar fallas en el proceso de fabricaci\u00f3n o problemas con el material utilizado. La detecci\u00f3n temprana permite a los fabricantes abordar los problemas r\u00e1pidamente, reduciendo la probabilidad de producir art\u00edculos defectuosos.<\/li>\n<li><strong>Establecimiento y seguimiento de est\u00e1ndares de calidad<\/strong>: Los fabricantes pueden establecer est\u00e1ndares de nivel de brillo espec\u00edficos para sus productos seg\u00fan las preferencias del cliente, las normas de la industria o los criterios de calidad internos. Los medidores de brillo brindan mediciones objetivas para garantizar que los productos cumplan con estos est\u00e1ndares predeterminados de manera consistente.<\/li>\n<li><strong>Evaluaci\u00f3n de revestimientos de superficies<\/strong>: En las industrias en las que se aplican recubrimientos superficiales, como la automotriz, la de muebles o la electr\u00f3nica, los medidores de brillo son herramientas invaluables para evaluar la calidad de los recubrimientos. Al medir el brillo antes y despu\u00e9s de aplicar un recubrimiento, los fabricantes pueden evaluar su impacto en la apariencia del producto y hacer ajustes si es necesario.<\/li>\n<li><strong>Mejorar la satisfacci\u00f3n del cliente<\/strong>: Los productos con niveles de brillo consistentes son m\u00e1s agradables est\u00e9ticamente para los clientes. Mediante el uso de medidores de brillo para mantener la calidad, los fabricantes pueden aumentar la satisfacci\u00f3n del cliente y crear una reputaci\u00f3n de entrega de productos de alta calidad.<\/li>\n<li><strong>Toma de decisiones basada en datos<\/strong>: Los medidores de brillo generan datos cuantitativos que se pueden utilizar para el an\u00e1lisis de datos y la optimizaci\u00f3n de procesos. Mediante el seguimiento de las mediciones de brillo a lo largo del tiempo, los fabricantes pueden identificar tendencias y correlaciones, lo que lleva a decisiones basadas en datos para mejorar los procesos de producci\u00f3n y la calidad del producto.<\/li>\n<li><strong>Monitoreo en tiempo real<\/strong>: Los medidores de brillo modernos a menudo brindan mediciones en tiempo real, lo que permite a los operadores realizar ajustes inmediatos si se detectan desviaciones durante el proceso de producci\u00f3n. Este enfoque proactivo minimiza la producci\u00f3n de art\u00edculos no conformes y reduce el desperdicio.<\/li>\n<li><strong>Garantizar el cumplimiento de las normas y reglamentos<\/strong>: Algunas industrias tienen requisitos de brillo espec\u00edficos definidos por normas o reglamentos. Con medidores de brillo, los fabricantes pueden verificar el cumplimiento de estos est\u00e1ndares y evitar posibles sanciones o rechazos durante las inspecciones de calidad.<\/li>\n<\/ol>\n<p>En conclusi\u00f3n, los medidores de brillo son herramientas poderosas en el control de calidad durante la producci\u00f3n. Ayudan a los fabricantes a mantener una apariencia consistente, detectar defectos, establecer est\u00e1ndares de calidad, evaluar recubrimientos, mejorar la satisfacci\u00f3n del cliente, tomar decisiones basadas en datos, monitorear la producci\u00f3n en tiempo real y garantizar el cumplimiento de los est\u00e1ndares de la industria. Al integrar medidores de brillo en sus procesos de control de calidad, los fabricantes pueden optimizar la eficiencia de la producci\u00f3n, reducir los desechos y entregar productos de alta calidad a sus clientes.<\/p>","protected":false},"excerpt":{"rendered":"<ul>\n<li><strong>\u00c1ngulo de medici\u00f3n<\/strong><\/li>\n<li>60\u00b0<\/li>\n<li><strong>Rango de medici\u00f3n (GU)<\/strong><\/li>\n<li>0-10, 10-100, 100-1000<\/li>\n<li><strong>Punto de medici\u00f3n<\/strong><\/li>\n<li>9 mm x 15 mm<\/li>\n<li><strong>Valor de divisi\u00f3n (GU)<\/strong><\/li>\n<li>0.1<\/li>\n<li><strong>Repetibilidad (GU)<\/strong><\/li>\n<li>0 \u2013 10: \u00b10,1 10-100: \u00b10,2 100-10000: \u00b10,2%<\/li>\n<li><strong>Reproducibilidad (GU)<\/strong><\/li>\n<li>0 \u2013 10: \u00b10,2 10-100: \u00b10,5 100-10000: \u00b10,5%<\/li>\n<li><strong>Est\u00e1ndar de medici\u00f3n<\/strong><\/li>\n<li>Cumple con el requisito de funcionamiento del medidor de brillo de primera clase JJG696<\/li>\n<li><strong>Cromaticidad correspondiente<\/strong><\/li>\n<li>CIE 1931(2\u00b0) bajo fuente de luz CIE C<\/li>\n<li><strong>errores<\/strong><\/li>\n<li>\u00b11.5, \u00b11.5%<\/li>\n<li><strong>Midiendo el tiempo<\/strong><\/li>\n<li>0.5s<\/li>\n<li><strong>Dimensiones<\/strong><\/li>\n<li>160 mm (largo) x 75 mm (ancho) x 90 mm (alto)<\/li>\n<li><strong>Peso<\/strong><\/li>\n<li>350g<\/li>\n<li><strong>Idioma<\/strong><\/li>\n<li>ingl\u00e9s, chino<\/li>\n<li><strong>Bater\u00eda<\/strong><\/li>\n<li>Bater\u00eda de iones de litio de 3,7 V, 3200 mAh, &gt;10\u00a0000 (dentro de 8 horas)<\/li>\n<li><strong>Temperatura de funcionamiento<\/strong><\/li>\n<li>10 \u2103 ~ 40 \u2103<\/li>\n<li><strong>Temperatura de almacenamiento<\/strong><\/li>\n<li>-20 \u2103 ~ 50 \u2103<\/li>\n<li><strong>Humedad relativa<\/strong><\/li>\n<li>Hasta 85%, sin condensaci\u00f3n de humedad<\/li>\n<li><strong>Salida de computadora<\/strong><\/li>\n<li>USB\/RS-232<\/li>\n<li><strong>Software<\/strong><\/li>\n<li>Software de control de calidad GQC6 con funciones de impresi\u00f3n de informes de control de calidad.<\/li>\n<li><strong>Almacenamiento de datos<\/strong><\/li>\n<li>Modo b\u00e1sico: 1000, Modo estad\u00edstico: 5000, Modo continuo: 5000<\/li>\n<li><strong>accesorios estandar<\/strong><\/li>\n<li>Adaptador de corriente, cables USB, manual de usuario, CD (incluido el software de control de calidad) y referencia de calibraci\u00f3n<\/li>\n<li><strong>Accesorios Opcionales<\/strong><\/li>\n<li>Impresora en miniatura<\/li>\n<\/ul>","protected":false},"featured_media":1524,"comment_status":"open","ping_status":"closed","template":"","meta":{"ocean_post_layout":"","ocean_both_sidebars_style":"","ocean_both_sidebars_content_width":0,"ocean_both_sidebars_sidebars_width":0,"ocean_sidebar":"0","ocean_second_sidebar":"0","ocean_disable_margins":"enable","ocean_add_body_class":"","ocean_shortcode_before_top_bar":"","ocean_shortcode_after_top_bar":"","ocean_shortcode_before_header":"","ocean_shortcode_after_header":"","ocean_has_shortcode":"","ocean_shortcode_after_title":"","ocean_shortcode_before_footer_widgets":"","ocean_shortcode_after_footer_widgets":"","ocean_shortcode_before_footer_bottom":"","ocean_shortcode_after_footer_bottom":"","ocean_display_top_bar":"default","ocean_display_header":"default","ocean_header_style":"","ocean_center_header_left_menu":"0","ocean_custom_header_template":"0","ocean_custom_logo":0,"ocean_custom_retina_logo":0,"ocean_custom_logo_max_width":0,"ocean_custom_logo_tablet_max_width":0,"ocean_custom_logo_mobile_max_width":0,"ocean_custom_logo_max_height":0,"ocean_custom_logo_tablet_max_height":0,"ocean_custom_logo_mobile_max_height":0,"ocean_header_custom_menu":"0","ocean_menu_typo_font_family":"0","ocean_menu_typo_font_subset":"","ocean_menu_typo_font_size":0,"ocean_menu_typo_font_size_tablet":0,"ocean_menu_typo_font_size_mobile":0,"ocean_menu_typo_font_size_unit":"px","ocean_menu_typo_font_weight":"","ocean_menu_typo_font_weight_tablet":"","ocean_menu_typo_font_weight_mobile":"","ocean_menu_typo_transform":"","ocean_menu_typo_transform_tablet":"","ocean_menu_typo_transform_mobile":"","ocean_menu_typo_line_height":0,"ocean_menu_typo_line_height_tablet":0,"ocean_menu_typo_line_height_mobile":0,"ocean_menu_typo_line_height_unit":"","ocean_menu_typo_spacing":0,"ocean_menu_typo_spacing_tablet":0,"ocean_menu_typo_spacing_mobile":0,"ocean_menu_typo_spacing_unit":"","ocean_menu_link_color":"","ocean_menu_link_color_hover":"","ocean_menu_link_color_active":"","ocean_menu_link_background":"","ocean_menu_link_hover_background":"","ocean_menu_link_active_background":"","ocean_menu_social_links_bg":"","ocean_menu_social_hover_links_bg":"","ocean_menu_social_links_color":"","ocean_menu_social_hover_links_color":"","ocean_disable_title":"default","ocean_disable_heading":"default","ocean_post_title":"","ocean_post_subheading":"","ocean_post_title_style":"","ocean_post_title_background_color":"","ocean_post_title_background":0,"ocean_post_title_bg_image_position":"","ocean_post_title_bg_image_attachment":"","ocean_post_title_bg_image_repeat":"","ocean_post_title_bg_image_size":"","ocean_post_title_height":0,"ocean_post_title_bg_overlay":0.5,"ocean_post_title_bg_overlay_color":"","ocean_disable_breadcrumbs":"default","ocean_breadcrumbs_color":"","ocean_breadcrumbs_separator_color":"","ocean_breadcrumbs_links_color":"","ocean_breadcrumbs_links_hover_color":"","ocean_display_footer_widgets":"default","ocean_display_footer_bottom":"default","ocean_custom_footer_template":"0"},"product_cat":[34],"product_tag":[75,76,77,74,73],"class_list":{"0":"post-711","1":"product","2":"type-product","3":"status-publish","4":"has-post-thumbnail","5":"hentry","6":"product_cat-gloss-meters","7":"product_tag-gloss","8":"product_tag-gloss-meter","9":"product_tag-glossmeter","10":"product_tag-h300","11":"product_tag-ihara","13":"entry","14":"has-media","15":"owp-thumbs-layout-horizontal","16":"owp-btn-normal","17":"owp-tabs-layout-horizontal","18":"has-product-nav"},"_links":{"self":[{"href":"https:\/\/iharaus.com\/es\/wp-json\/wp\/v2\/product\/711","targetHints":{"allow":["GET"]}}],"collection":[{"href":"https:\/\/iharaus.com\/es\/wp-json\/wp\/v2\/product"}],"about":[{"href":"https:\/\/iharaus.com\/es\/wp-json\/wp\/v2\/types\/product"}],"replies":[{"embeddable":true,"href":"https:\/\/iharaus.com\/es\/wp-json\/wp\/v2\/comments?post=711"}],"wp:featuredmedia":[{"embeddable":true,"href":"https:\/\/iharaus.com\/es\/wp-json\/wp\/v2\/media\/1524"}],"wp:attachment":[{"href":"https:\/\/iharaus.com\/es\/wp-json\/wp\/v2\/media?parent=711"}],"wp:term":[{"taxonomy":"product_cat","embeddable":true,"href":"https:\/\/iharaus.com\/es\/wp-json\/wp\/v2\/product_cat?post=711"},{"taxonomy":"product_tag","embeddable":true,"href":"https:\/\/iharaus.com\/es\/wp-json\/wp\/v2\/product_tag?post=711"}],"curies":[{"name":"wp","href":"https:\/\/api.w.org\/{rel}","templated":true}]}}