{"id":713,"date":"2021-08-12T19:30:18","date_gmt":"2021-08-13T00:30:18","guid":{"rendered":"http:\/\/www.ihara-us.com\/wordpress\/?post_type=product&#038;p=713"},"modified":"2023-03-23T18:39:15","modified_gmt":"2023-03-23T23:39:15","slug":"r800","status":"publish","type":"product","link":"https:\/\/iharaus.com\/es\/producto\/r800\/","title":{"rendered":"Espectrofot\u00f3metro R800"},"content":{"rendered":"<h3>Espectrodensit\u00f3metro<\/h3>\n<p>El espectrodensit\u00f3metro R800 de alto rendimiento utiliza la tecnolog\u00eda m\u00e1s innovadora disponible para los est\u00e1ndares m\u00e1s exigentes. El R800 ofrece un rendimiento incomparable, una precisi\u00f3n excelente, repetibilidad y concordancia entre instrumentos a un precio asequible.<\/p>\n<p><strong>Funciones de medici\u00f3n<\/strong><br \/>\nL*a*b*, XYZ, CMYK, funci\u00f3n de aprobaci\u00f3n\/rechazo, \u0394L*a*b*, \u0394 XYZ y \u0394CMYK.<\/p>\n<p><strong>Funciones del densit\u00f3metro<\/strong><br \/>\nDensidad, Diferencia de Densidad, \u00c1rea de Punto, Ganancia de Punto y Trampa de Tinta.<\/p>\n<p><strong>Respuesta del filtro<\/strong><br \/>\nISO:ESTADO-T, E, A, I DIN: Ancho, Estrecho<\/p>\n<p><strong>Factor M (ISO-13655) <\/strong><br \/>\nM0, M1, M2<\/p>\n<p><strong>Normas relacionadas <\/strong><br \/>\nJIS Z 8722, ISO 7724, DIN 5033\uff655036\uff656174, ASTM D 2244\uff65E 308\uff65E 1164, JIS K 7654, ISO 5\/4, ANSI PH 2.17, DIN 16536<\/p>\n<h4>Accesorios<\/h4>\n<ul>\n<li>Manuales en CD<\/li>\n<li>Tableros de calibraci\u00f3n<\/li>\n<li>l\u00edmite cero<\/li>\n<li>Adaptador de CA<\/li>\n<li>Cable USB<\/li>\n<li>Estuche de transporte<\/li>\n<\/ul>\n<hr \/>\n<div class=\"relatedLinks\">\n<h3>Caracter\u00edsticas \/ Medidas<\/h3>\n<p>Laboratorio*<br \/>\nXYZ<br \/>\nCMYK<br \/>\nCONTRASE\u00d1A ERR\u00d3NEA<br \/>\n\u22bfL*a*b*<br \/>\n\u22bfXYZ<br \/>\n\u22bfCMYK<br \/>\nDensidad<br \/>\nDiferencia de densidad<br \/>\n\u00c1rea de puntos<br \/>\nGanancia de punto<br \/>\nTrampa de tinta<\/p>\n<\/div>\n<div class=\"relatedLinks\">\n<h3>Documentaci\u00f3n<\/h3>\n<table border=\"0\" width=\"100%\" cellspacing=\"0\" cellpadding=\"0\">\n<tbody>\n<tr>\n<td><img loading=\"lazy\" decoding=\"async\" src=\"http:\/\/www.ihara-us.com\/images\/pdf icon.gif\" alt=\"Adobe Acrobat\" width=\"29\" height=\"29\" \/><\/td>\n<td><a href=\"https:\/\/iharaus.com\/wp-content\/uploads\/2023\/03\/Ihara-R800-Spectrophotometer.pdf\">Folleto<\/a><\/td>\n<\/tr>\n<tr>\n<td><\/td>\n<td><\/td>\n<\/tr>\n<tr>\n<td><img loading=\"lazy\" decoding=\"async\" src=\"http:\/\/www.ihara-us.com\/images\/pdf icon.gif\" alt=\"pdf\" width=\"29\" height=\"29\" \/><\/td>\n<td><a href=\"http:\/\/www.ihara-us.com\/pdf\/cielab.pdf\">Tabla de colores CIE L*A*B* <\/a><\/td>\n<\/tr>\n<\/tbody>\n<\/table>\n<\/div>","protected":false},"excerpt":{"rendered":"<ul>\n<li><strong>\u00d3ptica<\/strong><\/li>\n<li>45\u00b0\/0\u00b0<\/li>\n<li><strong>Di\u00e1metro de apertura<\/strong><\/li>\n<li>\u03c63,0 mm<\/li>\n<li><strong>Rango espectral<\/strong><\/li>\n<li>400nm-700nm<\/li>\n<li><strong>Fuente de luz<\/strong><\/li>\n<li>LED (Blanco, Azul, UV)<\/li>\n<li><strong>Dispositivo de separaci\u00f3n espectral<\/strong><\/li>\n<li>Rejilla transmisiva<\/li>\n<li><strong>Paso de longitud de onda<\/strong><\/li>\n<li>5nm<\/li>\n<li><strong>Factor M (ISO-13655)<\/strong><\/li>\n<li>M0, M1, M2<\/li>\n<li><strong>Norma relacionada<\/strong><\/li>\n<li>JIS Z 8722, ISO 7724, DIN 5033\uff655036\uff656174, ASTM D 2244\uff65E 308\uff65E 1164, JIS K 7654, ISO 5\/4, ANSI PH 2.17, DIN 16536<\/li>\n<li><strong>Tipos de iluminantes (JIS_Z8720)<\/strong><\/li>\n<li>A, C, D50, D65<\/li>\n<li><strong>Observadores:<\/strong><\/li>\n<li>2\u00b0, 10\u00b0<\/li>\n<li><strong>Respuesta del filtro<\/strong><\/li>\n<li>Estado T, E, A, I, DIN (Ancho, Estrecho)<\/li>\n<li><strong>Repetibilidad<\/strong><\/li>\n<li>Colorim\u00e9trico: dentro de \u0394E* \u2264 0,05 (cuando la placa blanca se mide 20 veces despu\u00e9s de realizar la calibraci\u00f3n de blanco)<\/li>\n<li><strong>Acuerdo entre instrumentos<\/strong><\/li>\n<li>Dentro de \u0394E* 0,3 (Promedio de 12 mosaicos de color BCRA Serie II en comparaci\u00f3n con los valores medidos con un cuerpo maestro en las condiciones est\u00e1ndar de Ihara)<\/li>\n<li><strong>Estabilidad<\/strong><\/li>\n<li>Dentro de \u0394E* 0,25 (M\u00e1ximo cuando el plano blanco se mide 60 veces a intervalos de 60 segundos, la primera vez es un valor est\u00e1ndar)<\/li>\n<li><strong>Interfaz de usuario (Idioma)<\/strong><\/li>\n<li>ingl\u00e9s, espa\u00f1ol, franc\u00e9s<\/li>\n<li><strong>Tiempo de recarga<\/strong><\/li>\n<li>Aproximadamente 3 horas<\/li>\n<li><strong>Medidas por carga<\/strong><\/li>\n<li>Aproximadamente 1,000<\/li>\n<li><strong>Midiendo el tiempo<\/strong><\/li>\n<li>Aproximadamente 1 segundo<\/li>\n<li><strong>Temp. De funcionamiento Abarcar<\/strong><\/li>\n<li>41 \u00b0 F ~ 104 \u00b0 F (5 \u00b0 C ~ 40 \u00b0 C)<\/li>\n<li><strong>Promedio de medici\u00f3n<\/strong><\/li>\n<li>M\u00e1ximo 10 veces<\/li>\n<li><strong>Almacenamiento de datos<\/strong><\/li>\n<li>400 datos<\/li>\n<li><strong>Colores de referencia<\/strong><\/li>\n<li>40 Datos (entrada de tecla directa o de datos almacenados)<\/li>\n<li><strong>Dimensiones<\/strong><\/li>\n<li>204 mm (largo) x 80 mm (profundidad) x 80 mm (alto)<\/li>\n<li><strong>Peso<\/strong><\/li>\n<li>Aproximadamente 650 g (incluida la bater\u00eda)<\/li>\n<\/ul>","protected":false},"featured_media":1546,"comment_status":"open","ping_status":"closed","template":"","meta":{"ocean_post_layout":"","ocean_both_sidebars_style":"","ocean_both_sidebars_content_width":0,"ocean_both_sidebars_sidebars_width":0,"ocean_sidebar":"0","ocean_second_sidebar":"0","ocean_disable_margins":"enable","ocean_add_body_class":"","ocean_shortcode_before_top_bar":"","ocean_shortcode_after_top_bar":"","ocean_shortcode_before_header":"","ocean_shortcode_after_header":"","ocean_has_shortcode":"","ocean_shortcode_after_title":"","ocean_shortcode_before_footer_widgets":"","ocean_shortcode_after_footer_widgets":"","ocean_shortcode_before_footer_bottom":"","ocean_shortcode_after_footer_bottom":"","ocean_display_top_bar":"default","ocean_display_header":"default","ocean_header_style":"","ocean_center_header_left_menu":"0","ocean_custom_header_template":"0","ocean_custom_logo":0,"ocean_custom_retina_logo":0,"ocean_custom_logo_max_width":0,"ocean_custom_logo_tablet_max_width":0,"ocean_custom_logo_mobile_max_width":0,"ocean_custom_logo_max_height":0,"ocean_custom_logo_tablet_max_height":0,"ocean_custom_logo_mobile_max_height":0,"ocean_header_custom_menu":"0","ocean_menu_typo_font_family":"0","ocean_menu_typo_font_subset":"","ocean_menu_typo_font_size":0,"ocean_menu_typo_font_size_tablet":0,"ocean_menu_typo_font_size_mobile":0,"ocean_menu_typo_font_size_unit":"px","ocean_menu_typo_font_weight":"","ocean_menu_typo_font_weight_tablet":"","ocean_menu_typo_font_weight_mobile":"","ocean_menu_typo_transform":"","ocean_menu_typo_transform_tablet":"","ocean_menu_typo_transform_mobile":"","ocean_menu_typo_line_height":0,"ocean_menu_typo_line_height_tablet":0,"ocean_menu_typo_line_height_mobile":0,"ocean_menu_typo_line_height_unit":"","ocean_menu_typo_spacing":0,"ocean_menu_typo_spacing_tablet":0,"ocean_menu_typo_spacing_mobile":0,"ocean_menu_typo_spacing_unit":"","ocean_menu_link_color":"","ocean_menu_link_color_hover":"","ocean_menu_link_color_active":"","ocean_menu_link_background":"","ocean_menu_link_hover_background":"","ocean_menu_link_active_background":"","ocean_menu_social_links_bg":"","ocean_menu_social_hover_links_bg":"","ocean_menu_social_links_color":"","ocean_menu_social_hover_links_color":"","ocean_disable_title":"default","ocean_disable_heading":"default","ocean_post_title":"","ocean_post_subheading":"","ocean_post_title_style":"","ocean_post_title_background_color":"","ocean_post_title_background":0,"ocean_post_title_bg_image_position":"","ocean_post_title_bg_image_attachment":"","ocean_post_title_bg_image_repeat":"","ocean_post_title_bg_image_size":"","ocean_post_title_height":0,"ocean_post_title_bg_overlay":0.5,"ocean_post_title_bg_overlay_color":"","ocean_disable_breadcrumbs":"default","ocean_breadcrumbs_color":"","ocean_breadcrumbs_separator_color":"","ocean_breadcrumbs_links_color":"","ocean_breadcrumbs_links_hover_color":"","ocean_display_footer_widgets":"default","ocean_display_footer_bottom":"default","ocean_custom_footer_template":"0"},"product_cat":[39],"product_tag":[80,83,82,81],"class_list":{"0":"post-713","1":"product","2":"type-product","3":"status-publish","4":"has-post-thumbnail","5":"hentry","6":"product_cat-spectrophotometers","7":"product_tag-r800","8":"product_tag-spectro","9":"product_tag-spectrodensitometer","10":"product_tag-spectrophotometer","12":"entry","13":"has-media","14":"owp-thumbs-layout-horizontal","15":"owp-btn-normal","16":"owp-tabs-layout-horizontal","17":"has-product-nav"},"_links":{"self":[{"href":"https:\/\/iharaus.com\/es\/wp-json\/wp\/v2\/product\/713","targetHints":{"allow":["GET"]}}],"collection":[{"href":"https:\/\/iharaus.com\/es\/wp-json\/wp\/v2\/product"}],"about":[{"href":"https:\/\/iharaus.com\/es\/wp-json\/wp\/v2\/types\/product"}],"replies":[{"embeddable":true,"href":"https:\/\/iharaus.com\/es\/wp-json\/wp\/v2\/comments?post=713"}],"wp:featuredmedia":[{"embeddable":true,"href":"https:\/\/iharaus.com\/es\/wp-json\/wp\/v2\/media\/1546"}],"wp:attachment":[{"href":"https:\/\/iharaus.com\/es\/wp-json\/wp\/v2\/media?parent=713"}],"wp:term":[{"taxonomy":"product_cat","embeddable":true,"href":"https:\/\/iharaus.com\/es\/wp-json\/wp\/v2\/product_cat?post=713"},{"taxonomy":"product_tag","embeddable":true,"href":"https:\/\/iharaus.com\/es\/wp-json\/wp\/v2\/product_tag?post=713"}],"curies":[{"name":"wp","href":"https:\/\/api.w.org\/{rel}","templated":true}]}}