{"id":715,"date":"2021-08-12T19:57:26","date_gmt":"2021-08-13T00:57:26","guid":{"rendered":"http:\/\/www.ihara-us.com\/wordpress\/?post_type=product&#038;p=715"},"modified":"2023-03-07T08:26:03","modified_gmt":"2023-03-07T13:26:03","slug":"pantone-formula-scale-3","status":"publish","type":"product","link":"https:\/\/iharaus.com\/es\/producto\/pantone-formula-scale-3\/","title":{"rendered":"PANTONE\u00ae F\u00f3rmula Escala 3"},"content":{"rendered":"<p>El <strong>PANTONE F\u00f3rmula Escala 3<\/strong> viene listo programado con <em>TODO<\/em> las f\u00f3rmulas contenidas en la norma <strong>Gu\u00edas de f\u00f3rmulas PANTONE<\/strong> (incluidos los met\u00e1licos y fluorescentes), y los \u00faltimos colores tanto en el nuevo <strong>F\u00f3rmula met\u00e1lica PANTONE<\/strong> gu\u00eda y el nuevo <strong>Gu\u00eda de f\u00f3rmulas pastel PANTONE<\/strong>. Las nuevas escalas se pueden utilizar para mezclar CUALQUIER color s\u00f3lido PANTONE.<\/p>\n<p><strong>Nota:<\/strong> La gu\u00eda de f\u00f3rmulas met\u00e1licas PANTONE y la gu\u00eda de f\u00f3rmulas PANTONE Pastel se han actualizado recientemente, con la adici\u00f3n de nuevos colores. Cualquier propietario existente de una escala de f\u00f3rmula modelo PFS3 PANTONE puede obtener una actualizaci\u00f3n de nosotros para incluir los nuevos colores, a un costo nominal.<\/p>\n<p><img loading=\"lazy\" decoding=\"async\" id=\"imageLeft\" class=\"alignleft\" src=\"http:\/\/www.ihara-us.com\/images\/products\/disp.jpg\" width=\"255\" height=\"85\" \/><\/p>\n<p>el nuevo est\u00e1ndar <strong>PANTONE F\u00f3rmula Escala 3<\/strong> los modelos pueden mezclar tinta para formular colores PANTONE, hasta una capacidad m\u00e1xima de 5 kg. Son excelentes para todas las impresoras que tienen una variedad de requisitos de impresi\u00f3n en color y una reputaci\u00f3n de resultados de calidad. La gran pantalla retroiluminada proporciona informaci\u00f3n detallada en cada etapa, con n\u00fameros que se muestran en d\u00edgitos grandes, por lo que las escalas son realmente f\u00e1ciles de usar.<\/p>\n<p>Una barra de progreso lo gu\u00eda a trav\u00e9s de la adici\u00f3n de las tintas base y luego puede usar el indicador de peso para la cantidad precisa. Si olvida alguna de las bases o no se encuentra dentro de las tolerancias, se le advertir\u00e1 antes de abandonar la secuencia de mezclado.<\/p>\n<p>Al igual que con todas las escalas de f\u00f3rmula PANTONE, simplemente seleccione el color PANTONE que desea mezclar, ingrese la cantidad, luego coloque un recipiente en la bandeja de pesaje y siga la secuencia de mezcla. La b\u00e1scula calcular\u00e1 las cantidades exactas de cada una de las tintas base requeridas y le advertir\u00e1 de cualquier problema potencial.<\/p>\n<p>La informaci\u00f3n sensible al contexto est\u00e1 disponible con solo tocar un bot\u00f3n, por lo que puede verificar f\u00e1cilmente una f\u00f3rmula, las cantidades de tintas base requeridas o el progreso de la mezcla. Tambi\u00e9n puede seleccionar entre varias opciones, incluida la opci\u00f3n de trabajar en kg o lbs.<\/p>\n<p>PANTONE Formula Scale 3 se basa en el \u00e9xito de la cl\u00e1sica PANTONE Formula Scale, probada por miles de impresores en todo el mundo como la mejor manera de mezclar con precisi\u00f3n los colores PANTONE, con la \u00faltima tecnolog\u00eda que proporciona una gran cantidad de funciones avanzadas.<\/p>\n<div style=\"width: 640px;\" class=\"wp-video\"><video class=\"wp-video-shortcode\" id=\"video-715-1\" width=\"640\" height=\"360\" preload=\"metadata\" controls=\"controls\"><source type=\"video\/mp4\" src=\"http:\/\/www.ihara-us.com\/wp-content\/uploads\/2022\/09\/Pantone_Ink_Scales.mp4?_=1\" \/><a href=\"http:\/\/www.ihara-us.com\/wp-content\/uploads\/2022\/09\/Pantone_Ink_Scales.mp4\">http:\/\/www.ihara-us.com\/wp-content\/uploads\/2022\/09\/Pantone_Ink_Scales.mp4<\/a><\/video><\/div>\n<h4>Informaci\u00f3n del modelo<\/h4>\n<table width=\"90%\">\n<tbody>\n<tr>\n<td width=\"20%\"><b>N\u00famero de modelo<\/b><\/td>\n<td colspan=\"2\" valign=\"top\" width=\"40%\"><b>PFS3-5-22<\/b><\/td>\n<td colspan=\"2\" valign=\"top\" width=\"40%\"><b>PFS3-5-12<\/b><\/td>\n<\/tr>\n<tr>\n<td width=\"20%\"><b>Capacidad de mezcla<\/b><\/td>\n<td width=\"20%\">5kg<\/td>\n<td width=\"20%\">10 libras<\/td>\n<td width=\"20%\">5kg<\/td>\n<td width=\"20%\">10 libras<\/td>\n<\/tr>\n<tr>\n<td width=\"20%\"><b>m\u00e1x. Capacidad<\/b><\/td>\n<td width=\"20%\">6 kg<\/td>\n<td width=\"20%\">12 libras<\/td>\n<td width=\"20%\">6 kg<\/td>\n<td width=\"20%\">12 libras<\/td>\n<\/tr>\n<tr>\n<td width=\"20%\"><b>Divisi\u00f3n de escala<\/b><\/td>\n<td width=\"20%\">0.001kg<\/td>\n<td width=\"20%\">0,001 libras<\/td>\n<td width=\"20%\">0.001kg<\/td>\n<td width=\"20%\">0,001 libras<\/td>\n<\/tr>\n<tr>\n<td width=\"20%\"><b>Fuente de alimentaci\u00f3n<\/b><\/td>\n<td colspan=\"2\" width=\"40%\">230 V, 60 Hz<\/td>\n<td colspan=\"2\" width=\"40%\">120 V, 60 Hz<\/td>\n<\/tr>\n<\/tbody>\n<\/table>\n<hr \/>\n<div class=\"relatedLinks\">\n<h3>Caracter\u00edsticas \/ Medidas<\/h3>\n<ul>\n<li>Programado para TODOS los colores s\u00f3lidos PANTONE, incluidos los met\u00e1licos y los pasteles<\/li>\n<li>Operaci\u00f3n dual: kg y libras<\/li>\n<li>Barra indicadora que muestra el progreso de cada adici\u00f3n de tinta base<\/li>\n<li>Capacidad de mezcla de tinta de 5 kg<\/li>\n<li>Gran pantalla retroiluminada con informaci\u00f3n detallada<\/li>\n<\/ul>\n<\/div>\n<div class=\"relatedLinks\">\n<h3>Documentaci\u00f3n<\/h3>\n<table border=\"0\" width=\"100%\" cellspacing=\"0\" cellpadding=\"0\">\n<tbody>\n<tr>\n<td><img loading=\"lazy\" decoding=\"async\" src=\"http:\/\/www.ihara-us.com\/images\/pdf icon.gif\" alt=\"Adobe Acrobat\" width=\"29\" height=\"29\" \/><\/td>\n<td><a href=\"http:\/\/www.ihara-us.com\/pdf\/pantone-brochure.pdf\">Folleto<\/a><\/td>\n<\/tr>\n<tr>\n<td><img loading=\"lazy\" decoding=\"async\" src=\"http:\/\/www.ihara-us.com\/images\/pdf icon.gif\" alt=\"pdf\" width=\"29\" height=\"29\" \/><\/td>\n<td><a href=\"http:\/\/www.ihara-us.com\/pdf\/PFS3-5-manual.pdf\">Manual de operaciones<\/a><\/td>\n<\/tr>\n<\/tbody>\n<\/table>\n<\/div>\n<p>&nbsp;<\/p>\n<p><a href=\"http:\/\/www.ihara-us.com\/pdf\/PantoneScaleChart.pdf\" target=\"_blank\" rel=\"noopener\">Cuadro comparativo<\/a><\/p>","protected":false},"excerpt":{"rendered":"<ul>\n<li><strong>F\u00f3rmulas almacenadas<\/strong><\/li>\n<li>Colores PANTONE que se encuentran en la edici\u00f3n de impresora de la gu\u00eda de f\u00f3rmulas PANTONE, la gu\u00eda met\u00e1lica PANTONE y la gu\u00eda pastel PANTONE<\/li>\n<li><strong>Precisi\u00f3n de pesaje<\/strong><\/li>\n<li>\u00b1 0.05% \u00b1 1\/2 Divisi\u00f3n de escala<\/li>\n<li><strong>Precisi\u00f3n de formulaci\u00f3n<\/strong><\/li>\n<li>\u00b1 0.05% \u00b1 1\/2 Divisi\u00f3n de escala<\/li>\n<li><strong>Rango de tara<\/strong><\/li>\n<li>Capacidad de escala completa<\/li>\n<\/ul>","protected":false},"featured_media":716,"comment_status":"open","ping_status":"closed","template":"","meta":{"ocean_post_layout":"","ocean_both_sidebars_style":"","ocean_both_sidebars_content_width":0,"ocean_both_sidebars_sidebars_width":0,"ocean_sidebar":"0","ocean_second_sidebar":"0","ocean_disable_margins":"enable","ocean_add_body_class":"","ocean_shortcode_before_top_bar":"","ocean_shortcode_after_top_bar":"","ocean_shortcode_before_header":"","ocean_shortcode_after_header":"","ocean_has_shortcode":"","ocean_shortcode_after_title":"","ocean_shortcode_before_footer_widgets":"","ocean_shortcode_after_footer_widgets":"","ocean_shortcode_before_footer_bottom":"","ocean_shortcode_after_footer_bottom":"","ocean_display_top_bar":"default","ocean_display_header":"default","ocean_header_style":"","ocean_center_header_left_menu":"0","ocean_custom_header_template":"0","ocean_custom_logo":0,"ocean_custom_retina_logo":0,"ocean_custom_logo_max_width":0,"ocean_custom_logo_tablet_max_width":0,"ocean_custom_logo_mobile_max_width":0,"ocean_custom_logo_max_height":0,"ocean_custom_logo_tablet_max_height":0,"ocean_custom_logo_mobile_max_height":0,"ocean_header_custom_menu":"0","ocean_menu_typo_font_family":"0","ocean_menu_typo_font_subset":"","ocean_menu_typo_font_size":0,"ocean_menu_typo_font_size_tablet":0,"ocean_menu_typo_font_size_mobile":0,"ocean_menu_typo_font_size_unit":"px","ocean_menu_typo_font_weight":"","ocean_menu_typo_font_weight_tablet":"","ocean_menu_typo_font_weight_mobile":"","ocean_menu_typo_transform":"","ocean_menu_typo_transform_tablet":"","ocean_menu_typo_transform_mobile":"","ocean_menu_typo_line_height":0,"ocean_menu_typo_line_height_tablet":0,"ocean_menu_typo_line_height_mobile":0,"ocean_menu_typo_line_height_unit":"","ocean_menu_typo_spacing":0,"ocean_menu_typo_spacing_tablet":0,"ocean_menu_typo_spacing_mobile":0,"ocean_menu_typo_spacing_unit":"","ocean_menu_link_color":"","ocean_menu_link_color_hover":"","ocean_menu_link_color_active":"","ocean_menu_link_background":"","ocean_menu_link_hover_background":"","ocean_menu_link_active_background":"","ocean_menu_social_links_bg":"","ocean_menu_social_hover_links_bg":"","ocean_menu_social_links_color":"","ocean_menu_social_hover_links_color":"","ocean_disable_title":"default","ocean_disable_heading":"default","ocean_post_title":"","ocean_post_subheading":"","ocean_post_title_style":"","ocean_post_title_background_color":"","ocean_post_title_background":0,"ocean_post_title_bg_image_position":"","ocean_post_title_bg_image_attachment":"","ocean_post_title_bg_image_repeat":"","ocean_post_title_bg_image_size":"","ocean_post_title_height":0,"ocean_post_title_bg_overlay":0.5,"ocean_post_title_bg_overlay_color":"","ocean_disable_breadcrumbs":"default","ocean_breadcrumbs_color":"","ocean_breadcrumbs_separator_color":"","ocean_breadcrumbs_links_color":"","ocean_breadcrumbs_links_hover_color":"","ocean_display_footer_widgets":"default","ocean_display_footer_bottom":"default","ocean_custom_footer_template":"0"},"product_cat":[35],"product_tag":[],"class_list":{"0":"post-715","1":"product","2":"type-product","3":"status-publish","4":"has-post-thumbnail","5":"hentry","6":"product_cat-pantone-ink-formula-scales","8":"entry","9":"has-media","10":"owp-thumbs-layout-horizontal","11":"owp-btn-normal","12":"owp-tabs-layout-horizontal","13":"has-no-thumbnails","14":"has-product-nav"},"_links":{"self":[{"href":"https:\/\/iharaus.com\/es\/wp-json\/wp\/v2\/product\/715","targetHints":{"allow":["GET"]}}],"collection":[{"href":"https:\/\/iharaus.com\/es\/wp-json\/wp\/v2\/product"}],"about":[{"href":"https:\/\/iharaus.com\/es\/wp-json\/wp\/v2\/types\/product"}],"replies":[{"embeddable":true,"href":"https:\/\/iharaus.com\/es\/wp-json\/wp\/v2\/comments?post=715"}],"wp:featuredmedia":[{"embeddable":true,"href":"https:\/\/iharaus.com\/es\/wp-json\/wp\/v2\/media\/716"}],"wp:attachment":[{"href":"https:\/\/iharaus.com\/es\/wp-json\/wp\/v2\/media?parent=715"}],"wp:term":[{"taxonomy":"product_cat","embeddable":true,"href":"https:\/\/iharaus.com\/es\/wp-json\/wp\/v2\/product_cat?post=715"},{"taxonomy":"product_tag","embeddable":true,"href":"https:\/\/iharaus.com\/es\/wp-json\/wp\/v2\/product_tag?post=715"}],"curies":[{"name":"wp","href":"https:\/\/api.w.org\/{rel}","templated":true}]}}