{"id":717,"date":"2021-08-13T12:39:21","date_gmt":"2021-08-13T17:39:21","guid":{"rendered":"http:\/\/www.ihara-us.com\/wordpress\/?post_type=product&#038;p=717"},"modified":"2023-03-07T08:26:38","modified_gmt":"2023-03-07T13:26:38","slug":"pantone-formula-scale-3-2","status":"publish","type":"product","link":"https:\/\/iharaus.com\/es\/producto\/pantone-formula-scale-3-2\/","title":{"rendered":"Escala de f\u00f3rmula PANTONE\u00ae 3+"},"content":{"rendered":"<p>El nuevo <strong>Escala de f\u00f3rmula PANTONE 3+<\/strong> viene con todas las muchas caracter\u00edsticas del est\u00e1ndar <strong>PANTONE F\u00f3rmula Escala 3<\/strong>, adem\u00e1s de importantes funciones avanzadas adicionales.<\/p>\n<p>Al igual que las b\u00e1sculas PFS3 est\u00e1ndar, ya est\u00e1 programada con <em>TODO<\/em> las f\u00f3rmulas contenidas en las gu\u00edas de f\u00f3rmulas PANTONE est\u00e1ndar (incluidos los colores met\u00e1licos y fluorescentes), y los \u00faltimos colores tanto en el nuevo <strong>Gu\u00eda de f\u00f3rmulas met\u00e1licas PANTONE<\/strong> y el nuevo <strong>Gu\u00eda de f\u00f3rmulas pastel PANTONE<\/strong>. Estas escalas se pueden utilizar para mezclar CUALQUIER color s\u00f3lido PANTONE.<\/p>\n<p>Sin embargo, con este nuevo modelo, puede almacenar hasta 100 de sus propios colores &#039;Personalizados&#039;. Entonces, cuando tenga un color especial para un cliente importante, puede guardarlo en la memoria de la b\u00e1scula y sabr\u00e1 que puede volver a mezclar f\u00e1cilmente la f\u00f3rmula exacta cuando el cliente regrese. Las f\u00f3rmulas personalizadas se pueden derivar de colores PANTONE conocidos mediante edici\u00f3n o se pueden ingresar a partir de nuevos datos. Cuando se guardan, se pueden nombrar para una f\u00e1cil referencia.<\/p>\n<p>Todos sabemos que algunas f\u00f3rmulas son m\u00e1s cr\u00edticas que otras, tal vez con una peque\u00f1a cantidad de PANTONE Black u otro componente sensible, que deber\u00e1 agregarse con precisi\u00f3n para obtener una buena combinaci\u00f3n. Entonces, el NUEVO PANTONE Formula Scale 3+ tiene un x10<em> &#039;Alta resoluci\u00f3n&#039;<\/em> modo de pesaje. Si necesita usarlo porque uno o m\u00e1s de los componentes de una mezcla es muy peque\u00f1o, la Escala le indicar\u00e1. Tambi\u00e9n le permitir\u00e1 hacer mezclas muy peque\u00f1as cuando sea necesario.<\/p>\n<p>Si bien la mayor\u00eda de los requisitos consisten en mezclar hasta unos pocos kilogramos de tinta y se cumplen con la capacidad est\u00e1ndar de 5 kg, algunas impresoras requieren cantidades mayores. Podemos proporcionar modelos de capacidad de 10 kg y 25 kg con todas las mismas caracter\u00edsticas.<\/p>\n<p>Todas las escalas de f\u00f3rmula PANTONE actuales ofrecen una funci\u00f3n para &#039;recalcular&#039; los componentes de una mezcla si accidentalmente agrega demasiado de un componente y no puede eliminarlo de la mezcla. Este modelo simplifica la operaci\u00f3n proporcionando la <em>&#039;Recalcular&#039;<\/em> funci\u00f3n en una tecla separada.<\/p>\n<div style=\"width: 640px;\" class=\"wp-video\"><video class=\"wp-video-shortcode\" id=\"video-717-1\" width=\"640\" height=\"360\" preload=\"metadata\" controls=\"controls\"><source type=\"video\/mp4\" src=\"http:\/\/www.ihara-us.com\/wp-content\/uploads\/2022\/09\/Pantone_Ink_Scales.mp4?_=1\" \/><a href=\"http:\/\/www.ihara-us.com\/wp-content\/uploads\/2022\/09\/Pantone_Ink_Scales.mp4\">http:\/\/www.ihara-us.com\/wp-content\/uploads\/2022\/09\/Pantone_Ink_Scales.mp4<\/a><\/video><\/div>\n<h4>Informaci\u00f3n del modelo<\/h4>\n<table width=\"90%\">\n<tbody>\n<tr>\n<td width=\"20%\"><b>N\u00famero de modelo<\/b><\/td>\n<td colspan=\"2\" valign=\"top\" width=\"40%\"><b>SLP3+:5-22<\/b><\/td>\n<td colspan=\"2\" valign=\"top\" width=\"40%\"><b>SLP3+:5-12<\/b><\/td>\n<\/tr>\n<tr>\n<td width=\"20%\"><b>Capacidad de mezcla<\/b><\/td>\n<td width=\"20%\">5kg<\/td>\n<td width=\"20%\">10 libras<\/td>\n<td width=\"20%\">5kg<\/td>\n<td width=\"20%\">10 libras<\/td>\n<\/tr>\n<tr>\n<td width=\"20%\"><b>m\u00e1x. Capacidad<\/b><\/td>\n<td width=\"20%\">6 kg<\/td>\n<td width=\"20%\">12 libras<\/td>\n<td width=\"20%\">6 kg<\/td>\n<td width=\"20%\">12 libras<\/td>\n<\/tr>\n<tr>\n<td width=\"20%\"><b>Divisi\u00f3n est\u00e1ndar<\/b><\/td>\n<td width=\"20%\">0.001kg<\/td>\n<td width=\"20%\">0,001 libras<\/td>\n<td width=\"20%\">0.001kg<\/td>\n<td width=\"20%\">0,001 libras<\/td>\n<\/tr>\n<tr>\n<td width=\"20%\"><b>Modo de alta resoluci\u00f3n<\/b><\/td>\n<td width=\"20%\">0.0001kg<\/td>\n<td width=\"20%\">0,0002 libras<\/td>\n<td width=\"20%\">0.0001kg<\/td>\n<td width=\"20%\">0,0002 libras<\/td>\n<\/tr>\n<tr>\n<td width=\"20%\"><b>Fuente de alimentaci\u00f3n<\/b><\/td>\n<td colspan=\"2\" width=\"40%\">230 V, 60 Hz<\/td>\n<td colspan=\"2\" width=\"40%\">120 V, 60 Hz<\/td>\n<\/tr>\n<\/tbody>\n<\/table>\n<p>&nbsp;<\/p>\n<table width=\"90%\">\n<tbody>\n<tr>\n<td width=\"20%\"><b>N\u00famero de modelo<\/b><\/td>\n<td colspan=\"2\" valign=\"top\" width=\"40%\"><b>SLP3+:10-22<\/b><\/td>\n<td colspan=\"2\" valign=\"top\" width=\"40%\"><b>SLP3+:10-12<\/b><\/td>\n<\/tr>\n<tr>\n<td width=\"20%\"><b>Capacidad de mezcla<\/b><\/td>\n<td width=\"20%\">10kg<\/td>\n<td width=\"20%\">20 libras<\/td>\n<td width=\"20%\">10kg<\/td>\n<td width=\"20%\">20 libras<\/td>\n<\/tr>\n<tr>\n<td width=\"20%\"><b>m\u00e1x. Capacidad<\/b><\/td>\n<td width=\"20%\">12kg<\/td>\n<td width=\"20%\">25 libras<\/td>\n<td width=\"20%\">12kg<\/td>\n<td width=\"20%\">25 libras<\/td>\n<\/tr>\n<tr>\n<td width=\"20%\"><b>Divisi\u00f3n de escala<\/b><\/td>\n<td width=\"20%\">0.001kg<\/td>\n<td width=\"20%\">0,001 libras<\/td>\n<td width=\"20%\">0.001kg<\/td>\n<td width=\"20%\">0,001 libras<\/td>\n<\/tr>\n<tr>\n<td width=\"20%\"><b>Modo de alta resoluci\u00f3n<\/b><\/td>\n<td width=\"20%\">0.0002kg<\/td>\n<td width=\"20%\">0,0005 libras<\/td>\n<td width=\"20%\">0.0002kg<\/td>\n<td width=\"20%\">0,0005 libras<\/td>\n<\/tr>\n<tr>\n<td width=\"20%\"><b>Fuente de alimentaci\u00f3n<\/b><\/td>\n<td colspan=\"2\" width=\"40%\">230 V, 60 Hz<\/td>\n<td colspan=\"2\" width=\"40%\">120 V, 60 Hz<\/td>\n<\/tr>\n<\/tbody>\n<\/table>\n<p>&nbsp;<\/p>\n<table width=\"90%\">\n<tbody>\n<tr>\n<td width=\"20%\"><b>N\u00famero de modelo<\/b><\/td>\n<td colspan=\"2\" valign=\"top\" width=\"40%\"><b>SLP3+:25-22<\/b><\/td>\n<td colspan=\"2\" valign=\"top\" width=\"40%\"><b>SLP3+:25-12<\/b><\/td>\n<\/tr>\n<tr>\n<td width=\"20%\"><b>Capacidad de mezcla<\/b><\/td>\n<td width=\"20%\">25kg<\/td>\n<td width=\"20%\">50 libras<\/td>\n<td width=\"20%\">25kg<\/td>\n<td width=\"20%\">50 libras<\/td>\n<\/tr>\n<tr>\n<td width=\"20%\"><b>m\u00e1x. Capacidad<\/b><\/td>\n<td width=\"20%\">30kg<\/td>\n<td width=\"20%\">25 libras<\/td>\n<td width=\"20%\">12kg<\/td>\n<td width=\"20%\">25 libras<\/td>\n<\/tr>\n<tr>\n<td width=\"20%\"><b>Divisi\u00f3n de escala<\/b><\/td>\n<td width=\"20%\">0,01 kg<\/td>\n<td width=\"20%\">0,02 libras<\/td>\n<td width=\"20%\">0,01 kg<\/td>\n<td width=\"20%\">0,02 libras<\/td>\n<\/tr>\n<tr>\n<td width=\"20%\"><b>Modo de alta resoluci\u00f3n<\/b><\/td>\n<td width=\"20%\">0.001kg<\/td>\n<td width=\"20%\">0,002 libras<\/td>\n<td width=\"20%\">0.001kg<\/td>\n<td width=\"20%\">0,002 libras<\/td>\n<\/tr>\n<tr>\n<td width=\"20%\"><b>Fuente de alimentaci\u00f3n<\/b><\/td>\n<td colspan=\"2\" width=\"40%\">230 V, 60 Hz<\/td>\n<td colspan=\"2\" width=\"40%\">120 V, 60 Hz<\/td>\n<\/tr>\n<\/tbody>\n<\/table>\n<hr \/>\n<div class=\"relatedLinks\">\n<h3>Caracter\u00edsticas \/ Medidas<\/h3>\n<\/div>\n<div><\/div>\n<div class=\"relatedLinks\">\n<p>Todas las funciones de PANTONE Formula Scale 3 est\u00e1ndar, M\u00c1S:<\/p>\n<ul>\n<li>Almacena hasta 100 f\u00f3rmulas personalizadas<\/li>\n<li>Modo de alta resoluci\u00f3n para mezclas dif\u00edciles<\/li>\n<li>Capacidad est\u00e1ndar 5 kg x 0,1 g<\/li>\n<li>Variantes de 10 kg y 25 kg disponibles<\/li>\n<li>Funci\u00f3n de &#039;Recalculo&#039; de tecla \u00fanica<\/li>\n<\/ul>\n<\/div>\n<div class=\"relatedLinks\">\n<h3>Documentaci\u00f3n<\/h3>\n<table border=\"0\" width=\"100%\" cellspacing=\"0\" cellpadding=\"0\">\n<tbody>\n<tr>\n<td><img loading=\"lazy\" decoding=\"async\" src=\"http:\/\/www.ihara-us.com\/images\/pdf icon.gif\" alt=\"Adobe Acrobat\" width=\"29\" height=\"29\" \/><\/td>\n<td><a href=\"http:\/\/www.ihara-us.com\/pdf\/pantone-brochure.pdf\">Folleto<\/a><\/td>\n<\/tr>\n<tr>\n<td><img loading=\"lazy\" decoding=\"async\" src=\"http:\/\/www.ihara-us.com\/images\/pdf icon.gif\" alt=\"pdf\" width=\"29\" height=\"29\" \/><\/td>\n<td><a href=\"http:\/\/www.ihara-us.com\/pdf\/PFS3+-manual.pdf\">Manual de operaciones<\/a><\/td>\n<\/tr>\n<\/tbody>\n<\/table>\n<\/div>\n<p><a href=\"http:\/\/www.ihara-us.com\/pdf\/PantoneScaleChart.pdf\" target=\"_blank\" rel=\"noopener\">Cuadro comparativo<\/a><\/p>","protected":false},"excerpt":{"rendered":"<ul>\n<li><strong>F\u00f3rmulas almacenadas<\/strong><\/li>\n<li>Colores PANTONE que se encuentran en la edici\u00f3n de impresora de la gu\u00eda de f\u00f3rmulas PANTONE, la gu\u00eda met\u00e1lica PANTONE y la gu\u00eda pastel PANTONE, M\u00c1S 100 f\u00f3rmulas personalizadas<\/li>\n<li><strong>F\u00f3rmulas definidas por el usuario<\/strong><\/li>\n<li>Hasta 100 f\u00f3rmulas personalizadas utilizando cualquier base PANTONE<\/li>\n<li><strong>Precisi\u00f3n de pesaje<\/strong><\/li>\n<li>\u00b1 0.05% \u00b1 1\/2 Divisi\u00f3n de escala<\/li>\n<li><strong>Precisi\u00f3n de formulaci\u00f3n<\/strong><\/li>\n<li>\u00b1 0.05% \u00b1 1\/2 Divisi\u00f3n de escala<\/li>\n<li><strong>Rango de tara<\/strong><\/li>\n<li>Capacidad de escala completa<\/li>\n<\/ul>","protected":false},"featured_media":718,"comment_status":"open","ping_status":"closed","template":"","meta":{"ocean_post_layout":"","ocean_both_sidebars_style":"","ocean_both_sidebars_content_width":0,"ocean_both_sidebars_sidebars_width":0,"ocean_sidebar":"0","ocean_second_sidebar":"0","ocean_disable_margins":"enable","ocean_add_body_class":"","ocean_shortcode_before_top_bar":"","ocean_shortcode_after_top_bar":"","ocean_shortcode_before_header":"","ocean_shortcode_after_header":"","ocean_has_shortcode":"","ocean_shortcode_after_title":"","ocean_shortcode_before_footer_widgets":"","ocean_shortcode_after_footer_widgets":"","ocean_shortcode_before_footer_bottom":"","ocean_shortcode_after_footer_bottom":"","ocean_display_top_bar":"default","ocean_display_header":"default","ocean_header_style":"","ocean_center_header_left_menu":"0","ocean_custom_header_template":"0","ocean_custom_logo":0,"ocean_custom_retina_logo":0,"ocean_custom_logo_max_width":0,"ocean_custom_logo_tablet_max_width":0,"ocean_custom_logo_mobile_max_width":0,"ocean_custom_logo_max_height":0,"ocean_custom_logo_tablet_max_height":0,"ocean_custom_logo_mobile_max_height":0,"ocean_header_custom_menu":"0","ocean_menu_typo_font_family":"0","ocean_menu_typo_font_subset":"","ocean_menu_typo_font_size":0,"ocean_menu_typo_font_size_tablet":0,"ocean_menu_typo_font_size_mobile":0,"ocean_menu_typo_font_size_unit":"px","ocean_menu_typo_font_weight":"","ocean_menu_typo_font_weight_tablet":"","ocean_menu_typo_font_weight_mobile":"","ocean_menu_typo_transform":"","ocean_menu_typo_transform_tablet":"","ocean_menu_typo_transform_mobile":"","ocean_menu_typo_line_height":0,"ocean_menu_typo_line_height_tablet":0,"ocean_menu_typo_line_height_mobile":0,"ocean_menu_typo_line_height_unit":"","ocean_menu_typo_spacing":0,"ocean_menu_typo_spacing_tablet":0,"ocean_menu_typo_spacing_mobile":0,"ocean_menu_typo_spacing_unit":"","ocean_menu_link_color":"","ocean_menu_link_color_hover":"","ocean_menu_link_color_active":"","ocean_menu_link_background":"","ocean_menu_link_hover_background":"","ocean_menu_link_active_background":"","ocean_menu_social_links_bg":"","ocean_menu_social_hover_links_bg":"","ocean_menu_social_links_color":"","ocean_menu_social_hover_links_color":"","ocean_disable_title":"default","ocean_disable_heading":"default","ocean_post_title":"","ocean_post_subheading":"","ocean_post_title_style":"","ocean_post_title_background_color":"","ocean_post_title_background":0,"ocean_post_title_bg_image_position":"","ocean_post_title_bg_image_attachment":"","ocean_post_title_bg_image_repeat":"","ocean_post_title_bg_image_size":"","ocean_post_title_height":0,"ocean_post_title_bg_overlay":0.5,"ocean_post_title_bg_overlay_color":"","ocean_disable_breadcrumbs":"default","ocean_breadcrumbs_color":"","ocean_breadcrumbs_separator_color":"","ocean_breadcrumbs_links_color":"","ocean_breadcrumbs_links_hover_color":"","ocean_display_footer_widgets":"default","ocean_display_footer_bottom":"default","ocean_custom_footer_template":"0"},"product_cat":[35],"product_tag":[],"class_list":{"0":"post-717","1":"product","2":"type-product","3":"status-publish","4":"has-post-thumbnail","5":"hentry","6":"product_cat-pantone-ink-formula-scales","8":"entry","9":"has-media","10":"owp-thumbs-layout-horizontal","11":"owp-btn-normal","12":"owp-tabs-layout-horizontal","13":"has-no-thumbnails","14":"has-product-nav"},"_links":{"self":[{"href":"https:\/\/iharaus.com\/es\/wp-json\/wp\/v2\/product\/717","targetHints":{"allow":["GET"]}}],"collection":[{"href":"https:\/\/iharaus.com\/es\/wp-json\/wp\/v2\/product"}],"about":[{"href":"https:\/\/iharaus.com\/es\/wp-json\/wp\/v2\/types\/product"}],"replies":[{"embeddable":true,"href":"https:\/\/iharaus.com\/es\/wp-json\/wp\/v2\/comments?post=717"}],"wp:featuredmedia":[{"embeddable":true,"href":"https:\/\/iharaus.com\/es\/wp-json\/wp\/v2\/media\/718"}],"wp:attachment":[{"href":"https:\/\/iharaus.com\/es\/wp-json\/wp\/v2\/media?parent=717"}],"wp:term":[{"taxonomy":"product_cat","embeddable":true,"href":"https:\/\/iharaus.com\/es\/wp-json\/wp\/v2\/product_cat?post=717"},{"taxonomy":"product_tag","embeddable":true,"href":"https:\/\/iharaus.com\/es\/wp-json\/wp\/v2\/product_tag?post=717"}],"curies":[{"name":"wp","href":"https:\/\/api.w.org\/{rel}","templated":true}]}}