{"id":720,"date":"2021-08-13T12:45:57","date_gmt":"2021-08-13T17:45:57","guid":{"rendered":"http:\/\/www.ihara-us.com\/wordpress\/?post_type=product&#038;p=720"},"modified":"2023-03-07T08:27:03","modified_gmt":"2023-03-07T13:27:03","slug":"pantone-formula-scale-3i","status":"publish","type":"product","link":"https:\/\/iharaus.com\/es\/producto\/pantone-formula-scale-3i\/","title":{"rendered":"Escala de f\u00f3rmula PANTONE\u00ae 3i"},"content":{"rendered":"<p>Con esta nueva b\u00e1scula podr\u00e1 disfrutar de la comodidad y precisi\u00f3n de utilizar un <strong>Escala de f\u00f3rmula PANTONE <\/strong>para mezclar cualquier tinta de color para la que tenga una f\u00f3rmula, sin importar cu\u00e1l sea o el sistema de tinta y las bases utilizadas.<\/p>\n<p>El PC &#039;Programable&#039; <strong>Escala de f\u00f3rmula PANTONE 3i<\/strong> abre el mundo de la mezcla de tintas. Como era de esperar, el <strong>Escala de f\u00f3rmula PANTONE 3i<\/strong> viene ya programado con TODAS las f\u00f3rmulas contenidas en el est\u00e1ndar <strong>Gu\u00edas de f\u00f3rmulas PANTONE<\/strong> (incluidos los met\u00e1licos y fluorescentes), y los \u00faltimos colores tanto en el nuevo <em>Gu\u00eda de f\u00f3rmulas met\u00e1licas PANTONE<\/em> y el nuevo <em>Gu\u00eda de f\u00f3rmulas pastel PANTONE<\/em>.<\/p>\n<p>Adem\u00e1s, puede almacenar hasta <strong>30.000 mezclas diferentes<\/strong>, en hasta 64 sistemas de tinta diferentes. \u00a1La capacidad de memoria de esta b\u00e1scula es enorme!<\/p>\n<p>El software Formula Master basado en PC proporcionado le permite ingresar y crear sus propias bases de datos de formulaciones de tinta de color, y luego descargarlas a la b\u00e1scula. Adem\u00e1s, la mayor\u00eda de las formas de bases de datos existentes se pueden convertir f\u00e1cilmente al formato requerido. Una vez descargados, se almacenan en la memoria de la b\u00e1scula, por lo que ya no es necesaria la conexi\u00f3n a la PC, \u00a1no es necesario que lleve la PC a la sala de tinta!<\/p>\n<p>Adem\u00e1s, el PANTONE Formula Scale 3i &#039;programable&#039; tiene todas las funciones avanzadas del PANTONE Formula Scale 3+ para que la mezcla de tinta sea r\u00e1pida y precisa.<\/p>\n<div style=\"width: 640px;\" class=\"wp-video\"><video class=\"wp-video-shortcode\" id=\"video-720-1\" width=\"640\" height=\"360\" preload=\"metadata\" controls=\"controls\"><source type=\"video\/mp4\" src=\"http:\/\/www.ihara-us.com\/wp-content\/uploads\/2022\/09\/Pantone_Ink_Scales.mp4?_=1\" \/><a href=\"http:\/\/www.ihara-us.com\/wp-content\/uploads\/2022\/09\/Pantone_Ink_Scales.mp4\">http:\/\/www.ihara-us.com\/wp-content\/uploads\/2022\/09\/Pantone_Ink_Scales.mp4<\/a><\/video><\/div>\n<h4>Informaci\u00f3n del modelo<\/h4>\n<table width=\"90%\">\n<tbody>\n<tr>\n<td width=\"20%\"><b>N\u00famero de modelo<\/b><\/td>\n<td colspan=\"2\" align=\"center\" valign=\"top\" width=\"40%\"><b>PFS3i: 5-22<\/b><\/td>\n<td colspan=\"2\" align=\"center\" valign=\"top\" width=\"40%\"><b>PFS3i: 5-12<\/b><\/td>\n<\/tr>\n<tr>\n<td width=\"20%\"><b>Capacidad de mezcla<\/b><\/td>\n<td align=\"center\" width=\"20%\">5kg<\/td>\n<td align=\"center\" width=\"20%\">10 libras<\/td>\n<td align=\"center\" width=\"20%\">5kg<\/td>\n<td align=\"center\" width=\"20%\">10 libras<\/td>\n<\/tr>\n<tr>\n<td width=\"20%\"><b>m\u00e1x. Capacidad<\/b><\/td>\n<td align=\"center\" width=\"20%\">6 kg<\/td>\n<td align=\"center\" width=\"20%\">12 libras<\/td>\n<td align=\"center\" width=\"20%\">6 kg<\/td>\n<td align=\"center\" width=\"20%\">12 libras<\/td>\n<\/tr>\n<tr>\n<td width=\"20%\"><b>Divisi\u00f3n est\u00e1ndar<\/b><\/td>\n<td align=\"center\" width=\"20%\">0.001kg<\/td>\n<td align=\"center\" width=\"20%\">0,001 libras<\/td>\n<td align=\"center\" width=\"20%\">0.001kg<\/td>\n<td align=\"center\" width=\"20%\">0,001 libras<\/td>\n<\/tr>\n<tr>\n<td width=\"20%\"><b>Modo de alta resoluci\u00f3n<\/b><\/td>\n<td align=\"center\" width=\"20%\">0.0001kg<\/td>\n<td align=\"center\" width=\"20%\">0,0002 libras<\/td>\n<td align=\"center\" width=\"20%\">0.0001kg<\/td>\n<td align=\"center\" width=\"20%\">0,0002 libras<\/td>\n<\/tr>\n<tr>\n<td width=\"20%\"><b>Fuente de alimentaci\u00f3n<\/b><\/td>\n<td colspan=\"2\" align=\"center\" width=\"40%\">230 V, 60 Hz<\/td>\n<td colspan=\"2\" align=\"center\" width=\"40%\">120 V, 60 Hz<\/td>\n<\/tr>\n<\/tbody>\n<\/table>\n<p>&nbsp;<\/p>\n<table width=\"90%\">\n<tbody>\n<tr>\n<td width=\"20%\"><b>N\u00famero de modelo<\/b><\/td>\n<td colspan=\"2\" align=\"center\" valign=\"top\" width=\"40%\"><b>PFS3i: 10-22<\/b><\/td>\n<td colspan=\"2\" align=\"center\" valign=\"top\" width=\"40%\"><b>PFS3i: 10-12<\/b><\/td>\n<\/tr>\n<tr>\n<td width=\"20%\"><b>Capacidad de mezcla<\/b><\/td>\n<td align=\"center\" width=\"20%\">10kg<\/td>\n<td align=\"center\" width=\"20%\">20 libras<\/td>\n<td align=\"center\" width=\"20%\">10kg<\/td>\n<td align=\"center\" width=\"20%\">20 libras<\/td>\n<\/tr>\n<tr>\n<td width=\"20%\"><b>m\u00e1x. Capacidad<\/b><\/td>\n<td align=\"center\" width=\"20%\">12kg<\/td>\n<td align=\"center\" width=\"20%\">25 libras<\/td>\n<td align=\"center\" width=\"20%\">12kg<\/td>\n<td align=\"center\" width=\"20%\">25 libras<\/td>\n<\/tr>\n<tr>\n<td width=\"20%\"><b>Divisi\u00f3n de escala<\/b><\/td>\n<td align=\"center\" width=\"20%\">0.001kg<\/td>\n<td align=\"center\" width=\"20%\">0,001 libras<\/td>\n<td align=\"center\" width=\"20%\">0.001kg<\/td>\n<td align=\"center\" width=\"20%\">0,001 libras<\/td>\n<\/tr>\n<tr>\n<td width=\"20%\"><b>Modo de alta resoluci\u00f3n<\/b><\/td>\n<td align=\"center\" width=\"20%\">0.0002kg<\/td>\n<td align=\"center\" width=\"20%\">0,0005 libras<\/td>\n<td align=\"center\" width=\"20%\">0.0002kg<\/td>\n<td align=\"center\" width=\"20%\">0,0005 libras<\/td>\n<\/tr>\n<tr>\n<td width=\"20%\"><b>Fuente de alimentaci\u00f3n<\/b><\/td>\n<td colspan=\"2\" align=\"center\" width=\"40%\">230 V, 60 Hz<\/td>\n<td colspan=\"2\" align=\"center\" width=\"40%\">120 V, 60 Hz<\/td>\n<\/tr>\n<\/tbody>\n<\/table>\n<p>&nbsp;<\/p>\n<table width=\"90%\">\n<tbody>\n<tr>\n<td width=\"20%\"><b>N\u00famero de modelo<\/b><\/td>\n<td colspan=\"2\" align=\"center\" valign=\"top\" width=\"40%\"><b>PFS3i: 25-22<\/b><\/td>\n<td colspan=\"2\" align=\"center\" valign=\"top\" width=\"40%\"><b>PFS3i: 25-12<\/b><\/td>\n<\/tr>\n<tr>\n<td width=\"20%\"><b>Capacidad de mezcla<\/b><\/td>\n<td align=\"center\" width=\"20%\">25kg<\/td>\n<td align=\"center\" width=\"20%\">50 libras<\/td>\n<td align=\"center\" width=\"20%\">25kg<\/td>\n<td align=\"center\" width=\"20%\">50 libras<\/td>\n<\/tr>\n<tr>\n<td width=\"20%\"><b>m\u00e1x. Capacidad<\/b><\/td>\n<td align=\"center\" width=\"20%\">30kg<\/td>\n<td align=\"center\" width=\"20%\">25 libras<\/td>\n<td align=\"center\" width=\"20%\">12kg<\/td>\n<td align=\"center\" width=\"20%\">25 libras<\/td>\n<\/tr>\n<tr>\n<td width=\"20%\"><b>Divisi\u00f3n de escala<\/b><\/td>\n<td align=\"center\" width=\"20%\">0,01 kg<\/td>\n<td align=\"center\" width=\"20%\">0,02 libras<\/td>\n<td align=\"center\" width=\"20%\">0,01 kg<\/td>\n<td align=\"center\" width=\"20%\">0,02 libras<\/td>\n<\/tr>\n<tr>\n<td width=\"20%\"><b>Modo de alta resoluci\u00f3n<\/b><\/td>\n<td align=\"center\" width=\"20%\">0.001kg<\/td>\n<td align=\"center\" width=\"20%\">0,002 libras<\/td>\n<td align=\"center\" width=\"20%\">0.001kg<\/td>\n<td align=\"center\" width=\"20%\">0,002 libras<\/td>\n<\/tr>\n<tr>\n<td width=\"20%\"><b>Fuente de alimentaci\u00f3n<\/b><\/td>\n<td colspan=\"2\" align=\"center\" width=\"40%\">230 V, 60 Hz<\/td>\n<td colspan=\"2\" align=\"center\" width=\"40%\">120 V, 60 Hz<\/td>\n<\/tr>\n<\/tbody>\n<\/table>\n<hr \/>\n<div class=\"relatedLinks\">\n<h3>Caracter\u00edsticas \/ Medidas<\/h3>\n<p>Todas las ventajas de las Escalas F\u00f3rmula PANTONE para <em>cualquier<\/em> mezcla.<\/p>\n<ul>\n<li>30000 f\u00f3rmulas programables por PC<\/li>\n<li>Almacena hasta 100 f\u00f3rmulas personalizadas<\/li>\n<li>Modo de alta resoluci\u00f3n para mezclas dif\u00edciles<\/li>\n<li>Capacidad est\u00e1ndar 5 kg x 0,1 g<\/li>\n<li>Variantes de 10 kg y 25 kg disponibles<\/li>\n<li>Funci\u00f3n de &#039;Recalculo&#039; de tecla \u00fanica<\/li>\n<\/ul>\n<p>&nbsp;<\/p>\n<\/div>\n<div class=\"relatedLinks\">\n<h3>Documentaci\u00f3n<\/h3>\n<table border=\"0\" width=\"100%\" cellspacing=\"0\" cellpadding=\"0\">\n<tbody>\n<tr>\n<td><img loading=\"lazy\" decoding=\"async\" src=\"http:\/\/www.ihara-us.com\/images\/pdf icon.gif\" alt=\"Adobe Acrobat\" width=\"29\" height=\"29\" \/><\/td>\n<td><a href=\"http:\/\/www.ihara-us.com\/pdf\/pantone-brochure.pdf\">Folleto<\/a><\/td>\n<\/tr>\n<tr>\n<td><img loading=\"lazy\" decoding=\"async\" src=\"http:\/\/www.ihara-us.com\/images\/pdf icon.gif\" alt=\"pdf\" width=\"29\" height=\"29\" \/><\/td>\n<td><a href=\"http:\/\/www.ihara-us.com\/pdf\/PFS3i-manual.pdf\">Manual de operaciones<\/a><\/td>\n<\/tr>\n<\/tbody>\n<\/table>\n<hr \/>\n<p><a href=\"http:\/\/www.ihara-us.com\/pdf\/PantoneScaleChart.pdf\" target=\"_blank\" rel=\"noopener\">Cuadro comparativo<\/a><\/p>\n<\/div>","protected":false},"excerpt":{"rendered":"<ul>\n<li><strong>F\u00f3rmulas almacenadas<\/strong><\/li>\n<li>Colores PANTONE que se encuentran en la edici\u00f3n de impresora de la gu\u00eda de f\u00f3rmulas PANTONE, la gu\u00eda met\u00e1lica PANTONE y la gu\u00eda pastel PANTONE, M\u00c1S 100 f\u00f3rmulas personalizadas<\/li>\n<li><strong>PC programable<\/strong><\/li>\n<li>Hasta 30 000 f\u00f3rmulas en hasta 64 sistemas de tinta base descargados desde la PC<\/li>\n<li><strong>F\u00f3rmulas definidas por el usuario<\/strong><\/li>\n<li>Hasta 100 f\u00f3rmulas personalizadas utilizando cualquier base almacenada en la b\u00e1scula<\/li>\n<li><strong>Precisi\u00f3n de pesaje<\/strong><\/li>\n<li>\u00b1 0.05% \u00b1 1\/2 Divisi\u00f3n de escala<\/li>\n<li><strong>Precisi\u00f3n de formulaci\u00f3n<\/strong><\/li>\n<li>\u00b1 0.05% \u00b1 1\/2 Divisi\u00f3n de escala<\/li>\n<li><strong>Rango de tara<\/strong><\/li>\n<li>Capacidad de escala completa<\/li>\n<\/ul>","protected":false},"featured_media":721,"comment_status":"open","ping_status":"closed","template":"","meta":{"ocean_post_layout":"","ocean_both_sidebars_style":"","ocean_both_sidebars_content_width":0,"ocean_both_sidebars_sidebars_width":0,"ocean_sidebar":"0","ocean_second_sidebar":"0","ocean_disable_margins":"enable","ocean_add_body_class":"","ocean_shortcode_before_top_bar":"","ocean_shortcode_after_top_bar":"","ocean_shortcode_before_header":"","ocean_shortcode_after_header":"","ocean_has_shortcode":"","ocean_shortcode_after_title":"","ocean_shortcode_before_footer_widgets":"","ocean_shortcode_after_footer_widgets":"","ocean_shortcode_before_footer_bottom":"","ocean_shortcode_after_footer_bottom":"","ocean_display_top_bar":"default","ocean_display_header":"default","ocean_header_style":"","ocean_center_header_left_menu":"0","ocean_custom_header_template":"0","ocean_custom_logo":0,"ocean_custom_retina_logo":0,"ocean_custom_logo_max_width":0,"ocean_custom_logo_tablet_max_width":0,"ocean_custom_logo_mobile_max_width":0,"ocean_custom_logo_max_height":0,"ocean_custom_logo_tablet_max_height":0,"ocean_custom_logo_mobile_max_height":0,"ocean_header_custom_menu":"0","ocean_menu_typo_font_family":"0","ocean_menu_typo_font_subset":"","ocean_menu_typo_font_size":0,"ocean_menu_typo_font_size_tablet":0,"ocean_menu_typo_font_size_mobile":0,"ocean_menu_typo_font_size_unit":"px","ocean_menu_typo_font_weight":"","ocean_menu_typo_font_weight_tablet":"","ocean_menu_typo_font_weight_mobile":"","ocean_menu_typo_transform":"","ocean_menu_typo_transform_tablet":"","ocean_menu_typo_transform_mobile":"","ocean_menu_typo_line_height":0,"ocean_menu_typo_line_height_tablet":0,"ocean_menu_typo_line_height_mobile":0,"ocean_menu_typo_line_height_unit":"","ocean_menu_typo_spacing":0,"ocean_menu_typo_spacing_tablet":0,"ocean_menu_typo_spacing_mobile":0,"ocean_menu_typo_spacing_unit":"","ocean_menu_link_color":"","ocean_menu_link_color_hover":"","ocean_menu_link_color_active":"","ocean_menu_link_background":"","ocean_menu_link_hover_background":"","ocean_menu_link_active_background":"","ocean_menu_social_links_bg":"","ocean_menu_social_hover_links_bg":"","ocean_menu_social_links_color":"","ocean_menu_social_hover_links_color":"","ocean_disable_title":"default","ocean_disable_heading":"default","ocean_post_title":"","ocean_post_subheading":"","ocean_post_title_style":"","ocean_post_title_background_color":"","ocean_post_title_background":0,"ocean_post_title_bg_image_position":"","ocean_post_title_bg_image_attachment":"","ocean_post_title_bg_image_repeat":"","ocean_post_title_bg_image_size":"","ocean_post_title_height":0,"ocean_post_title_bg_overlay":0.5,"ocean_post_title_bg_overlay_color":"","ocean_disable_breadcrumbs":"default","ocean_breadcrumbs_color":"","ocean_breadcrumbs_separator_color":"","ocean_breadcrumbs_links_color":"","ocean_breadcrumbs_links_hover_color":"","ocean_display_footer_widgets":"default","ocean_display_footer_bottom":"default","ocean_custom_footer_template":"0"},"product_cat":[35],"product_tag":[],"class_list":{"0":"post-720","1":"product","2":"type-product","3":"status-publish","4":"has-post-thumbnail","5":"hentry","6":"product_cat-pantone-ink-formula-scales","8":"entry","9":"has-media","10":"owp-thumbs-layout-horizontal","11":"owp-btn-normal","12":"owp-tabs-layout-horizontal","13":"has-no-thumbnails","14":"has-product-nav"},"_links":{"self":[{"href":"https:\/\/iharaus.com\/es\/wp-json\/wp\/v2\/product\/720","targetHints":{"allow":["GET"]}}],"collection":[{"href":"https:\/\/iharaus.com\/es\/wp-json\/wp\/v2\/product"}],"about":[{"href":"https:\/\/iharaus.com\/es\/wp-json\/wp\/v2\/types\/product"}],"replies":[{"embeddable":true,"href":"https:\/\/iharaus.com\/es\/wp-json\/wp\/v2\/comments?post=720"}],"wp:featuredmedia":[{"embeddable":true,"href":"https:\/\/iharaus.com\/es\/wp-json\/wp\/v2\/media\/721"}],"wp:attachment":[{"href":"https:\/\/iharaus.com\/es\/wp-json\/wp\/v2\/media?parent=720"}],"wp:term":[{"taxonomy":"product_cat","embeddable":true,"href":"https:\/\/iharaus.com\/es\/wp-json\/wp\/v2\/product_cat?post=720"},{"taxonomy":"product_tag","embeddable":true,"href":"https:\/\/iharaus.com\/es\/wp-json\/wp\/v2\/product_tag?post=720"}],"curies":[{"name":"wp","href":"https:\/\/api.w.org\/{rel}","templated":true}]}}