{"id":725,"date":"2021-08-19T21:27:51","date_gmt":"2021-08-20T02:27:51","guid":{"rendered":"http:\/\/www.ihara-us.com\/wordpress\/?post_type=product&#038;p=725"},"modified":"2022-09-27T14:43:35","modified_gmt":"2022-09-27T19:43:35","slug":"myron-l-ultrapen-conductivity-tds-salinity-temperature-pen-pt1","status":"publish","type":"product","link":"https:\/\/iharaus.com\/es\/producto\/myron-l-ultrapen-conductivity-tds-salinity-temperature-pen-pt1\/","title":{"rendered":"Myron L Ultrapen Pluma de conductividad\/TDS\/salinidad\/temperatura PT1"},"content":{"rendered":"<p align=\"left\">Parte #EQP-MLPT1<\/p>\n<h4 align=\"left\"><strong>Caracter\u00edsticas clave: <\/strong><\/h4>\n<div align=\"left\">\n<ul>\n<li>Precisi\u00f3n de \u00b11% de LECTURA \u00b1.2% en el punto de calibraci\u00f3n<\/li>\n<li>Resultados confiables y repetibles<\/li>\n<li>Compensaci\u00f3n autom\u00e1tica de temperatura<\/li>\n<li>Rango autom\u00e1tico<\/li>\n<li>Precisi\u00f3n del equipo de laboratorio de sobremesa en un bol\u00edgrafo asequible, port\u00e1til y compacto<\/li>\n<li>Componentes electr\u00f3nicos robustos, fiables y resistentes a los golpes, totalmente encapsulados, cuerpo fabricado con aluminio aeron\u00e1utico<\/li>\n<li>Funci\u00f3n simple de un bot\u00f3n<\/li>\n<li>Dise\u00f1ado especialmente con rangos de medici\u00f3n y modos de soluci\u00f3n para satisfacer las necesidades de pruebas de calidad del agua de muchas aplicaciones<\/li>\n<li>Bater\u00eda tipo N de alta capacidad incluida<\/li>\n<li>Impermeable<\/li>\n<\/ul>\n<div>\n<div><\/div>\n<\/div>\n<\/div>\n<p align=\"left\">El bol\u00edgrafo PT1 presenta la precisi\u00f3n y la estabilidad de un equipo de laboratorio de sobremesa con la comodidad de un bol\u00edgrafo. Construido con aluminio aeron\u00e1utico duradero, este bol\u00edgrafo est\u00e1 completamente encapsulado para una protecci\u00f3n adicional con una pantalla LCD f\u00e1cil de leer y funciones de un solo bot\u00f3n. A diferencia de cualquier otro instrumento de su clase, el PT1 permite al usuario seleccionar entre 3 de los est\u00e1ndares de soluci\u00f3n m\u00e1s utilizados: KCl, NaCl y el est\u00e1ndar patentado 442 de Myron L\u00ae para Natural Water\u2122. El PT1 es un instrumento indispensable en el conjunto de herramientas del profesional de la calidad del agua.<\/p>\n<p align=\"left\"><strong>Garant\u00eda limitada:<\/strong> 1 a\u00f1o en el instrumento y 6 meses en el sensor<\/p>\n<hr \/>\n<h3>Documentaci\u00f3n<\/h3>\n<table border=\"0\" width=\"100%\" cellspacing=\"0\" cellpadding=\"0\">\n<tbody>\n<tr>\n<td><img loading=\"lazy\" decoding=\"async\" src=\"http:\/\/www.ihara-us.com\/images\/pdf icon.gif\" alt=\"Adobe Acrobat\" width=\"29\" height=\"29\" \/><\/td>\n<td><a href=\"http:\/\/www.ihara-us.com\/pdf\/Myron_L_PT1_Data_Sheet.pdf\" target=\"_blank\" rel=\"noopener\">Hoja de datos PT1<\/a><\/p>\n<p><a href=\"http:\/\/www.ihara-us.com\/Manuals\/Myron_L_PT1_Manual.pdf\" target=\"_blank\" rel=\"noopener\">Manual PT1<\/a><\/td>\n<\/tr>\n<\/tbody>\n<\/table>","protected":false},"excerpt":{"rendered":"<ul>\n<li><strong>Art\u00edculo<\/strong><\/li>\n<li>Myron L Ultrapen Pluma de conductividad\/TDS\/salinidad\/temperatura PT1<\/li>\n<li><strong>Rango de medicion<\/strong><\/li>\n<li>1 \u2013 9999 \u03bcS o ppm (0,0010 \u2013 9,999 ppt salinidad)<\/li>\n<li><strong>Exactitud:<\/strong><\/li>\n<li>&lt; 1000 \u03bcS o ppm \u00b1 1 recuento<br \/>\n\u2265 1000 \u03bcS o ppm \u00b1 0,3% de lectura<\/li>\n<li><strong>Resoluci\u00f3n:<\/strong><\/li>\n<li><strong>Conductividad el\u00e9ctrica (EC) y TDS:<\/strong><br \/>\n0,1 para 1,0 \u2013 99,9 \u03bcS o ppm<br \/>\n1 para 100 \u2013 9999 \u03bcS o ppm<br \/>\n<strong>Salinidad:<\/strong><br \/>\n0,0001 para 0,0010 \u2013 0,0999 ppt<br \/>\n0,001 para 0,100 \u2013 9,999 ppt<br \/>\n<strong>Temperatura:<\/strong><br \/>\n0,1 \u00baC o \u00baF<\/li>\n<li><strong>Rango de medici\u00f3n de temperatura:<\/strong><\/li>\n<li>0 \u2013 71 \u00b0C o 32 \u2013 160 \u00b0F<\/li>\n<li><strong>Precisi\u00f3n de temperatura mostrada:<\/strong><\/li>\n<li>\u00b1 0,1 \u00baC o \u00b1 0,2 \u00baF<\/li>\n<li><strong>M\u00e9todo de compensaci\u00f3n de temperatura:<\/strong><\/li>\n<li>Autom\u00e1tico a 25 \u00baC<\/li>\n<li><strong>Dimensiones f\u00edsicas:<\/strong><\/li>\n<li>17,15 cm de largo x 1,59 cm de profundidad o 6,75 pulgadas de largo x 0,625 pulgadas de profundidad<\/li>\n<li><strong>Peso:<\/strong><\/li>\n<li>55 g o 1,94 oz.<\/li>\n<li><strong>Tipo de Bater\u00eda:<\/strong><\/li>\n<li>Tipo N, Alcalino, 1.5V<\/li>\n<li><strong>Accesorios opcionales (no incluidos)<\/strong><\/li>\n<li>Model#s:KCL-1800 Soluciones de calibraci\u00f3n est\u00e1ndar<\/li>\n<\/ul>","protected":false},"featured_media":726,"comment_status":"open","ping_status":"closed","template":"","meta":{"ocean_post_layout":"","ocean_both_sidebars_style":"","ocean_both_sidebars_content_width":0,"ocean_both_sidebars_sidebars_width":0,"ocean_sidebar":"0","ocean_second_sidebar":"0","ocean_disable_margins":"enable","ocean_add_body_class":"","ocean_shortcode_before_top_bar":"","ocean_shortcode_after_top_bar":"","ocean_shortcode_before_header":"","ocean_shortcode_after_header":"","ocean_has_shortcode":"","ocean_shortcode_after_title":"","ocean_shortcode_before_footer_widgets":"","ocean_shortcode_after_footer_widgets":"","ocean_shortcode_before_footer_bottom":"","ocean_shortcode_after_footer_bottom":"","ocean_display_top_bar":"default","ocean_display_header":"default","ocean_header_style":"","ocean_center_header_left_menu":"0","ocean_custom_header_template":"0","ocean_custom_logo":0,"ocean_custom_retina_logo":0,"ocean_custom_logo_max_width":0,"ocean_custom_logo_tablet_max_width":0,"ocean_custom_logo_mobile_max_width":0,"ocean_custom_logo_max_height":0,"ocean_custom_logo_tablet_max_height":0,"ocean_custom_logo_mobile_max_height":0,"ocean_header_custom_menu":"0","ocean_menu_typo_font_family":"0","ocean_menu_typo_font_subset":"","ocean_menu_typo_font_size":0,"ocean_menu_typo_font_size_tablet":0,"ocean_menu_typo_font_size_mobile":0,"ocean_menu_typo_font_size_unit":"px","ocean_menu_typo_font_weight":"","ocean_menu_typo_font_weight_tablet":"","ocean_menu_typo_font_weight_mobile":"","ocean_menu_typo_transform":"","ocean_menu_typo_transform_tablet":"","ocean_menu_typo_transform_mobile":"","ocean_menu_typo_line_height":0,"ocean_menu_typo_line_height_tablet":0,"ocean_menu_typo_line_height_mobile":0,"ocean_menu_typo_line_height_unit":"","ocean_menu_typo_spacing":0,"ocean_menu_typo_spacing_tablet":0,"ocean_menu_typo_spacing_mobile":0,"ocean_menu_typo_spacing_unit":"","ocean_menu_link_color":"","ocean_menu_link_color_hover":"","ocean_menu_link_color_active":"","ocean_menu_link_background":"","ocean_menu_link_hover_background":"","ocean_menu_link_active_background":"","ocean_menu_social_links_bg":"","ocean_menu_social_hover_links_bg":"","ocean_menu_social_links_color":"","ocean_menu_social_hover_links_color":"","ocean_disable_title":"default","ocean_disable_heading":"default","ocean_post_title":"","ocean_post_subheading":"","ocean_post_title_style":"","ocean_post_title_background_color":"","ocean_post_title_background":0,"ocean_post_title_bg_image_position":"","ocean_post_title_bg_image_attachment":"","ocean_post_title_bg_image_repeat":"","ocean_post_title_bg_image_size":"","ocean_post_title_height":0,"ocean_post_title_bg_overlay":0.5,"ocean_post_title_bg_overlay_color":"","ocean_disable_breadcrumbs":"default","ocean_breadcrumbs_color":"","ocean_breadcrumbs_separator_color":"","ocean_breadcrumbs_links_color":"","ocean_breadcrumbs_links_hover_color":"","ocean_display_footer_widgets":"default","ocean_display_footer_bottom":"default","ocean_custom_footer_template":"0"},"product_cat":[59],"product_tag":[],"class_list":{"0":"post-725","1":"product","2":"type-product","3":"status-publish","4":"has-post-thumbnail","5":"hentry","6":"product_cat-ph-conductivity-orp-meters","8":"entry","9":"has-media","10":"owp-thumbs-layout-horizontal","11":"owp-btn-normal","12":"owp-tabs-layout-horizontal","13":"has-no-thumbnails","14":"has-product-nav"},"_links":{"self":[{"href":"https:\/\/iharaus.com\/es\/wp-json\/wp\/v2\/product\/725","targetHints":{"allow":["GET"]}}],"collection":[{"href":"https:\/\/iharaus.com\/es\/wp-json\/wp\/v2\/product"}],"about":[{"href":"https:\/\/iharaus.com\/es\/wp-json\/wp\/v2\/types\/product"}],"replies":[{"embeddable":true,"href":"https:\/\/iharaus.com\/es\/wp-json\/wp\/v2\/comments?post=725"}],"wp:featuredmedia":[{"embeddable":true,"href":"https:\/\/iharaus.com\/es\/wp-json\/wp\/v2\/media\/726"}],"wp:attachment":[{"href":"https:\/\/iharaus.com\/es\/wp-json\/wp\/v2\/media?parent=725"}],"wp:term":[{"taxonomy":"product_cat","embeddable":true,"href":"https:\/\/iharaus.com\/es\/wp-json\/wp\/v2\/product_cat?post=725"},{"taxonomy":"product_tag","embeddable":true,"href":"https:\/\/iharaus.com\/es\/wp-json\/wp\/v2\/product_tag?post=725"}],"curies":[{"name":"wp","href":"https:\/\/api.w.org\/{rel}","templated":true}]}}