{"id":727,"date":"2021-08-19T21:31:50","date_gmt":"2021-08-20T02:31:50","guid":{"rendered":"http:\/\/www.ihara-us.com\/wordpress\/?post_type=product&#038;p=727"},"modified":"2022-09-20T11:39:11","modified_gmt":"2022-09-20T16:39:11","slug":"myron-l-ultrapen-ph-temperature-pen-pt2","status":"publish","type":"product","link":"https:\/\/iharaus.com\/es\/producto\/myron-l-ultrapen-ph-temperature-pen-pt2\/","title":{"rendered":"Bol\u00edgrafo de pH y temperatura Myron L Ultrapen PT2"},"content":{"rendered":"<p align=\"left\">Parte #EQP-MLPT2<\/p>\n<h4 align=\"left\"><strong>Caracter\u00edsticas clave: <\/strong><\/h4>\n<div align=\"left\">\n<ul>\n<li>Precisi\u00f3n de \u00b10,01 pH<\/li>\n<li>Calibraci\u00f3n de 1, 2 y 3 puntos<\/li>\n<li>Dise\u00f1o de sensor patentado<\/li>\n<li>Compensaci\u00f3n autom\u00e1tica de temperatura<\/li>\n<li>Resultados confiables y repetibles<\/li>\n<li>Electr\u00f3nica totalmente encapsulada robusta, confiable y resistente a los golpes<\/li>\n<li>Cuerpo duradero construido de aluminio aeron\u00e1utico.<\/li>\n<li>Funci\u00f3n simple de un bot\u00f3n<\/li>\n<li>Bater\u00eda tipo N de alta capacidad incluida<\/li>\n<li>Impermeable<\/li>\n<\/ul>\n<p>&nbsp;<\/p>\n<p><strong>Descripci\u00f3n general:<\/strong><\/p>\n<\/div>\n<p align=\"left\">Este instrumento est\u00e1 dise\u00f1ado para ser extremadamente preciso, r\u00e1pido y f\u00e1cil de usar en diversas aplicaciones de calidad del agua. Las caracter\u00edsticas avanzadas incluyen compensaci\u00f3n autom\u00e1tica de temperatura; circuitos altamente estables basados en microprocesadores; dise\u00f1o intuitivo para el usuario; y carcasa impermeable. Un verdadero instrumento de una sola mano, el PT2 es f\u00e1cil de calibrar y f\u00e1cil de usar. Para tomar una medida, simplemente presione un bot\u00f3n y luego sumerja la pluma en la soluci\u00f3n. Los resultados se muestran en segundos.<\/p>\n<p align=\"left\"><strong>Accesorios Opcionales<\/strong><\/p>\n<p align=\"left\">Soluciones de calibraci\u00f3n est\u00e1ndar: Solicite el modelo #: PH4, Ph10 y PHSS.<\/p>\n<p align=\"left\">Sensor de pH de repuesto: Modelo #RPT2<\/p>\n<p align=\"left\"><strong>Garant\u00eda limitada:<\/strong> 1 a\u00f1o en instrumento, 6 meses en sensor<\/p>\n<hr \/>\n<h3>Documentaci\u00f3n<\/h3>\n<table border=\"0\" width=\"100%\" cellspacing=\"0\" cellpadding=\"0\">\n<tbody>\n<tr>\n<td><img loading=\"lazy\" decoding=\"async\" src=\"http:\/\/www.ihara-us.com\/images\/pdf icon.gif\" alt=\"Adobe Acrobat\" width=\"29\" height=\"29\" \/><\/td>\n<td><a href=\"http:\/\/www.ihara-us.com\/pdf\/Myron L PT2 Datasheet.pdf\" target=\"_blank\" rel=\"noopener\">Hoja de datos PT2<\/a><\/p>\n<p><a href=\"http:\/\/www.ihara-us.com\/Manuals\/Myron L PT2_Manual.pdf\" target=\"_blank\" rel=\"noopener\">Manual PT2<\/a><\/td>\n<\/tr>\n<\/tbody>\n<\/table>","protected":false},"excerpt":{"rendered":"<ul>\n<li><strong>Art\u00edculo<\/strong><\/li>\n<li>Bol\u00edgrafo de pH y temperatura Myron L Ultrapen<\/li>\n<li><strong>Modelo<\/strong><\/li>\n<li>PT2<\/li>\n<li><strong>Rango de pH<\/strong><\/li>\n<li>0,00 \u2013 14,00 pH<\/li>\n<li><strong>Precisi\u00f3n de pH<\/strong><\/li>\n<li>\u00b10,01 pH (despu\u00e9s de la calibraci\u00f3n h\u00fameda)<\/li>\n<li><strong>Repetibilidad de pH<\/strong><\/li>\n<li>\u00b10.01<\/li>\n<li><strong>Resoluci\u00f3n de pH<\/strong><\/li>\n<li>0,01 pH<\/li>\n<li><strong>Rango de temperatura<\/strong><\/li>\n<li>0 \u2013 71 \u00b0C \/ 32 \u2013 160 \u00b0F<\/li>\n<li><strong>Precisi\u00f3n de temperatura<\/strong><\/li>\n<li>\u00b1 0,1 \u00baC \/ \u00b1 0,1 \u00baF<\/li>\n<li><strong>Repetibilidad de temperatura<\/strong><\/li>\n<li>\u00b1 0,1 \u00baC \/ \u00b1 0,1 \u00baF<\/li>\n<li><strong>Resoluci\u00f3n de temperatura<\/strong><\/li>\n<li>0,1 \u00baC \/ 0,1 \u00baF<\/li>\n<li><strong>Calibraci\u00f3n<\/strong><\/li>\n<li>Calibraci\u00f3n de 1, 2 y 3 puntos<\/li>\n<li><strong>Dimensiones<\/strong><\/li>\n<li>6,75 pulgadas de largo x 0,623 pulgadas de profundidad<\/li>\n<li><strong>Peso<\/strong><\/li>\n<li>54 g\/1,9 oz sin remojo ni cord\u00f3n<\/li>\n<li><strong>Soluci\u00f3n de calibraci\u00f3n (opcional)<\/strong><\/li>\n<li>pH 4, pH 7, pH 10<\/li>\n<li><strong>Bater\u00edas<\/strong><\/li>\n<li>Tipo N, Alcalino, 1.5V<\/li>\n<li><strong>Accesorios incluidos)<\/strong><\/li>\n<li>Funda, cord\u00f3n, pala y tap\u00f3n de remojo<\/li>\n<\/ul>","protected":false},"featured_media":729,"comment_status":"open","ping_status":"closed","template":"","meta":{"ocean_post_layout":"","ocean_both_sidebars_style":"","ocean_both_sidebars_content_width":0,"ocean_both_sidebars_sidebars_width":0,"ocean_sidebar":"0","ocean_second_sidebar":"0","ocean_disable_margins":"enable","ocean_add_body_class":"","ocean_shortcode_before_top_bar":"","ocean_shortcode_after_top_bar":"","ocean_shortcode_before_header":"","ocean_shortcode_after_header":"","ocean_has_shortcode":"","ocean_shortcode_after_title":"","ocean_shortcode_before_footer_widgets":"","ocean_shortcode_after_footer_widgets":"","ocean_shortcode_before_footer_bottom":"","ocean_shortcode_after_footer_bottom":"","ocean_display_top_bar":"default","ocean_display_header":"default","ocean_header_style":"","ocean_center_header_left_menu":"0","ocean_custom_header_template":"0","ocean_custom_logo":0,"ocean_custom_retina_logo":0,"ocean_custom_logo_max_width":0,"ocean_custom_logo_tablet_max_width":0,"ocean_custom_logo_mobile_max_width":0,"ocean_custom_logo_max_height":0,"ocean_custom_logo_tablet_max_height":0,"ocean_custom_logo_mobile_max_height":0,"ocean_header_custom_menu":"0","ocean_menu_typo_font_family":"0","ocean_menu_typo_font_subset":"","ocean_menu_typo_font_size":0,"ocean_menu_typo_font_size_tablet":0,"ocean_menu_typo_font_size_mobile":0,"ocean_menu_typo_font_size_unit":"px","ocean_menu_typo_font_weight":"","ocean_menu_typo_font_weight_tablet":"","ocean_menu_typo_font_weight_mobile":"","ocean_menu_typo_transform":"","ocean_menu_typo_transform_tablet":"","ocean_menu_typo_transform_mobile":"","ocean_menu_typo_line_height":0,"ocean_menu_typo_line_height_tablet":0,"ocean_menu_typo_line_height_mobile":0,"ocean_menu_typo_line_height_unit":"","ocean_menu_typo_spacing":0,"ocean_menu_typo_spacing_tablet":0,"ocean_menu_typo_spacing_mobile":0,"ocean_menu_typo_spacing_unit":"","ocean_menu_link_color":"","ocean_menu_link_color_hover":"","ocean_menu_link_color_active":"","ocean_menu_link_background":"","ocean_menu_link_hover_background":"","ocean_menu_link_active_background":"","ocean_menu_social_links_bg":"","ocean_menu_social_hover_links_bg":"","ocean_menu_social_links_color":"","ocean_menu_social_hover_links_color":"","ocean_disable_title":"default","ocean_disable_heading":"default","ocean_post_title":"","ocean_post_subheading":"","ocean_post_title_style":"","ocean_post_title_background_color":"","ocean_post_title_background":0,"ocean_post_title_bg_image_position":"","ocean_post_title_bg_image_attachment":"","ocean_post_title_bg_image_repeat":"","ocean_post_title_bg_image_size":"","ocean_post_title_height":0,"ocean_post_title_bg_overlay":0.5,"ocean_post_title_bg_overlay_color":"","ocean_disable_breadcrumbs":"default","ocean_breadcrumbs_color":"","ocean_breadcrumbs_separator_color":"","ocean_breadcrumbs_links_color":"","ocean_breadcrumbs_links_hover_color":"","ocean_display_footer_widgets":"default","ocean_display_footer_bottom":"default","ocean_custom_footer_template":"0"},"product_cat":[59],"product_tag":[],"class_list":{"0":"post-727","1":"product","2":"type-product","3":"status-publish","4":"has-post-thumbnail","5":"hentry","6":"product_cat-ph-conductivity-orp-meters","8":"entry","9":"has-media","10":"owp-thumbs-layout-horizontal","11":"owp-btn-normal","12":"owp-tabs-layout-horizontal","13":"has-no-thumbnails","14":"has-product-nav"},"_links":{"self":[{"href":"https:\/\/iharaus.com\/es\/wp-json\/wp\/v2\/product\/727","targetHints":{"allow":["GET"]}}],"collection":[{"href":"https:\/\/iharaus.com\/es\/wp-json\/wp\/v2\/product"}],"about":[{"href":"https:\/\/iharaus.com\/es\/wp-json\/wp\/v2\/types\/product"}],"replies":[{"embeddable":true,"href":"https:\/\/iharaus.com\/es\/wp-json\/wp\/v2\/comments?post=727"}],"wp:featuredmedia":[{"embeddable":true,"href":"https:\/\/iharaus.com\/es\/wp-json\/wp\/v2\/media\/729"}],"wp:attachment":[{"href":"https:\/\/iharaus.com\/es\/wp-json\/wp\/v2\/media?parent=727"}],"wp:term":[{"taxonomy":"product_cat","embeddable":true,"href":"https:\/\/iharaus.com\/es\/wp-json\/wp\/v2\/product_cat?post=727"},{"taxonomy":"product_tag","embeddable":true,"href":"https:\/\/iharaus.com\/es\/wp-json\/wp\/v2\/product_tag?post=727"}],"curies":[{"name":"wp","href":"https:\/\/api.w.org\/{rel}","templated":true}]}}