{"id":798,"date":"2022-04-28T13:08:46","date_gmt":"2022-04-28T18:08:46","guid":{"rendered":"http:\/\/www.ihara-us.com\/wordpress\/?post_type=product&#038;p=798"},"modified":"2023-08-01T12:01:19","modified_gmt":"2023-08-01T17:01:19","slug":"https-iharaus-com-wp-content-uploads-2023-03-ihara-r710-color-reflection-densitometer-1-pdf","status":"publish","type":"product","link":"https:\/\/iharaus.com\/es\/producto\/https-iharaus-com-wp-content-uploads-2023-03-ihara-r710-color-reflection-densitometer-1-pdf\/","title":{"rendered":"Densit\u00f3metro de reflexi\u00f3n de color R710"},"content":{"rendered":"<h3>Valor y rendimiento<\/h3>\n<p>El densit\u00f3metro de reflexi\u00f3n de color modelo R710 utiliza la tecnolog\u00eda m\u00e1s avanzada para garantizar una gran precisi\u00f3n, entre instrumentos y repetibilidad. Este instrumento combina funcionalidad y una interfaz de usuario sencilla en un dise\u00f1o peque\u00f1o y ligero.<br \/>\nEl modelo R710 mide: Densidad y Diferencia de Densidad.<\/p>\n<p><strong>Caracter\u00edsticas:<\/strong><\/p>\n<p>Interfaz de usuario simple con indicaciones autoguiadas;<br \/>\nLa pantalla controlada por men\u00fas gu\u00eda al operador a trav\u00e9s de la calibraci\u00f3n, la configuraci\u00f3n y todas las funciones de medici\u00f3n;<br \/>\nExtremadamente confiable y que requiere poco o ning\u00fan mantenimiento;<br \/>\nAdmite interfaz de usuario en varios idiomas (ingl\u00e9s, espa\u00f1ol, portugu\u00e9s, franc\u00e9s, italiano, alem\u00e1n y japon\u00e9s);<br \/>\nMantenimiento f\u00e1cil y de bajo costo;<br \/>\nFabricado en Jap\u00f3n bajo certificaci\u00f3n ISO 9001;<\/p>\n<p><strong>Accesorios:<\/strong><\/p>\n<ul>\n<li>Manual de operaciones<\/li>\n<li>Est\u00e1ndar de calibraci\u00f3n<\/li>\n<li>Adaptador de CA multivoltaje<\/li>\n<li>Estuche de transporte<\/li>\n<\/ul>\n<p><strong>Garant\u00eda:\u00a0\u00a0<\/strong>garant\u00eda limitada de 24 meses<\/p>\n<p>Por una tarifa nominal, actualice su R710 al modelo R750 comunic\u00e1ndose con su distribuidor o con IHARA US LLC para obtener m\u00e1s informaci\u00f3n.<\/p>\n<hr \/>\n<h3 style=\"text-align: left;\">Documentaci\u00f3n<\/h3>\n<table border=\"0\" width=\"100%\" cellspacing=\"0\" cellpadding=\"0\">\n<tbody>\n<tr>\n<td><img loading=\"lazy\" decoding=\"async\" src=\"http:\/\/www.ihara-us.com\/images\/pdf icon.gif\" alt=\"Adobe Acrobat\" width=\"29\" height=\"29\" \/><\/td>\n<td><a href=\"https:\/\/iharaus.com\/wp-content\/uploads\/2023\/03\/Ihara-R710-Color-Reflection-Densitometer-1.pdf\">Folleto<\/a><\/td>\n<\/tr>\n<\/tbody>\n<\/table>\n<h3><a href=\"http:\/\/www.ihara-us.com\/pdf\/DensitometerComparisonChart.pdf\" target=\"_blank\" rel=\"noopener\">Cuadro comparativo<\/a><\/h3>\n<p>&nbsp;<\/p>\n<h3><em><strong>\u00bfPor qu\u00e9 usar un densit\u00f3metro?<\/strong><\/em><\/h3>\n<p>Beneficios para el Pressman (Operador de Impresi\u00f3n):<\/p>\n<ol>\n<li>Control de color mejorado: el densit\u00f3metro de reflexi\u00f3n de color permite al impresor controlar y ajustar los niveles de densidad de color durante la tirada de impresi\u00f3n. Esto garantiza una reproducci\u00f3n precisa del color y les permite realizar ajustes en tiempo real, lo que genera resultados de impresi\u00f3n consistentes y de alta calidad.<\/li>\n<li>Precisi\u00f3n de colores directos: para trabajos que involucran colores directos o tintas personalizadas, el densit\u00f3metro ayuda al impresor a lograr una coincidencia de colores precisa. Al medir la densidad \u00f3ptica de los parches de tinta individuales, el impresor puede ajustar los niveles de tinta para que coincidan con los valores objetivo, lo que da como resultado una precisi\u00f3n de color puntual.<\/li>\n<li>Soluci\u00f3n de problemas eficiente: cuando surgen problemas de color, el densit\u00f3metro sirve como una valiosa herramienta de soluci\u00f3n de problemas. Ayuda al impresor a identificar el origen del problema, como proporciones de tinta incorrectas o variaciones en la densidad de la tinta, lo que permite acciones correctivas m\u00e1s r\u00e1pidas y minimiza el tiempo de inactividad.<\/li>\n<li>Reducci\u00f3n de desperdicios: el control preciso del color reduce la probabilidad de reimpresiones relacionadas con el color, lo que genera ahorros de costos y reduce el desperdicio de material. El impresor puede minimizar el uso de tinta y papel manteniendo niveles \u00f3ptimos de densidad de color durante todo el trabajo de impresi\u00f3n.<\/li>\n<\/ol>\n<p>Beneficios para la Gerencia:<\/p>\n<ol>\n<li>Garant\u00eda de calidad: el uso de un densit\u00f3metro de reflexi\u00f3n de color garantiza una reproducci\u00f3n de color uniforme y el cumplimiento de los est\u00e1ndares de color deseados. Esto se traduce en una mayor calidad de impresi\u00f3n, satisfacci\u00f3n del cliente y una mejor reputaci\u00f3n de la marca.<\/li>\n<li>Rentabilidad: al mantener la precisi\u00f3n del color durante toda la tirada de impresi\u00f3n, la administraci\u00f3n puede reducir el riesgo de reimpresiones costosas y errores relacionados con el color, lo que lleva a una mayor eficiencia y rentabilidad general.<\/li>\n<li>Eficiencia de producci\u00f3n mejorada: el densit\u00f3metro facilita los procesos de gesti\u00f3n del color optimizados, lo que permite a los operadores de prensa realizar ajustes r\u00e1pidos seg\u00fan sea necesario. Esto conduce a tiradas de producci\u00f3n m\u00e1s fluidas y tiempos de respuesta m\u00e1s r\u00e1pidos para los trabajos de impresi\u00f3n.<\/li>\n<li>Relaciones con los clientes mejoradas: Cumplir con los requisitos de color precisos infunde confianza en los clientes de manera constante. Con un densit\u00f3metro, la gerencia puede asegurar a los clientes una reproducci\u00f3n precisa del color y entregar impresiones que cumplan o superen las expectativas.<\/li>\n<li>Toma de decisiones basada en datos: las lecturas del densit\u00f3metro proporcionan datos valiosos sobre la densidad del color, que se pueden analizar y utilizar para optimizar los procesos de impresi\u00f3n. La gerencia puede usar esta informaci\u00f3n para ajustar los flujos de trabajo e implementar mejoras continuas.<\/li>\n<li>Cumplimiento de los est\u00e1ndares: en industrias donde la precisi\u00f3n del color es cr\u00edtica, como empaques o marcas, un densit\u00f3metro garantiza el cumplimiento de los est\u00e1ndares y especificaciones de la industria, lo que evita costosos problemas de incumplimiento.<\/li>\n<\/ol>\n<p>En resumen, un densit\u00f3metro de reflexi\u00f3n de color beneficia tanto al impresor como a la gerencia en la industria de la impresi\u00f3n. Para el impresor, ayuda a lograr un control de color preciso, soluci\u00f3n de problemas y reducci\u00f3n de desperdicios. Para la gerencia, mejora la garant\u00eda de calidad, la rentabilidad, la eficiencia de la producci\u00f3n y las relaciones con los clientes, al tiempo que respalda la toma de decisiones basada en datos y el cumplimiento de los est\u00e1ndares de la industria.<\/p>","protected":false},"excerpt":{"rendered":"<ul>\n<li><strong>Medici\u00f3n de geometr\u00eda<\/strong><\/li>\n<li>0 \u00b0 \/ 45 \u00b0 (ANSI PH2.17, ISO 5\/4, DIN 16536)<\/li>\n<li><strong>Estado de respuesta del filtro<\/strong><\/li>\n<li>Estado T, Estado E, Estado A<\/li>\n<li><strong>Repetibilidad<\/strong><\/li>\n<li>\u00b10.01D<\/li>\n<li><strong>Rango de medici\u00f3n<\/strong><\/li>\n<li>Densidad 0.00D \u2013 2.50D<\/li>\n<li><strong>Exactitud<\/strong><\/li>\n<li>\u00b10.02D<\/li>\n<li><strong>Fuente de luz<\/strong><\/li>\n<li>L\u00e1mpara hal\u00f3gena, aprox. 2856 \u00b0 K<\/li>\n<li><strong>Di\u00e1metro de apertura<\/strong><\/li>\n<li>3,0 mm (1,7 mm opcional)<\/li>\n<li><strong>Detector<\/strong><\/li>\n<li>Fotodiodo GaAsP<\/li>\n<li><strong>Mostrar<\/strong><\/li>\n<li>LCD gr\u00e1fico de 128 x 64 puntos<\/li>\n<li><strong>Fuente de alimentaci\u00f3n<\/strong><\/li>\n<li>Ni-Cad (4,8 V), 800 mAh<\/li>\n<li><strong>Tiempo de recarga<\/strong><\/li>\n<li>Aproximadamente 1,5 horas<\/li>\n<li><strong>Medidas por carga<\/strong><\/li>\n<li>Aproximadamente 4000 (pruebas internas)<\/li>\n<li><strong>Tiempo de calentamiento<\/strong><\/li>\n<li>Ninguno<\/li>\n<li><strong>Midiendo el tiempo<\/strong><\/li>\n<li>Aproximadamente 1 segundo<\/li>\n<li><strong>Temp. De funcionamiento Abarcar<\/strong><\/li>\n<li>41 \u00b0 F ~ 104 \u00b0 F (5 \u00b0 C ~ 40 \u00b0 C)<\/li>\n<li><strong>Filtro de polarizaci\u00f3n<\/strong><\/li>\n<li>(Opcional)<\/li>\n<li><strong>C\u00f3digo de usuario de seguridad<\/strong><\/li>\n<li>(Opcional)<\/li>\n<li><strong>Dimensiones<\/strong><\/li>\n<li>2 3\/4 &quot;de ancho x 2&quot; de alto x 8 1\/4 &quot;de largo (72 mm x 50 mm x 210 mm)<\/li>\n<li><strong>Peso<\/strong><\/li>\n<li>1,2 libras (con pilas) (530 g)<\/li>\n<li><strong>Salida de computadora<\/strong><\/li>\n<li>Interfaz serial configurable RS-232C<\/li>\n<\/ul>","protected":false},"featured_media":1476,"comment_status":"open","ping_status":"closed","template":"","meta":{"ocean_post_layout":"","ocean_both_sidebars_style":"","ocean_both_sidebars_content_width":0,"ocean_both_sidebars_sidebars_width":0,"ocean_sidebar":"0","ocean_second_sidebar":"0","ocean_disable_margins":"enable","ocean_add_body_class":"","ocean_shortcode_before_top_bar":"","ocean_shortcode_after_top_bar":"","ocean_shortcode_before_header":"","ocean_shortcode_after_header":"","ocean_has_shortcode":"","ocean_shortcode_after_title":"","ocean_shortcode_before_footer_widgets":"","ocean_shortcode_after_footer_widgets":"","ocean_shortcode_before_footer_bottom":"","ocean_shortcode_after_footer_bottom":"","ocean_display_top_bar":"default","ocean_display_header":"default","ocean_header_style":"","ocean_center_header_left_menu":"0","ocean_custom_header_template":"0","ocean_custom_logo":0,"ocean_custom_retina_logo":0,"ocean_custom_logo_max_width":0,"ocean_custom_logo_tablet_max_width":0,"ocean_custom_logo_mobile_max_width":0,"ocean_custom_logo_max_height":0,"ocean_custom_logo_tablet_max_height":0,"ocean_custom_logo_mobile_max_height":0,"ocean_header_custom_menu":"0","ocean_menu_typo_font_family":"0","ocean_menu_typo_font_subset":"","ocean_menu_typo_font_size":0,"ocean_menu_typo_font_size_tablet":0,"ocean_menu_typo_font_size_mobile":0,"ocean_menu_typo_font_size_unit":"px","ocean_menu_typo_font_weight":"","ocean_menu_typo_font_weight_tablet":"","ocean_menu_typo_font_weight_mobile":"","ocean_menu_typo_transform":"","ocean_menu_typo_transform_tablet":"","ocean_menu_typo_transform_mobile":"","ocean_menu_typo_line_height":0,"ocean_menu_typo_line_height_tablet":0,"ocean_menu_typo_line_height_mobile":0,"ocean_menu_typo_line_height_unit":"","ocean_menu_typo_spacing":0,"ocean_menu_typo_spacing_tablet":0,"ocean_menu_typo_spacing_mobile":0,"ocean_menu_typo_spacing_unit":"","ocean_menu_link_color":"","ocean_menu_link_color_hover":"","ocean_menu_link_color_active":"","ocean_menu_link_background":"","ocean_menu_link_hover_background":"","ocean_menu_link_active_background":"","ocean_menu_social_links_bg":"","ocean_menu_social_hover_links_bg":"","ocean_menu_social_links_color":"","ocean_menu_social_hover_links_color":"","ocean_disable_title":"default","ocean_disable_heading":"default","ocean_post_title":"","ocean_post_subheading":"","ocean_post_title_style":"","ocean_post_title_background_color":"","ocean_post_title_background":0,"ocean_post_title_bg_image_position":"","ocean_post_title_bg_image_attachment":"","ocean_post_title_bg_image_repeat":"","ocean_post_title_bg_image_size":"","ocean_post_title_height":0,"ocean_post_title_bg_overlay":0.5,"ocean_post_title_bg_overlay_color":"","ocean_disable_breadcrumbs":"default","ocean_breadcrumbs_color":"","ocean_breadcrumbs_separator_color":"","ocean_breadcrumbs_links_color":"","ocean_breadcrumbs_links_hover_color":"","ocean_display_footer_widgets":"default","ocean_display_footer_bottom":"default","ocean_custom_footer_template":"0"},"product_cat":[30],"product_tag":[91,85,93,90,92],"class_list":{"0":"post-798","1":"product","2":"type-product","3":"status-publish","4":"has-post-thumbnail","5":"hentry","6":"product_cat-densitometers","7":"product_tag-color","8":"product_tag-color-meter","9":"product_tag-densitometer","10":"product_tag-r710","11":"product_tag-reflection-densitometer","13":"entry","14":"has-media","15":"owp-thumbs-layout-horizontal","16":"owp-btn-normal","17":"owp-tabs-layout-horizontal","18":"has-no-thumbnails","19":"has-product-nav"},"_links":{"self":[{"href":"https:\/\/iharaus.com\/es\/wp-json\/wp\/v2\/product\/798","targetHints":{"allow":["GET"]}}],"collection":[{"href":"https:\/\/iharaus.com\/es\/wp-json\/wp\/v2\/product"}],"about":[{"href":"https:\/\/iharaus.com\/es\/wp-json\/wp\/v2\/types\/product"}],"replies":[{"embeddable":true,"href":"https:\/\/iharaus.com\/es\/wp-json\/wp\/v2\/comments?post=798"}],"wp:featuredmedia":[{"embeddable":true,"href":"https:\/\/iharaus.com\/es\/wp-json\/wp\/v2\/media\/1476"}],"wp:attachment":[{"href":"https:\/\/iharaus.com\/es\/wp-json\/wp\/v2\/media?parent=798"}],"wp:term":[{"taxonomy":"product_cat","embeddable":true,"href":"https:\/\/iharaus.com\/es\/wp-json\/wp\/v2\/product_cat?post=798"},{"taxonomy":"product_tag","embeddable":true,"href":"https:\/\/iharaus.com\/es\/wp-json\/wp\/v2\/product_tag?post=798"}],"curies":[{"name":"wp","href":"https:\/\/api.w.org\/{rel}","templated":true}]}}