{"id":799,"date":"2022-04-28T13:08:53","date_gmt":"2022-04-28T18:08:53","guid":{"rendered":"http:\/\/www.ihara-us.com\/wordpress\/?post_type=product&#038;p=799"},"modified":"2023-03-19T00:44:36","modified_gmt":"2023-03-19T05:44:36","slug":"r750","status":"publish","type":"product","link":"https:\/\/iharaus.com\/es\/producto\/r750\/","title":{"rendered":"Densit\u00f3metro de reflexi\u00f3n de color R750"},"content":{"rendered":"<h3>Densit\u00f3metros de reflexi\u00f3n de color<\/h3>\n<p>El densit\u00f3metro de reflexi\u00f3n de color modelo R750 utiliza la tecnolog\u00eda m\u00e1s avanzada para garantizar una gran precisi\u00f3n, entre instrumentos y repetibilidad. Este instrumento combina funcionalidad y una interfaz de usuario sencilla en un dise\u00f1o peque\u00f1o y ligero.<br \/>\nEl modelo R750 mide: Densidad, Diferencia de densidad, Semitono Dot%, Ganancia de punto, Contraste, An\u00e1lisis de tono, Medici\u00f3n de placa Dot%, Funci\u00f3n autom\u00e1tica, Trampa de tinta, Error de matiz, Gris, Saturaci\u00f3n, Cast y Brillo.<\/p>\n<p><strong>Caracter\u00edsticas:<\/strong><\/p>\n<ul>\n<li>Interfaz de usuario simple con indicaciones autoguiadas;<\/li>\n<li>La pantalla controlada por men\u00fas gu\u00eda al operador a trav\u00e9s de la calibraci\u00f3n, la configuraci\u00f3n y todas las funciones de medici\u00f3n;<\/li>\n<li>Extremadamente confiable y que requiere poco o ning\u00fan mantenimiento;<\/li>\n<li>Admite interfaz de usuario en varios idiomas (ingl\u00e9s, espa\u00f1ol, portugu\u00e9s, franc\u00e9s, sueco, italiano, alem\u00e1n y japon\u00e9s);<\/li>\n<li>Mantenimiento f\u00e1cil y de bajo costo;<\/li>\n<li>Fabricado en Jap\u00f3n, certificaci\u00f3n ISO 9001-2015.<\/li>\n<\/ul>\n<p><strong>Accesorios:<\/strong><\/p>\n<ul>\n<li>Manual de operaciones<\/li>\n<li>Est\u00e1ndar de calibraci\u00f3n<\/li>\n<li>Adaptador de CA de entrada multivoltaje<\/li>\n<li>Estuche de transporte<\/li>\n<\/ul>\n<p><strong>Garant\u00eda:\u00a0\u00a0<\/strong>garant\u00eda limitada de 24 meses<\/p>\n<p>&nbsp;<\/p>\n<h3 style=\"text-align: left;\">Documentaci\u00f3n<\/h3>\n<table border=\"0\" width=\"100%\" cellspacing=\"0\" cellpadding=\"0\">\n<tbody>\n<tr>\n<td><img loading=\"lazy\" decoding=\"async\" src=\"http:\/\/www.ihara-us.com\/images\/pdf icon.gif\" alt=\"Adobe Acrobat\" width=\"29\" height=\"29\" \/><\/td>\n<td><a href=\"https:\/\/iharaus.com\/wp-content\/uploads\/2023\/03\/Ihara-R750-Color-Reflection-Densitometer.pdf\">Folleto<\/a><\/td>\n<\/tr>\n<\/tbody>\n<\/table>\n<hr \/>\n<p>&nbsp;<\/p>\n<h3><\/h3>","protected":false},"excerpt":{"rendered":"<ul>\n<li><strong>Medici\u00f3n de geometr\u00eda<\/strong><\/li>\n<li>0 \u00b0 \/ 45 \u00b0 (ANSI PH2.17, ISO 5\/4, DIN 16536)<\/li>\n<li><strong>Estado de respuesta del filtro<\/strong><\/li>\n<li>Estado T, Estado E, Estado A<\/li>\n<li><strong>Repetibilidad<\/strong><\/li>\n<li>\u00b10.01D<\/li>\n<li><strong>Rango de medici\u00f3n<\/strong><\/li>\n<li>Densidad 0.00D \u2013 2.50D<\/li>\n<li><strong>Exactitud<\/strong><\/li>\n<li>\u00b10.02D<\/li>\n<li><strong>Fuente de luz<\/strong><\/li>\n<li>L\u00e1mpara hal\u00f3gena, aprox. 2856 \u00b0 K<\/li>\n<li><strong>Di\u00e1metro de apertura<\/strong><\/li>\n<li>3,0 mm (1,7 mm opcional)<\/li>\n<li><strong>Detector<\/strong><\/li>\n<li>Fotodiodo GaAsP<\/li>\n<li><strong>Mostrar<\/strong><\/li>\n<li>LCD gr\u00e1fico de 128 x 64 puntos<\/li>\n<li><strong>Fuente de alimentaci\u00f3n<\/strong><\/li>\n<li>Ni-Cad (4,8 V), 800 mAh<\/li>\n<li><strong>Tiempo de recarga<\/strong><\/li>\n<li>Aproximadamente 1,5 horas<\/li>\n<li><strong>Medidas por carga<\/strong><\/li>\n<li>Aproximadamente 4000 (pruebas internas)<\/li>\n<li><strong>Tiempo de calentamiento<\/strong><\/li>\n<li>Ninguno<\/li>\n<li><strong>Midiendo el tiempo<\/strong><\/li>\n<li>Aproximadamente 1 segundo<\/li>\n<li><strong>Temp. De funcionamiento Abarcar<\/strong><\/li>\n<li>41 \u00b0 F ~ 104 \u00b0 F (5 \u00b0 C ~ 40 \u00b0 C)<\/li>\n<li><strong>Filtro de polarizaci\u00f3n<\/strong><\/li>\n<li>(Opcional)<\/li>\n<li><strong>C\u00f3digo de usuario de seguridad<\/strong><\/li>\n<li>(Opcional)<\/li>\n<li><strong>Dimensiones<\/strong><\/li>\n<li>2 3\/4 &quot;de ancho x 2&quot; de alto x 8 1\/4 &quot;de largo (72 mm x 50 mm x 210 mm)<\/li>\n<li><strong>Peso<\/strong><\/li>\n<li>1,2 libras (con pilas) (530 g)<\/li>\n<li><strong>Salida de computadora<\/strong><\/li>\n<li>Interfaz serial configurable RS-232C<\/li>\n<\/ul>","protected":false},"featured_media":1170,"comment_status":"open","ping_status":"closed","template":"","meta":{"ocean_post_layout":"","ocean_both_sidebars_style":"","ocean_both_sidebars_content_width":0,"ocean_both_sidebars_sidebars_width":0,"ocean_sidebar":"0","ocean_second_sidebar":"0","ocean_disable_margins":"enable","ocean_add_body_class":"","ocean_shortcode_before_top_bar":"","ocean_shortcode_after_top_bar":"","ocean_shortcode_before_header":"","ocean_shortcode_after_header":"","ocean_has_shortcode":"","ocean_shortcode_after_title":"","ocean_shortcode_before_footer_widgets":"","ocean_shortcode_after_footer_widgets":"","ocean_shortcode_before_footer_bottom":"","ocean_shortcode_after_footer_bottom":"","ocean_display_top_bar":"default","ocean_display_header":"default","ocean_header_style":"","ocean_center_header_left_menu":"0","ocean_custom_header_template":"0","ocean_custom_logo":0,"ocean_custom_retina_logo":0,"ocean_custom_logo_max_width":0,"ocean_custom_logo_tablet_max_width":0,"ocean_custom_logo_mobile_max_width":0,"ocean_custom_logo_max_height":0,"ocean_custom_logo_tablet_max_height":0,"ocean_custom_logo_mobile_max_height":0,"ocean_header_custom_menu":"0","ocean_menu_typo_font_family":"0","ocean_menu_typo_font_subset":"","ocean_menu_typo_font_size":0,"ocean_menu_typo_font_size_tablet":0,"ocean_menu_typo_font_size_mobile":0,"ocean_menu_typo_font_size_unit":"px","ocean_menu_typo_font_weight":"","ocean_menu_typo_font_weight_tablet":"","ocean_menu_typo_font_weight_mobile":"","ocean_menu_typo_transform":"","ocean_menu_typo_transform_tablet":"","ocean_menu_typo_transform_mobile":"","ocean_menu_typo_line_height":0,"ocean_menu_typo_line_height_tablet":0,"ocean_menu_typo_line_height_mobile":0,"ocean_menu_typo_line_height_unit":"","ocean_menu_typo_spacing":0,"ocean_menu_typo_spacing_tablet":0,"ocean_menu_typo_spacing_mobile":0,"ocean_menu_typo_spacing_unit":"","ocean_menu_link_color":"","ocean_menu_link_color_hover":"","ocean_menu_link_color_active":"","ocean_menu_link_background":"","ocean_menu_link_hover_background":"","ocean_menu_link_active_background":"","ocean_menu_social_links_bg":"","ocean_menu_social_hover_links_bg":"","ocean_menu_social_links_color":"","ocean_menu_social_hover_links_color":"","ocean_disable_title":"default","ocean_disable_heading":"default","ocean_post_title":"","ocean_post_subheading":"","ocean_post_title_style":"","ocean_post_title_background_color":"","ocean_post_title_background":0,"ocean_post_title_bg_image_position":"","ocean_post_title_bg_image_attachment":"","ocean_post_title_bg_image_repeat":"","ocean_post_title_bg_image_size":"","ocean_post_title_height":0,"ocean_post_title_bg_overlay":0.5,"ocean_post_title_bg_overlay_color":"","ocean_disable_breadcrumbs":"default","ocean_breadcrumbs_color":"","ocean_breadcrumbs_separator_color":"","ocean_breadcrumbs_links_color":"","ocean_breadcrumbs_links_hover_color":"","ocean_display_footer_widgets":"default","ocean_display_footer_bottom":"default","ocean_custom_footer_template":"0"},"product_cat":[30],"product_tag":[],"class_list":{"0":"post-799","1":"product","2":"type-product","3":"status-publish","4":"has-post-thumbnail","5":"hentry","6":"product_cat-densitometers","8":"entry","9":"has-media","10":"owp-thumbs-layout-horizontal","11":"owp-btn-normal","12":"owp-tabs-layout-horizontal","13":"has-product-nav"},"_links":{"self":[{"href":"https:\/\/iharaus.com\/es\/wp-json\/wp\/v2\/product\/799","targetHints":{"allow":["GET"]}}],"collection":[{"href":"https:\/\/iharaus.com\/es\/wp-json\/wp\/v2\/product"}],"about":[{"href":"https:\/\/iharaus.com\/es\/wp-json\/wp\/v2\/types\/product"}],"replies":[{"embeddable":true,"href":"https:\/\/iharaus.com\/es\/wp-json\/wp\/v2\/comments?post=799"}],"wp:featuredmedia":[{"embeddable":true,"href":"https:\/\/iharaus.com\/es\/wp-json\/wp\/v2\/media\/1170"}],"wp:attachment":[{"href":"https:\/\/iharaus.com\/es\/wp-json\/wp\/v2\/media?parent=799"}],"wp:term":[{"taxonomy":"product_cat","embeddable":true,"href":"https:\/\/iharaus.com\/es\/wp-json\/wp\/v2\/product_cat?post=799"},{"taxonomy":"product_tag","embeddable":true,"href":"https:\/\/iharaus.com\/es\/wp-json\/wp\/v2\/product_tag?post=799"}],"curies":[{"name":"wp","href":"https:\/\/api.w.org\/{rel}","templated":true}]}}