{"id":869,"date":"2022-06-14T15:40:11","date_gmt":"2022-06-14T20:40:11","guid":{"rendered":"http:\/\/www.ihara-us.com\/wordpress\/?post_type=product&#038;p=869"},"modified":"2023-09-13T18:36:03","modified_gmt":"2023-09-13T23:36:03","slug":"s300-spectrophotometer","status":"publish","type":"product","link":"https:\/\/iharaus.com\/es\/producto\/s300-spectrophotometer\/","title":{"rendered":"Espectrofot\u00f3metro S300"},"content":{"rendered":"<div class=\"w-full border-b border-black\/10 dark:border-gray-900\/50 text-gray-800 dark:text-gray-100 group bg-gray-50 dark:bg-[#444654]\">\n<div class=\"text-base gap-4 md:gap-6 m-auto md:max-w-2xl lg:max-w-2xl xl:max-w-3xl p-4 md:py-6 flex lg:px-0\">\n<div class=\"relative flex w-[calc(100%-50px)] flex-col gap-1 md:gap-3 lg:w-[calc(100%-115px)]\">\n<div class=\"flex flex-grow flex-col gap-3\">\n<div class=\"min-h-[20px] flex flex-col items-start gap-4 whitespace-pre-wrap\">\n<div class=\"markdown prose w-full break-words dark:prose-invert light\">El espectrofot\u00f3metro port\u00e1til Ihara S300 es un dispositivo compacto, liviano y vers\u00e1til dise\u00f1ado para la medici\u00f3n del color en diversas industrias. Con su facilidad de uso y alta precisi\u00f3n, es perfecto para el an\u00e1lisis de color y el control de calidad sobre la marcha.<\/div>\n<div><\/div>\n<\/div>\n<\/div>\n<\/div>\n<\/div>\n<\/div>\n<div class=\"w-full border-b border-black\/10 dark:border-gray-900\/50 text-gray-800 dark:text-gray-100 group bg-gray-50 dark:bg-[#444654]\">\n<div class=\"text-base gap-4 md:gap-6 m-auto md:max-w-2xl lg:max-w-2xl xl:max-w-3xl p-4 md:py-6 flex lg:px-0\">\n<div class=\"relative flex w-[calc(100%-50px)] flex-col gap-1 md:gap-3 lg:w-[calc(100%-115px)]\">\n<div class=\"flex flex-grow flex-col gap-3\">\n<div class=\"min-h-[20px] flex flex-col items-start gap-4 whitespace-pre-wrap\">\n<div class=\"markdown prose w-full break-words dark:prose-invert light\">\n<h5><\/h5>\n<h5>Caracter\u00edsticas clave:<\/h5>\n<ul>\n<li>Alta exactitud y precisi\u00f3n<\/li>\n<li>Amplio rango de medici\u00f3n<\/li>\n<li>Interfaz amigable<\/li>\n<li>Dise\u00f1o ligero y compacto<\/li>\n<li>Funciona con pilas para una portabilidad completa<\/li>\n<\/ul>\n<h5><\/h5>\n<h5>Aplicaciones:<\/h5>\n<ul>\n<li>Coincidencia de colores en la producci\u00f3n de pinturas y tintas<\/li>\n<li>An\u00e1lisis de alimentos y bebidas.<\/li>\n<li>Pruebas ambientales<\/li>\n<li>An\u00e1lisis de productos cosm\u00e9ticos y de cuidado personal.<\/li>\n<\/ul>\n<h5><\/h5>\n<h5>Especificaciones t\u00e9cnicas:<\/h5>\n<ul>\n<li>Rango de medici\u00f3n: 400nm a 700nm<\/li>\n<li>Resoluci\u00f3n espectral: intervalos de 5nm<\/li>\n<li>Repetibilidad: \u0394E*ab&lt;0.05<\/li>\n<li>Garant\u00eda limitada de 24 meses<\/li>\n<\/ul>\n<h5><\/h5>\n<h5>Beneficios para el usuario:<\/h5>\n<ul>\n<li>Eficiencia mejorada en comparaci\u00f3n con los espectrofot\u00f3metros de laboratorio tradicionales<\/li>\n<li>Mayor exactitud y precisi\u00f3n<\/li>\n<li>Mayor comodidad y movilidad<\/li>\n<li>Control de calidad de color mejorado<\/li>\n<\/ul>\n<p>&nbsp;<\/p>\n<p>Para obtener m\u00e1s informaci\u00f3n sobre el espectrofot\u00f3metro port\u00e1til modelo S300 o para realizar un pedido, visite nuestro sitio web www.ihara.com, env\u00edenos un correo electr\u00f3nico a sales@ihara-us.com o ll\u00e1menos al +1 (661) 257-5772.<\/p>\n<p>Estamos seguros de que nuestro espectrofot\u00f3metro port\u00e1til modelo S300 ayudar\u00e1 a mejorar su proceso de an\u00e1lisis de color. \u00a1Pru\u00e9belo hoy y vea la diferencia por s\u00ed mismo!<\/p>\n<\/div>\n<\/div>\n<\/div>\n<\/div>\n<\/div>\n<\/div>\n<div align=\"center\">\n<div class=\"relatedLinks\">\n<h3 style=\"text-align: left;\">Documentaci\u00f3n<\/h3>\n<table border=\"0\" width=\"100%\" cellspacing=\"0\" cellpadding=\"0\">\n<tbody>\n<tr>\n<td><img loading=\"lazy\" decoding=\"async\" src=\"http:\/\/www.ihara-us.com\/images\/pdf icon.gif\" alt=\"Adobe Acrobat\" width=\"29\" height=\"29\" \/><\/td>\n<td><a href=\"http:\/\/www.ihara-us.com\/pdf\/Ihara%20S300%20Spectrophotometer%20Product%20Brochure.pdf\">Folleto<\/a><\/td>\n<\/tr>\n<tr>\n<td><\/td>\n<td><\/td>\n<\/tr>\n<\/tbody>\n<\/table>\n<\/div>\n<\/div>\n<p>&nbsp;<\/p>\n<h3><em>\u00bfPor qu\u00e9 utilizar un espectrofot\u00f3metro?<\/em><\/h3>\n<p>Hay numerosos beneficios de usar nuestro espectrofot\u00f3metro S300 para controlar el color durante la producci\u00f3n:<\/p>\n<ol>\n<li>Medici\u00f3n de color precisa: los espectrofot\u00f3metros proporcionan mediciones de color precisas y uniformes, lo que garantiza que el color de los productos permanezca dentro de tolerancias estrictas durante la fabricaci\u00f3n. Esto ayuda a mantener la calidad del producto y la consistencia de la marca.<\/li>\n<li>Coincidencia de color mejorada: los espectrofot\u00f3metros pueden analizar el color de una muestra y proporcionar datos para una coincidencia de color precisa. Esto es especialmente \u00fatil en industrias en las que la consistencia del color es fundamental, como la textil, la automotriz, la cosm\u00e9tica y la imprenta.<\/li>\n<li>Ahorro de tiempo y costos: al usar un espectrofot\u00f3metro, los fabricantes pueden evaluar r\u00e1pidamente la calidad del color sin la necesidad de realizar inspecciones manuales del color que consumen mucho tiempo y son costosas. Esto agiliza el proceso de producci\u00f3n y reduce el potencial de defectos y rechazos relacionados con el color.<\/li>\n<li>Control de calidad mejorado: con un espectrofot\u00f3metro, los fabricantes pueden establecer s\u00f3lidos protocolos de control de calidad, asegurando que cada lote o producto cumpla con las especificaciones de color deseadas antes de llegar al mercado.<\/li>\n<li>Apariencia uniforme del producto: los espectrofot\u00f3metros ayudan a mantener una apariencia uniforme del producto, lo que reduce las variaciones entre diferentes ciclos de producci\u00f3n. Esta consistencia es vital para mantener la satisfacci\u00f3n del cliente y la reputaci\u00f3n de la marca.<\/li>\n<li>Evaluaci\u00f3n objetiva del color: los espectrofot\u00f3metros proporcionan datos objetivos del color, eliminando la subjetividad humana de la evaluaci\u00f3n del color. Esto reduce el riesgo de errores causados por las percepciones individuales del color.<\/li>\n<li>Amplio rango de aplicaci\u00f3n: los espectrofot\u00f3metros pueden analizar varios materiales y superficies, incluidos l\u00edquidos, polvos, pl\u00e1sticos, textiles y pinturas. Son herramientas vers\u00e1tiles adecuadas para una amplia gama de industrias manufactureras.<\/li>\n<li>Cumplimiento de los est\u00e1ndares de la industria: muchas industrias tienen est\u00e1ndares de color espec\u00edficos que los productos deben cumplir. Los espectrofot\u00f3metros permiten a los fabricantes cumplir con estos est\u00e1ndares y regulaciones, evitando posibles problemas legales y de cumplimiento.<\/li>\n<li>Supervisi\u00f3n del color en tiempo real: los espectrofot\u00f3metros se pueden integrar en los procesos de fabricaci\u00f3n para la supervisi\u00f3n del color en tiempo real. Esto permite ajustes inmediatos a los par\u00e1metros de producci\u00f3n si se detectan desviaciones de color, minimizando el desperdicio y asegurando la consistencia del color a lo largo de la producci\u00f3n.<\/li>\n<li>Trazabilidad de datos: los espectrofot\u00f3metros modernos a menudo vienen equipados con sistemas de gesti\u00f3n de datos, lo que permite a los fabricantes almacenar y realizar un seguimiento de los datos de color a lo largo del tiempo. Esta trazabilidad de datos ayuda a identificar tendencias, mejorar procesos y resolver problemas relacionados con el color de manera proactiva.<\/li>\n<\/ol>\n<p>Al aprovechar los beneficios de la espectrofotometr\u00eda, los fabricantes pueden mejorar la calidad del producto, aumentar la eficiencia, reducir los costos y, en \u00faltima instancia, mejorar la satisfacci\u00f3n y la lealtad del cliente.<\/p>","protected":false},"excerpt":{"rendered":"<ul>\n<li><strong>Geometr\u00eda<\/strong><\/li>\n<li>Iluminaci\u00f3n anular de 45\u00b0\/0\u00b0<\/li>\n<li><strong>Di\u00e1metro de apertura<\/strong><\/li>\n<li>\u03c63,0 mm o \u03c610,0 mm<\/li>\n<li><strong>Rango espectral<\/strong><\/li>\n<li>400nm-700nm con intervalo espectral de 5nm<\/li>\n<li><strong>Fuente de luz<\/strong><\/li>\n<li>CONDUJO<\/li>\n<li><b>Rango de medicion<\/b><\/li>\n<li>0-200% reflectancia<\/li>\n<li><strong>Norma relacionada<\/strong><\/li>\n<li>JIS Z 8722, ISO 7724, DIN 5033\uff655036\uff656174, ASTM D 2244\uff65E 308\uff65E 1164, JIS K 7654, ISO 5\/4, ANSI PH 2.17, DIN 16536<\/li>\n<li><strong>Tipos de iluminantes (JIS_Z8720)<\/strong><\/li>\n<li>A, C, D50, D65, F2, F6, F7, F8, F10, F11, F12<\/li>\n<li><strong>Observadores est\u00e1ndar:<\/strong><\/li>\n<li>2\u00b0, 10\u00b0<\/li>\n<li><strong>Respuesta del filtro<\/strong><\/li>\n<li>ISO: Estado T, E, A, I, DIN (Ancho, Estrecho)<\/li>\n<li><strong>Funciones de medici\u00f3n Valores de color<\/strong><\/li>\n<li>XYZ, Yxy, L*a*b*, L*C*h*, L*u*v*, Hunter Lab, Blancura (CIE, Tw, E313), YI (D1925, E313), Gr\u00e1fico espectral<\/li>\n<li>Densidad, pasa\/falla, sRGB, \u0394XYZ, \u0394Yxy, \u0394L*a*b*, \u0394L*C*H*, \u0394L*u*v*, \u0394Hunter Lab, \u0394WI (CIE Tw, E313), \u0394Yi(D1925, E313) , \u0394Densidad<\/li>\n<li><strong>diferencia de color<\/strong><\/li>\n<li>\u0394E*ab, \u0394Ecmc, \u0394E*94, \u0394E*uv, \u0394E Hunter Lab, \u0394EFMC-2, \u0394E00, \u0394E*99, \u0394CMYK<\/li>\n<li><strong>Factor M (ISO-13655)<\/strong><\/li>\n<li>M0, M1, M2<\/li>\n<li><strong>Funciones densitom\u00e9tricas<\/strong><\/li>\n<li>Densidad CMYK, Diferencia de densidad, \u00c1rea de punto, Ganancia de punto, Trampa de tinta<\/li>\n<li><strong>Repetibilidad<\/strong><\/li>\n<li>Colorim\u00e9trico: dentro de \u0394E* \u2264 0,05 (\u03c610,0 mm)<\/li>\n<li><strong>Acuerdo entre instrumentos<\/strong><\/li>\n<li>Dentro de \u0394E* 0.3 (Promedio de 12 BCRA Serie II)<\/li>\n<li><strong>Estabilidad<\/strong><\/li>\n<li>Dentro de \u0394E* 0.25<\/li>\n<li><strong>Interfaz de usuario (Idioma)<\/strong><\/li>\n<li>ingl\u00e9s, espa\u00f1ol, franc\u00e9s<\/li>\n<li><strong>Tiempo de recarga<\/strong><\/li>\n<li>Aproximadamente 3 horas<\/li>\n<li><strong>Medidas por carga<\/strong><\/li>\n<li>Aproximadamente 1.500<\/li>\n<li><strong>Midiendo el tiempo<\/strong><\/li>\n<li>Aproximadamente 1 segundo<\/li>\n<li><strong>Temp. De funcionamiento Abarcar<\/strong><\/li>\n<li>41 \u00b0 F ~ 104 \u00b0 F (5 \u00b0 C ~ 40 \u00b0 C)<\/li>\n<li><strong>Almacenamiento de datos<\/strong><\/li>\n<li>400 datos<\/li>\n<li><strong>Colores de referencia<\/strong><\/li>\n<li>40 Datos (entrada de tecla directa o de datos almacenados)<\/li>\n<li>Puerto de comunicaci\u00f3n<\/li>\n<li>USB, RS232C<\/li>\n<li><strong>Dimensiones<\/strong><\/li>\n<li>204 mm (largo) x 80 mm (profundidad) x 80 mm (alto)<\/li>\n<li><strong>Peso<\/strong><\/li>\n<li>Aproximadamente 650 g (incluida la bater\u00eda)<\/li>\n<li><strong>accesorios estandar<\/strong><\/li>\n<li>Referencia de calibraci\u00f3n, tapa cero, adaptador de CA, manual en CD (incluido el software de comunicaci\u00f3n de datos para PC), cable USB y estuche de transporte.<\/li>\n<li><strong>Informaci\u00f3n<\/strong><\/li>\n<li>24 meses<\/li>\n<\/ul>","protected":false},"featured_media":1085,"comment_status":"open","ping_status":"closed","template":"","meta":{"ocean_post_layout":"","ocean_both_sidebars_style":"","ocean_both_sidebars_content_width":0,"ocean_both_sidebars_sidebars_width":0,"ocean_sidebar":"0","ocean_second_sidebar":"0","ocean_disable_margins":"enable","ocean_add_body_class":"","ocean_shortcode_before_top_bar":"","ocean_shortcode_after_top_bar":"","ocean_shortcode_before_header":"","ocean_shortcode_after_header":"","ocean_has_shortcode":"","ocean_shortcode_after_title":"","ocean_shortcode_before_footer_widgets":"","ocean_shortcode_after_footer_widgets":"","ocean_shortcode_before_footer_bottom":"","ocean_shortcode_after_footer_bottom":"","ocean_display_top_bar":"default","ocean_display_header":"default","ocean_header_style":"","ocean_center_header_left_menu":"0","ocean_custom_header_template":"0","ocean_custom_logo":0,"ocean_custom_retina_logo":0,"ocean_custom_logo_max_width":0,"ocean_custom_logo_tablet_max_width":0,"ocean_custom_logo_mobile_max_width":0,"ocean_custom_logo_max_height":0,"ocean_custom_logo_tablet_max_height":0,"ocean_custom_logo_mobile_max_height":0,"ocean_header_custom_menu":"0","ocean_menu_typo_font_family":"0","ocean_menu_typo_font_subset":"","ocean_menu_typo_font_size":0,"ocean_menu_typo_font_size_tablet":0,"ocean_menu_typo_font_size_mobile":0,"ocean_menu_typo_font_size_unit":"px","ocean_menu_typo_font_weight":"","ocean_menu_typo_font_weight_tablet":"","ocean_menu_typo_font_weight_mobile":"","ocean_menu_typo_transform":"","ocean_menu_typo_transform_tablet":"","ocean_menu_typo_transform_mobile":"","ocean_menu_typo_line_height":0,"ocean_menu_typo_line_height_tablet":0,"ocean_menu_typo_line_height_mobile":0,"ocean_menu_typo_line_height_unit":"","ocean_menu_typo_spacing":0,"ocean_menu_typo_spacing_tablet":0,"ocean_menu_typo_spacing_mobile":0,"ocean_menu_typo_spacing_unit":"","ocean_menu_link_color":"","ocean_menu_link_color_hover":"","ocean_menu_link_color_active":"","ocean_menu_link_background":"","ocean_menu_link_hover_background":"","ocean_menu_link_active_background":"","ocean_menu_social_links_bg":"","ocean_menu_social_hover_links_bg":"","ocean_menu_social_links_color":"","ocean_menu_social_hover_links_color":"","ocean_disable_title":"default","ocean_disable_heading":"default","ocean_post_title":"","ocean_post_subheading":"","ocean_post_title_style":"","ocean_post_title_background_color":"","ocean_post_title_background":0,"ocean_post_title_bg_image_position":"","ocean_post_title_bg_image_attachment":"","ocean_post_title_bg_image_repeat":"","ocean_post_title_bg_image_size":"","ocean_post_title_height":0,"ocean_post_title_bg_overlay":0.5,"ocean_post_title_bg_overlay_color":"","ocean_disable_breadcrumbs":"default","ocean_breadcrumbs_color":"","ocean_breadcrumbs_separator_color":"","ocean_breadcrumbs_links_color":"","ocean_breadcrumbs_links_hover_color":"","ocean_display_footer_widgets":"default","ocean_display_footer_bottom":"default","ocean_custom_footer_template":"0"},"product_cat":[39],"product_tag":[85,84,86,81],"class_list":{"0":"post-869","1":"product","2":"type-product","3":"status-publish","4":"has-post-thumbnail","5":"hentry","6":"product_cat-spectrophotometers","7":"product_tag-color-meter","8":"product_tag-s300","9":"product_tag-spectral-meter","10":"product_tag-spectrophotometer","12":"entry","13":"has-media","14":"owp-thumbs-layout-horizontal","15":"owp-btn-normal","16":"owp-tabs-layout-horizontal","17":"has-product-nav"},"_links":{"self":[{"href":"https:\/\/iharaus.com\/es\/wp-json\/wp\/v2\/product\/869","targetHints":{"allow":["GET"]}}],"collection":[{"href":"https:\/\/iharaus.com\/es\/wp-json\/wp\/v2\/product"}],"about":[{"href":"https:\/\/iharaus.com\/es\/wp-json\/wp\/v2\/types\/product"}],"replies":[{"embeddable":true,"href":"https:\/\/iharaus.com\/es\/wp-json\/wp\/v2\/comments?post=869"}],"wp:featuredmedia":[{"embeddable":true,"href":"https:\/\/iharaus.com\/es\/wp-json\/wp\/v2\/media\/1085"}],"wp:attachment":[{"href":"https:\/\/iharaus.com\/es\/wp-json\/wp\/v2\/media?parent=869"}],"wp:term":[{"taxonomy":"product_cat","embeddable":true,"href":"https:\/\/iharaus.com\/es\/wp-json\/wp\/v2\/product_cat?post=869"},{"taxonomy":"product_tag","embeddable":true,"href":"https:\/\/iharaus.com\/es\/wp-json\/wp\/v2\/product_tag?post=869"}],"curies":[{"name":"wp","href":"https:\/\/api.w.org\/{rel}","templated":true}]}}